{"id":4312,"date":"2026-02-19T19:44:30","date_gmt":"2026-02-19T17:44:30","guid":{"rendered":"https:\/\/veselibasskola.lv\/?post_type=product&#038;p=4312"},"modified":"2026-02-19T19:44:35","modified_gmt":"2026-02-19T17:44:35","slug":"papaya-mint-70-tabl","status":"publish","type":"product","link":"https:\/\/veselibasskola.lv\/ru\/p\/papaya-mint-70-tabl\/","title":{"rendered":"Papaya Mint (70 tabl.)"},"content":{"rendered":"\n<div>\n<div>\n<p><strong><span>PAPAYA MINT<\/span><\/strong><\/p>\n<p>UZTURA BAG\u0100TIN\u0100T\u0100JS<\/p>\n<hr\/>\n<p>Papaya Mint ir produkts, kas rad\u012bts ar domu par efekt\u012bvu gremo\u0161anu. Dienas porcija satur 1920 mg papaijas aug\u013cu, kas ir vien\u012bgais zin\u0101mais papa\u012bna avots. Papaija ir visp\u0101rzin\u0101ms \u012bst\u0101 melo\u0146koka (Carica papaya) nosaukums.<\/p>\n<p>Katras tabletes sast\u0101vu papildina piparm\u0113tra divos veidos: lapu pulveris un e\u013c\u013ca. <br \/>Piparm\u0113tra (Mentha x piperita) \u012bpa\u0161i ietekm\u0113 gremo\u0161anas traktu, k\u0101 ar\u012b:<\/br><\/p>\n<p>\u2022 veicina gremo\u0161anu un labv\u0113l\u012bgi ietekm\u0113 zarnu vesel\u012bbu;<br \/>\u2022 veicina gremo\u0161anu un labv\u0113l\u012bgi ietekm\u0113 zarnu vesel\u012bbu;<br \/>\u2022 atbalsta imunit\u0101ti;<br \/>\u2022 pal\u012bdz pie v\u0113dera uzp\u016b\u0161an\u0101s un v\u0113dera krampjiem;<br \/>\u2022 pal\u012bdz pie gremo\u0161anas trauc\u0113jumiem;<br \/>\u2022 pal\u012bdz atsl\u0101bin\u0101ties un veicina vesel\u012bgu miegu;<br \/>\u2022 iedarbojas nomierino\u0161i uz mutes dobumu un r\u012bkli \u2014 mazina k\u0146ud\u0113\u0161anas saj\u016btu r\u012bkl\u0113 un balsen\u0113.\u00a0<\/br><\/br><\/br><\/p>\n<hr\/>\n<p><strong>Sast\u0101vda\u013cas:<br \/><\/strong>saldin\u0101t\u0101js (sorb\u012bti), papaijas (\u012bsta melo\u0146koka) aug\u013cu koncentr\u0101ta pulveris (Carica papaya), fruktoze, pretsalipes viela (tauksk\u0101bes), piparm\u0113tras lapu pulveris (Mentha x piperita), pretsalipes viela (sil\u012bcija dioks\u012bds), piparm\u0113tras virszemes da\u013cu e\u013c\u013ca (Mentha x piperita).<\/p>\n<hr\/>\n<p><strong>SVAR\u012aGAS SAST\u0100VDA\u013bAS:<\/strong><\/p>\n<table>\n<tbody>\n<tr>\n<td>\n<p><strong>Akt\u012bv\u0101s sast\u0101vda\u013cas:<\/strong><\/p>\n<\/td>\n<td>\n<p><strong>Dienas porcij\u0101 (se\u0161as tabletes)<\/strong><\/p>\n<\/td>\n<\/tr>\n<tr>\n<td>\n<p>Papaijas aug\u013ci (Carica papaya)<\/p>\n<\/td>\n<td>\n<p> 1980 mg<\/p>\n<\/td>\n<\/tr>\n<tr>\n<td>\n<p>Piparm\u0113tras lapas<br \/>(Mentha x piperita)<\/p>\n<\/td>\n<td>\n<p>120 mg<\/p>\n<\/td>\n<\/tr>\n<tr>\n<td>\n<p>Piparm\u0113tras virszemes da\u013cu e\u013c\u013ca<br \/>(Mentha x piperita)<\/p>\n<\/td>\n<td>\n<p> 45 mg<\/p>\n<\/td>\n<\/tr>\n<\/tbody>\n<\/table>\n<hr\/>\n<p><strong>Ieteicam\u0101 porcija pat\u0113ri\u0146am dienas laik\u0101:<\/strong><\/p>\n<p>sako\u0161\u013c\u0101t divas tabletes tr\u012bs reizes dien\u0101.<\/p>\n<p>Nedr\u012bkst p\u0101rsniegt rekomend\u0113tas dienas dozi!<\/p>\n<hr\/>\n<p><span>NATURE&#8217;S SUNSHINE MUDINA VESEL\u012aGAM DZ\u012aVESVEIDAM.<br \/>Di\u0113tas bag\u0101tin\u0101t\u0101ji nevar b\u016bt lietoti k\u0101 diferenc\u0113tas di\u0113tas aizst\u0101j\u0113ji. Balans\u0113ta di\u0113ta un vesel\u012bgs dz\u012bvesveids ir organisma pareizas funkcion\u0113\u0161anas pamats.<\/span><\/p>\n<div><\/div>\n<\/p><\/div>\n<\/p><\/div>\n","protected":false},"excerpt":{"rendered":"<p>Papaya Mint ir produkts, kas rad\u012bts ar domu par efekt\u012bvu gremo\u0161anu. Dienas porcija satur 1920 mg papaijas aug\u013cu, kas ir vien\u012bgais zin\u0101mais papa\u012bna avots. Papaija ir visp\u0101rzin\u0101ms \u012bst\u0101 melo\u0146koka (Carica papaya) nosaukums.<\/p>\n","protected":false},"featured_media":2903,"comment_status":"open","ping_status":"closed","template":"","meta":{"_kad_blocks_custom_css":"","_kad_blocks_head_custom_js":"","_kad_blocks_body_custom_js":"","_kad_blocks_footer_custom_js":"","_kadence_starter_templates_imported_post":false,"_swpsp_post_exclude":false,"_kad_post_transparent":"","_kad_post_title":"","_kad_post_layout":"","_kad_post_sidebar_id":"","_kad_post_content_style":"","_kad_post_vertical_padding":"","_kad_post_feature":"","_kad_post_feature_position":"","_kad_post_header":false,"_kad_post_footer":false,"_kad_post_classname":""},"product_brand":[],"product_cat":[36,49,39],"product_tag":[],"class_list":{"0":"post-4312","1":"product","2":"type-product","3":"status-publish","4":"has-post-thumbnail","6":"product_cat-dietiskas-piedevas","7":"product_cat-elposanas-sistema","8":"product_cat-gremosanas-sistema","10":"first","11":"instock","12":"sale","13":"taxable","14":"shipping-taxable","15":"purchasable","16":"product-type-simple","17":"entry","18":"content-bg","19":"loop-entry"},"taxonomy_info":{"product_cat":[{"value":36,"label":"Di\u0113tisk\u0101s piedevas"},{"value":49,"label":"Elpo\u0161anas sist\u0113ma"},{"value":39,"label":"Gremo\u0161anas sist\u0113ma"}]},"featured_image_src_large":["https:\/\/veselibasskola.lv\/wp-content\/uploads\/2023\/12\/2fff8f63107698fb59d0d6f253df7266-1024x1024.png",1024,1024,true],"author_info":[],"comment_info":0,"_links":{"self":[{"href":"https:\/\/veselibasskola.lv\/ru\/wp-json\/wp\/v2\/product\/4312","targetHints":{"allow":["GET"]}}],"collection":[{"href":"https:\/\/veselibasskola.lv\/ru\/wp-json\/wp\/v2\/product"}],"about":[{"href":"https:\/\/veselibasskola.lv\/ru\/wp-json\/wp\/v2\/types\/product"}],"replies":[{"embeddable":true,"href":"https:\/\/veselibasskola.lv\/ru\/wp-json\/wp\/v2\/comments?post=4312"}],"wp:featuredmedia":[{"embeddable":true,"href":"https:\/\/veselibasskola.lv\/ru\/wp-json\/wp\/v2\/media\/2903"}],"wp:attachment":[{"href":"https:\/\/veselibasskola.lv\/ru\/wp-json\/wp\/v2\/media?parent=4312"}],"wp:term":[{"taxonomy":"product_brand","embeddable":true,"href":"https:\/\/veselibasskola.lv\/ru\/wp-json\/wp\/v2\/product_brand?post=4312"},{"taxonomy":"product_cat","embeddable":true,"href":"https:\/\/veselibasskola.lv\/ru\/wp-json\/wp\/v2\/product_cat?post=4312"},{"taxonomy":"product_tag","embeddable":true,"href":"https:\/\/veselibasskola.lv\/ru\/wp-json\/wp\/v2\/product_tag?post=4312"}],"curies":[{"name":"wp","href":"https:\/\/api.w.org\/{rel}","templated":true}]}}