{"id":4313,"date":"2026-02-19T19:44:30","date_gmt":"2026-02-19T17:44:30","guid":{"rendered":"https:\/\/veselibasskola.lv\/?post_type=product&#038;p=4313"},"modified":"2026-02-19T19:44:35","modified_gmt":"2026-02-19T17:44:35","slug":"attirosais-un-matesanas-sejas-toniks-125-ml","status":"publish","type":"product","link":"https:\/\/veselibasskola.lv\/ru\/p\/attirosais-un-matesanas-sejas-toniks-125-ml\/","title":{"rendered":"Attiro\u0161ais Un Mat\u0113\u0161anas Sejas Toniks (125 ml)"},"content":{"rendered":"\n<div>\n<div>\n<p><span><span><strong>Atsvaidzino\u0161s un attiro\u0161ais toniks<\/strong><\/span><\/span><\/p>\n<p><span><span><strong>\u00a0<\/strong><\/span><\/span><\/p>\n<p><span><span><strong>\u00a0<\/strong><\/span><\/span><\/p>\n<p><span><span>Gai\u0161s toniks maigi att\u012bra \u0101du no net\u012brumiem, nomierina un atsvaidzina. No\u0146em kosm\u0113tikas atlikumu. Formula c\u012bn\u0101s ar p\u0101rm\u0113r\u012bgu sebumas sekr\u0113ciju un \u0101tri mat\u0113 seju. Aizsarg\u0101 no apk\u0101rt\u0113j\u0101s vides kait\u012bg\u0101s ietekmes un stiprina dabisko aizsardz\u012bbu pret oksidat\u012bvo stresu, palielinot \u0101das detoksik\u0101cijas sp\u0113ju.<\/span><span>\u00a0<\/span><\/span><span>Jums nekad nav bijusi t\u0101da svaiguma, mitruma un t\u012br\u012bbas saj\u016bta.<\/span><\/p>\n<p><span>\u00a0<\/span><\/p>\n<p><span>Atst\u0101j \u0101du svaigu, bez viskozit\u0101tes saj\u016btas nek\u0101 p\u0113c \u0161\u0101 tonika lieto\u0161anas.<\/span><\/p>\n<p><span><span>\u00a0<\/span><\/span><\/p>\n<p><span><span>Iedarb\u012bba:<\/span><\/span><\/p>\n<ul>\n<li><span><span>nomierino\u0161ais<\/span><\/span><\/li>\n<li><span><span>mat\u0113\u0161anas<\/span><\/span><\/li>\n<li><span><span>attiro\u0161ais<\/span><\/span><\/li>\n<li><span><span>toniz\u0113jo\u0161ais<\/span><\/span><\/li>\n<li><span><span>mitrino\u0161ais<\/span><\/span><\/li>\n<\/ul>\n<p><span><span>\u00a0<\/span><\/span><\/p>\n<p><span><span>Galven\u0101s akt\u012bv\u0101s sast\u0101vda\u013cas:<\/span><\/span><\/p>\n<p><span><span><strong>Rhodophyta s\u0101rta\u013c\u0123u ekstrakts<\/strong><\/span><\/span><\/p>\n<p><span><span>Samazina oksid\u0113t\u0101 skval\u0113na daudzumu uz \u0101das virsm\u0101m, uzlabojot antioksidantu aizsardz\u012bbu. samazina izdal\u012bt\u0101 sebuma daudzumu, vienlaikus stimul\u0113jot \u0101das \u0161\u016bnu lip\u012bdu veido\u0161anos. Aizsarg\u0101 \u0101du no pies\u0101r\u0146ojumiem, atjauno t\u0101s aizsargfunkcijas.<\/span><\/span><\/p>\n<p><span><span><strong>Planktona ekstrakts \u2014 eksopolisahar\u012bdi, ko ra\u017eo j\u016bras planktons.<\/strong><\/span><\/span><\/p>\n<p><span><span>Sp\u0113j absorb\u0113t un saglab\u0101t lielu sebumas daudzumu, garant\u0113jot mat\u0113\u0161anas efektu p\u0113c vienas stundas p\u0113c lieto\u0161anas. Svar\u012bgi, ka sast\u0101vda\u013ca mat\u0113, bet ne\u017e\u016bst \u0101du.<\/span><\/span><\/p>\n<p><span><span><strong>Alvejas g\u0113ls<\/strong><\/span><\/span><\/p>\n<p><span><span>Nomierino\u0161as, mitrino\u0161as un antioksidanta \u012bpa\u0161\u012bbas.<\/span><\/span><\/p>\n<p><span><span><strong>Vird\u017e\u012bnijas burvjulazdas hidrol\u0101ts (Hamamelis)<\/strong><\/span><\/span><\/p>\n<p><span><span>T\u012br\u012b\u0161anas \u012bpa\u0161\u012bbas, toniz\u0113 \u0101du, nomierina un mitrina.<\/span><\/span><\/p>\n<p><span><span><strong>Augu glicer\u012bns<\/strong><\/span><\/span><\/p>\n<p><span><span>Veido mitru aizsargsl\u0101ni uz epidermas virsmas, baro \u0101du un nov\u0113r\u0161 mitruma zudumu. Atjauno elast\u012bbu, maigumu un gludumu.<\/span><\/span><\/p>\n<p><span><span>\u00a0<\/span><\/span><\/p>\n<p><span><span>Priek\u0161roc\u012bbas: bez parab\u0113niem, paraf\u012bnu, formaldeh\u012bda, silikoniem.<\/span><\/span><\/p>\n<p><span><span>\u00a0<\/span><\/span><\/p>\n<p><span><span>Lieto\u0161ana: samitriniet t\u012bru kosm\u0113tikas spilventi\u0146u ar toniku un noslaukiet visu seju, izvairoties\u00a0<\/span><\/span><span>no acu zonas. Toniks pal\u012bdz\u0113s viegli no\u0146emt grim\u0113\u0161anas atlikumu.<\/span><\/p>\n<p><span><span>\u00a0<\/span><\/span><\/p>\n<p><span><span>Efekts: starojo\u0161a \u0101da, att\u012br\u012btas poras, vesel\u012bga kr\u0101sa, bez\u00a0<\/span><\/span><span>aps\u0101rtuma un kairin\u0101juma. Tagad j\u016bs varat uzkl\u0101t kr\u0113mu.<\/span><\/p>\n<hr\/>\n<p><span>Ingredients: aqua, glycerin, aloe barbadensis leaf juice, jojoba wax PEG-120 esters, phenoxyethanol, PPG-26-buteth-26, PEG-40 hydrogenated castor oil, caprylyl glycol, ethylhexylglycerin, hexylene glycol, parfum, hamamelis virginiana leaf water, disodium EDTA, lactic acid, butylene glycol, sodium hydroxide, plankton extract, phenethyl alcohol, potassium sorbate, sodium benzoate, citric acid, hydrolyzed hodophyceae extract.<\/span><\/p>\n<div><span>\u00a0<\/span><\/div>\n<div>\u00a0<\/div>\n<div><\/div>\n<\/p><\/div>\n<\/p><\/div>\n","protected":false},"excerpt":{"rendered":"<p>Gai\u0161s toniks maigi att\u012bra \u0101du no net\u012brumiem, nomierina un atsvaidzina. No\u0146em kosm\u0113tikas atlikumu. Formula c\u012bn\u0101s ar p\u0101rm\u0113r\u012bgu sebumas sekr\u0113ciju un \u0101tri mat\u0113 seju. Aizsarg\u0101 no apk\u0101rt\u0113j\u0101s vides kait\u012bg\u0101s ietekmes un stiprina dabisko aizsardz\u012bbu pret oksidat\u012bvo stresu, palielinot \u0101das detoksik\u0101cijas sp\u0113ju.\u00a0Jums nekad nav bijusi t\u0101da svaiguma, mitruma un t\u012br\u012bbas saj\u016bta.<\/p>\n","protected":false},"featured_media":4233,"comment_status":"open","ping_status":"closed","template":"","meta":{"_kad_blocks_custom_css":"","_kad_blocks_head_custom_js":"","_kad_blocks_body_custom_js":"","_kad_blocks_footer_custom_js":"","_kadence_starter_templates_imported_post":false,"_swpsp_post_exclude":false,"_kad_post_transparent":"","_kad_post_title":"","_kad_post_layout":"","_kad_post_sidebar_id":"","_kad_post_content_style":"","_kad_post_vertical_padding":"","_kad_post_feature":"","_kad_post_feature_position":"","_kad_post_header":false,"_kad_post_footer":false,"_kad_post_classname":""},"product_brand":[],"product_cat":[43],"product_tag":[],"class_list":{"0":"post-4313","1":"product","2":"type-product","3":"status-publish","4":"has-post-thumbnail","6":"product_cat-bremani-care","8":"first","9":"instock","10":"sale","11":"taxable","12":"shipping-taxable","13":"purchasable","14":"product-type-simple","15":"entry","16":"content-bg","17":"loop-entry"},"taxonomy_info":{"product_cat":[{"value":43,"label":"BREMANI CARE"}]},"featured_image_src_large":["https:\/\/veselibasskola.lv\/wp-content\/uploads\/2026\/02\/b68a17bf11a7ae488bff64319f58a961.png",470,470,false],"author_info":[],"comment_info":0,"_links":{"self":[{"href":"https:\/\/veselibasskola.lv\/ru\/wp-json\/wp\/v2\/product\/4313","targetHints":{"allow":["GET"]}}],"collection":[{"href":"https:\/\/veselibasskola.lv\/ru\/wp-json\/wp\/v2\/product"}],"about":[{"href":"https:\/\/veselibasskola.lv\/ru\/wp-json\/wp\/v2\/types\/product"}],"replies":[{"embeddable":true,"href":"https:\/\/veselibasskola.lv\/ru\/wp-json\/wp\/v2\/comments?post=4313"}],"wp:featuredmedia":[{"embeddable":true,"href":"https:\/\/veselibasskola.lv\/ru\/wp-json\/wp\/v2\/media\/4233"}],"wp:attachment":[{"href":"https:\/\/veselibasskola.lv\/ru\/wp-json\/wp\/v2\/media?parent=4313"}],"wp:term":[{"taxonomy":"product_brand","embeddable":true,"href":"https:\/\/veselibasskola.lv\/ru\/wp-json\/wp\/v2\/product_brand?post=4313"},{"taxonomy":"product_cat","embeddable":true,"href":"https:\/\/veselibasskola.lv\/ru\/wp-json\/wp\/v2\/product_cat?post=4313"},{"taxonomy":"product_tag","embeddable":true,"href":"https:\/\/veselibasskola.lv\/ru\/wp-json\/wp\/v2\/product_tag?post=4313"}],"curies":[{"name":"wp","href":"https:\/\/api.w.org\/{rel}","templated":true}]}}