{"id":4315,"date":"2026-02-19T19:44:30","date_gmt":"2026-02-19T17:44:30","guid":{"rendered":"https:\/\/veselibasskola.lv\/?post_type=product&#038;p=4315"},"modified":"2026-02-19T19:44:35","modified_gmt":"2026-02-19T17:44:35","slug":"men","status":"publish","type":"product","link":"https:\/\/veselibasskola.lv\/ru\/p\/men\/","title":{"rendered":"Men"},"content":{"rendered":"\n<div>\n<div>\n<p><strong>MEN komplekts<\/strong> tika izveidots ar v\u012brie\u0161iem pr\u0101t\u0101, kuri v\u0113las r\u016bp\u0113ties par savu vesel\u012bbu un labsaj\u016btu katr\u0101 dz\u012bves posm\u0101. \u0160is visaptvero\u0161ais komplekts ir lielisks produktu apvienojums, kas atbalsta v\u012brie\u0161u vesel\u012bbu vair\u0101ku l\u012bme\u0146u \u2013 no ener\u0123ijas l\u012bdz ur\u012bnce\u013cu sist\u0113mai, vesel\u012bgiem loc\u012btav\u0101m un holester\u012bna l\u012bme\u0146a kontrolei. Pateicoties \u0161ai visaptvero\u0161ajai formulai, r\u016bpes par savu vesel\u012bbu k\u013c\u016bst vienk\u0101r\u0161\u0101kas un efekt\u012bv\u0101kas.<\/p>\n<hr\/>\n<p><strong>Komplekt\u0101 iek\u013cauts:<\/strong><\/p>\n<p><strong>Boost<\/strong> \u2013 uztura bag\u0101tin\u0101t\u0101js, kas sniedz dab\u012bgu ener\u0123iju un veicina fizisko un gar\u012bgo aktivit\u0101ti. Ide\u0101li piem\u0113rots v\u012brie\u0161iem ar intens\u012bvu dz\u012bvesveidu.<\/p>\n<p><strong>Ury<\/strong> \u2013 formula ur\u012bnce\u013cu vesel\u012bbas atbalstam. Pal\u012bdz uztur\u0113t nieru un ur\u012bnce\u013cu darb\u012bbu, kas ir b\u016btiski ikdienas vesel\u012bbas apr\u016bpei.<\/p>\n<p><strong>Hondroit\u012bns<\/strong> \u2013 sast\u0101vda\u013ca, kas veicina loc\u012btavu un kaulu vesel\u012bbu, \u012bpa\u0161i fiziski akt\u012bviem v\u012brie\u0161iem vai tiem, kuri izj\u016bt vecuma izmai\u0146as. Pal\u012bdz atjaunot skrim\u0161\u013cus un nodro\u0161ina loc\u012btavu elast\u012bbu.<\/p>\n<p><strong>Cholester-Reg<\/strong> \u2013 produkts, kas pal\u012bdz uztur\u0113t vesel\u012bgu holester\u012bna l\u012bmeni, atbalstot organisma dabiskos meh\u0101nismus c\u012b\u0146\u0101 ar lip\u012bdu nel\u012bdzsvarot\u012bbu asin\u012bs.<\/p>\n<p><strong>Power Meal Vanila<\/strong> \u2013 pilnv\u0113rt\u012bgs malt\u012btes kokteilis, piem\u0113rots v\u012brie\u0161iem, kuri mekl\u0113 \u0113rtu un s\u0101t\u012bgu alternat\u012bvu malt\u012btei. Lieliski piem\u0113rots brokast\u012bm vai uzkodai.<\/p>\n<hr\/>\n<p><strong>Ieteicam\u0101 lieto\u0161ana:<br \/> <\/br><\/strong>Visus produktus lietot saska\u0146\u0101 ar nor\u0101d\u012bjumiem uz eti\u0137et\u0113m.<\/p>\n<hr\/>\n<p><span><strong>AKCIJA!<br \/> Ieg\u0101d\u0101joties MEN komplektu, 25% atlaide Power Meal \u0160okol\u0101dei vai Power Beets!<\/br><\/strong><\/span><\/p>\n<hr\/>\n<p><span><em>Uztura bag\u0101tin\u0101t\u0101jus nav paredz\u0113ts lietot pilnv\u0113rt\u012bga uztura aizst\u0101\u0161anai. Sabalans\u0113ts uzturs un vesel\u012bgs dz\u012bvesveids ir vesel\u012bga \u0137erme\u0146a pamats.<\/em><\/span><\/p>\n<div><\/div>\n<\/p><\/div>\n<\/p><\/div>\n","protected":false},"excerpt":{"rendered":"<p>MEN komplekts tika izveidots ar v\u012brie\u0161iem pr\u0101t\u0101, kuri v\u0113las r\u016bp\u0113ties par savu vesel\u012bbu un labsaj\u016btu katr\u0101 dz\u012bves posm\u0101. \u0160is visaptvero\u0161ais komplekts ir lielisks produktu apvienojums, kas atbalsta v\u012brie\u0161u vesel\u012bbu vair\u0101ku l\u012bme\u0146u \u2013 no ener\u0123ijas l\u012bdz ur\u012bnce\u013cu sist\u0113mai, vesel\u012bgiem loc\u012btav\u0101m un holester\u012bna l\u012bme\u0146a kontrolei. Pateicoties \u0161ai visaptvero\u0161ajai formulai, r\u016bpes par savu vesel\u012bbu k\u013c\u016bst vienk\u0101r\u0161\u0101kas un efekt\u012bv\u0101kas&#8230;.<\/p>\n","protected":false},"featured_media":3943,"comment_status":"open","ping_status":"closed","template":"","meta":{"_kad_blocks_custom_css":"","_kad_blocks_head_custom_js":"","_kad_blocks_body_custom_js":"","_kad_blocks_footer_custom_js":"","_kadence_starter_templates_imported_post":false,"_swpsp_post_exclude":false,"_kad_post_transparent":"","_kad_post_title":"","_kad_post_layout":"","_kad_post_sidebar_id":"","_kad_post_content_style":"","_kad_post_vertical_padding":"","_kad_post_feature":"","_kad_post_feature_position":"","_kad_post_header":false,"_kad_post_footer":false,"_kad_post_classname":""},"product_brand":[],"product_cat":[41,35,45,48],"product_tag":[],"class_list":{"0":"post-4315","1":"product","2":"type-product","3":"status-publish","4":"has-post-thumbnail","6":"product_cat-energija-un-vielmaina","7":"product_cat-komplekti","8":"product_cat-skeleta-muskulu-sistema","9":"product_cat-urincelu-sistema","11":"first","12":"instock","13":"sale","14":"taxable","15":"shipping-taxable","16":"purchasable","17":"product-type-simple","18":"entry","19":"content-bg","20":"loop-entry"},"taxonomy_info":{"product_cat":[{"value":41,"label":"Ener\u0123ija un vielmai\u0146a"},{"value":35,"label":"Komplekti"},{"value":45,"label":"Skeleta-musku\u013cu sist\u0113ma"},{"value":48,"label":"Ur\u012bnce\u013cu sist\u0113ma"}]},"featured_image_src_large":["https:\/\/veselibasskola.lv\/wp-content\/uploads\/2025\/11\/c95f6d9503546d6690739c78d9b139ba-1024x1024.png",1024,1024,true],"author_info":[],"comment_info":0,"_links":{"self":[{"href":"https:\/\/veselibasskola.lv\/ru\/wp-json\/wp\/v2\/product\/4315","targetHints":{"allow":["GET"]}}],"collection":[{"href":"https:\/\/veselibasskola.lv\/ru\/wp-json\/wp\/v2\/product"}],"about":[{"href":"https:\/\/veselibasskola.lv\/ru\/wp-json\/wp\/v2\/types\/product"}],"replies":[{"embeddable":true,"href":"https:\/\/veselibasskola.lv\/ru\/wp-json\/wp\/v2\/comments?post=4315"}],"wp:featuredmedia":[{"embeddable":true,"href":"https:\/\/veselibasskola.lv\/ru\/wp-json\/wp\/v2\/media\/3943"}],"wp:attachment":[{"href":"https:\/\/veselibasskola.lv\/ru\/wp-json\/wp\/v2\/media?parent=4315"}],"wp:term":[{"taxonomy":"product_brand","embeddable":true,"href":"https:\/\/veselibasskola.lv\/ru\/wp-json\/wp\/v2\/product_brand?post=4315"},{"taxonomy":"product_cat","embeddable":true,"href":"https:\/\/veselibasskola.lv\/ru\/wp-json\/wp\/v2\/product_cat?post=4315"},{"taxonomy":"product_tag","embeddable":true,"href":"https:\/\/veselibasskola.lv\/ru\/wp-json\/wp\/v2\/product_tag?post=4315"}],"curies":[{"name":"wp","href":"https:\/\/api.w.org\/{rel}","templated":true}]}}