{"id":4316,"date":"2026-02-19T19:44:30","date_gmt":"2026-02-19T17:44:30","guid":{"rendered":"https:\/\/veselibasskola.lv\/?post_type=product&#038;p=4316"},"modified":"2026-02-19T19:44:36","modified_gmt":"2026-02-19T17:44:36","slug":"power-greens-2-pak","status":"publish","type":"product","link":"https:\/\/veselibasskola.lv\/ru\/p\/power-greens-2-pak\/","title":{"rendered":"Power Greens 2 pak"},"content":{"rendered":"\n<div>\n<div>\n<p><span><strong>Kopums ir 2 Power Greens iepakojumi!<\/strong><\/span><\/p>\n<table>\n<tbody>\n<tr>\n<td><span><strong>13<\/strong><\/span><\/td>\n<td><span><strong>6<\/strong><\/span><\/td>\n<td><span><strong>24<\/strong><\/span><\/td>\n<td><span><strong>5<\/strong><\/span><\/td>\n<td><span><strong>9<\/strong><\/span><\/td>\n<\/tr>\n<tr>\n<td><span><strong>D\u0101rze\u0146i un aug\u013ci<\/strong><\/span><\/td>\n<td><span><strong>Dietiskie \u0161\u0137iedri<\/strong><\/span><\/td>\n<td><span><strong>Vitam\u012bni un miner\u0101lvielas<\/strong><\/span><\/td>\n<td>\n<p><span><strong>Gremo\u0161anas enz\u012bmi<\/strong><\/span><\/p>\n<\/td>\n<td><span><strong>Antioksidanti<\/strong><\/span><\/td>\n<\/tr>\n<\/tbody>\n<\/table>\n<hr\/>\n<h2><span><strong>Pievienojiet komplektam stikla pudeli ar 99% atlaidi!<\/strong><\/span><\/h2>\n<h2><span><strong>Vair\u0101k ener\u0123ijas<\/strong><\/span><\/h2>\n<p>Power Greens ir revolucion\u0101rs produkts, kas nodro\u0161ina j\u016bsu organismam ener\u0123ijas uzl\u0101di katru dienu. Pateicoties unik\u0101lam sast\u0101vam, kur\u0101 ietilpst spin\u0101ti, hlorella un kalnu ro\u017eu ekstrakts, j\u016bsu \u0137ermenis ne tikai sa\u0146em vitam\u012bnus un miner\u0101lvielas, bet ar\u012b dabisku ener\u0123ijas l\u0101di\u0146u. Produkt\u0101 eso\u0161ie spin\u0101ti un \u0137iploki pied\u0101v\u0101 v\u0113rt\u012bgu dzelzi, pal\u012bdzot saglab\u0101t norm\u0101lu sarkan\u0101s asins \u0161\u016bnas ra\u017eo\u0161anu un nov\u0113r\u0161ot nogurumu.<\/p>\n<h2><span>Stipr\u0101ka imunit\u0101te<\/span><\/h2>\n<p>J\u016bsu imunit\u0101te ir b\u016btiska j\u016bsu vesel\u012bbas uztur\u0113\u0161anai, un Power Greens pal\u012bdz stiprin\u0101t j\u016bsu im\u016bnsist\u0113mu. Viens no iemesliem ir hlorellas saturs, kas labv\u0113l\u012bgi ietekm\u0113 im\u016bnsist\u0113mas sist\u0113mu. Turkl\u0101t C vitam\u012bns, kas ir Power Greens sast\u0101vda\u013ca, ir b\u016btisks norm\u0101lai im\u016bnsist\u0113mas darb\u012bbai. C vitam\u012bns ir sp\u0113c\u012bgs antioksidants, kas pal\u012bdz c\u012bn\u012bties pret br\u012bvajiem radik\u0101\u013ciem un aizsarg\u0101 \u0161\u016bnas no boj\u0101jumiem. Regul\u0101ri lietojot produktu ar C vitam\u012bnu, pal\u012bdz organismam saglab\u0101t imunit\u0101ti pret infekcij\u0101m.<\/p>\n<h2><span>Lieliski antioksidanti<\/span><\/h2>\n<p>Power Greens ir patiesi antioksidantu spr\u0101dzien\u0161\u0137is. Sast\u0101vda\u013cas, piem\u0113ram, za\u013c\u0101s t\u0113jas ekstrakts, meln\u0101s \u0137ir\u0161u ekstrakts un greipfr\u016bta ekstrakts, ir paz\u012bstami ar savu sp\u0113ju neitraliz\u0113t kait\u012bgos br\u012bvos radik\u0101\u013cus organism\u0101. Visas \u0161\u012bs sast\u0101vda\u013cas, apvienojum\u0101 ar C un E vitam\u012bniem, cinku, sel\u0113nu un varu, darbojas siner\u0123iski, pastiprinot savu iedarb\u012bbu un pal\u012bdzot organismam c\u012bn\u012bties pret oksidat\u012bvo stresu. Svar\u012bgi ir nodro\u0161in\u0101t pareizu \u0161o vielu uz\u0146em\u0161anu uztur\u0101, lai atbalst\u012btu vesel\u012bbu un aizsarg\u0101tu no br\u012bvo radik\u0101\u013cu iedarb\u012bbas.<\/p>\n<h2><span>Lab\u0101ka gremo\u0161ana<\/span><\/h2>\n<p>Vesel\u012bgs gremo\u0161anas trakts ir visp\u0101r\u0113jas vesel\u012bbas pamats. Power Greens veicina vesel\u012bgu gremo\u0161anas procesu, sniedzot \u0137ermenim \u0101bolu, ak\u0101cijas, burk\u0101nu, ogu un dz\u0113rve\u0146u \u0161\u0137iedras. \u0160\u0137iedra sp\u0113l\u0113 b\u016btisku lomu norm\u0101l\u0101 zarnu peristaltikas saglab\u0101\u0161an\u0101 un aizkav\u0113\u0161anas nov\u0113r\u0161an\u0101. T\u0101p\u0113c j\u016bsu zarnas darbojas efekt\u012bvi un regul\u0101ri, uzlabojot visp\u0101r\u0113jo gremo\u0161anas komfortu.<br \/>Power Greens apvieno piecus galvenos gremo\u0161anas enz\u012bmus, kas ir b\u016btiski cietes, olbaltumvielu, tauku un \u0161\u0137iedras sadal\u012b\u0161anai. Liel\u0101 m\u0113r\u0101 tie ir tie, kas \u013cauj m\u016bsu \u0137ermenim sagremot uztura sast\u0101vda\u013cas.<\/br><\/p>\n<hr\/>\n<h3><span><strong>Power Greens g\u016bst sp\u0113ku no \u010detriem bag\u0101t\u012bgiem avotiem&#8230;<\/strong><\/span><\/h3>\n<p><span><strong>No Mie\u0161in\u0101jums Green Blends:<\/strong><\/span><\/p>\n<p>Katrs Power Greens porcija satur pat 9500 mg pulveriz\u0113tu d\u0101rze\u0146u un aug\u013cu.<\/p>\n<p>\u2022 Spin\u0101ti \u2022 spirul\u012bna \u2022 \u0101bolu \u0161\u0137iedra \u2022 ak\u0101cijas \u0161\u0137iedra \u2022 burk\u0101nu \u0161\u0137iedra \u2022 apels\u012bnu sula \u2022 hlorella \u2022 ogu \u0161\u0137iedra \u2022 dz\u0113rve\u0146u \u0161\u0137iedra \u2022 zemenes \u2022 malinas \u2022 me\u017ea zemenes \u2022 apels\u012bnu e\u013c\u013ca \u2022 broko\u013ci \u2022 \u0137ir\u0161i \u2022 v\u012bnogas \u2022 dz\u0113rve\u0146u<br \/>\u2022 \u0137i\u013c\u0137i \u2022 meln\u0101s \u0137ir\u0161i \u2022 dz\u0113rve\u0146u<\/br><\/p>\n<p><span><strong>No Mie\u0161in\u0101jums Antioxidant Blend:<\/strong><\/span><\/p>\n<p>\u2022 Citroncelu ekstrakts \u2022 za\u013c\u0101s t\u0113jas ekstrakts (ieskaitot EGCG 112,5 mg)<br \/>\u2022 arti\u0161oka ekstrakts \u2022 maka \u2022 kalnu ro\u017eu ekstrakts<br \/>\u2022 kvercet\u012bns \u2022 \u0136\u012bnas apels\u012bnu ekstrakts<br \/>\u2022 greipfr\u016btu ekstrakts \u2022 meln\u0101s \u0137ir\u0161u ekstrakts<\/br><\/br><\/p>\n<p><span><strong>No Gremo\u0161anas enz\u012bmu mais\u012bjuma:<\/strong><\/span><\/p>\n<p>\u2022 amil\u0101ze \u2022 prote\u0101ze \u2022 celul\u0101ze \u2022 lip\u0101ze \u2022 laktoze<\/p>\n<p><span><strong>No 24 vitam\u012bnu un miner\u0101lu mais\u012bjuma:<\/strong><\/span><\/p>\n<p>\u2022 Vitam\u012bns A \u2022 Vitam\u012bns D \u2022 Vitam\u012bns E \u2022 Vitam\u012bns K \u2022 Vitam\u012bns C \u2022 Tiam\u012bns \u2022 Riboflav\u012bns \u2022 Niac\u012bns \u2022 Vitam\u012bns B6 \u2022 Fol\u0101ts \u2022 Vitam\u012bns B12 \u2022 Biot\u012bns \u2022 Pantot\u0113nsk\u0101be \u2022 Kalcijs \u2022 Fosfors \u2022 Magnijs \u2022 Dzelzs \u2022 Cinks \u2022 Var\u0161 \u2022 Mang\u0101ns \u2022 Sel\u0113ns \u2022 Jods \u2022 Hol\u012bna<\/p>\n<hr\/>\n<p><strong><iframe><\/iframe><\/strong><\/p>\n<hr\/>\n<p><strong>Uzturv\u0113rt\u012bba<\/strong><\/p>\n<p><strong>Dienas deva: 15 g &#8212; Dienas devu skaits iepakojum\u0101: 30<\/strong><\/p>\n<table>\n<tbody>\n<tr>\n<td>\u00a0<\/td>\n<td><strong>uz 15 g produkta<\/strong><\/td>\n<td><strong>%NRV*<\/strong><\/td>\n<td><strong>uz 100 g produkta<\/strong><\/td>\n<td><strong>%NRV*<\/strong><\/td>\n<\/tr>\n<tr>\n<td>Ener\u0123\u0113tisk\u0101 v\u0113rt\u012bba<\/td>\n<td>153 kJ\/36 kcal<\/td>\n<td>2%<\/td>\n<td>1020 kJ\/ 243 kcal<\/td>\n<td>12%<\/td>\n<\/tr>\n<tr>\n<td>Tauki<\/td>\n<td>0,3 g<\/td>\n<td>0,40%<\/td>\n<td>2,1 g<\/td>\n<td>3%<\/td>\n<\/tr>\n<tr>\n<td>Kur\u0101 eso\u0161ie tauksk\u0101bes<\/td>\n<td>0 g<\/td>\n<td>0%<\/td>\n<td>0,4 g<\/td>\n<td>0%<\/td>\n<\/tr>\n<tr>\n<td>Og\u013chidr\u0101ti<\/td>\n<td>3 g<\/td>\n<td>1%<\/td>\n<td>22 g<\/td>\n<td>9%<\/td>\n<\/tr>\n<tr>\n<td>Kur\u0101 eso\u0161ie cukuri<\/td>\n<td>1,2g<\/td>\n<td>1%<\/td>\n<td>7,9 g<\/td>\n<td>9%<\/td>\n<\/tr>\n<tr>\n<td>\u0160\u0137iedra<\/td>\n<td>3 g<\/td>\n<td>**<\/td>\n<td>20 g<\/td>\n<td>**<\/td>\n<\/tr>\n<tr>\n<td>Olbaltumvielas<\/td>\n<td>3 g<\/td>\n<td>5%<\/td>\n<td>18 g<\/td>\n<td>33%<\/td>\n<\/tr>\n<tr>\n<td>N\u0101trijs<\/td>\n<td>0,2 g<\/td>\n<td>4%<\/td>\n<td>1,4 g<\/td>\n<td>27%<\/td>\n<\/tr>\n<tr>\n<td>\u00a0<\/td>\n<td>\u00a0<\/td>\n<td>\u00a0<\/td>\n<td>\u00a0<\/td>\n<td>\u00a0<\/td>\n<\/tr>\n<tr>\n<td>Vitam\u012bns A<\/td>\n<td>474 \u03bcg<\/td>\n<td>59%<\/td>\n<td>3160 \u03bcg<\/td>\n<td>395%<\/td>\n<\/tr>\n<tr>\n<td>Vitam\u012bns D<\/td>\n<td>1,6 \u03bcg<\/td>\n<td>32%<\/td>\n<td>11 \u03bcg<\/td>\n<td>220%<\/td>\n<\/tr>\n<tr>\n<td>Vitam\u012bns E<\/td>\n<td>3,4 mg<\/td>\n<td>28%<\/td>\n<td>23 mg<\/td>\n<td>192%<\/td>\n<\/tr>\n<tr>\n<td>Vitam\u012bns K<\/td>\n<td>22 \u03bcg<\/td>\n<td>29%<\/td>\n<td>150 \u03bcg<\/td>\n<td>200%<\/td>\n<\/tr>\n<tr>\n<td>Vitam\u012bns C<\/td>\n<td>230 mg<\/td>\n<td>288%<\/td>\n<td>1533 mg<\/td>\n<td>1916%<\/td>\n<\/tr>\n<tr>\n<td>Tiam\u012bns<\/td>\n<td>0,33 mg<\/td>\n<td>30%<\/td>\n<td>2,2 mg<\/td>\n<td>200%<\/td>\n<\/tr>\n<tr>\n<td>Riboflav\u012bns<\/td>\n<td>0,42 mg<\/td>\n<td>30%<\/td>\n<td>2,8 mg<\/td>\n<td>200%<\/td>\n<\/tr>\n<tr>\n<td>Niac\u012bns<\/td>\n<td>4,5 mg NE<\/td>\n<td>28%<\/td>\n<td>30 mg NE<\/td>\n<td>188%<\/td>\n<\/tr>\n<tr>\n<td>Vitam\u012bns B6<\/td>\n<td>0,42 mg<\/td>\n<td>30%<\/td>\n<td>2,8 mg<\/td>\n<td>200%<\/td>\n<\/tr>\n<tr>\n<td>Fol\u0101ts<\/td>\n<td>37,4 \u03bcg<\/td>\n<td>32%<\/td>\n<td>249 \u03bcg<\/td>\n<td>212%<\/td>\n<\/tr>\n<tr>\n<td>Vitam\u012bns B12<\/td>\n<td>0,75 \u03bcg<\/td>\n<td>30%<\/td>\n<td>5,0 \u03bcg<\/td>\n<td>200%<\/td>\n<\/tr>\n<tr>\n<td>Biot\u012bns<\/td>\n<td>16 \u03bcg<\/td>\n<td>32%<\/td>\n<td>106 \u03bcg<\/td>\n<td>212%<\/td>\n<\/tr>\n<tr>\n<td>Pantot\u0113nsk\u0101be<\/td>\n<td>1,8 mg<\/td>\n<td>30%<\/td>\n<td>12 mg<\/td>\n<td>200%<\/td>\n<\/tr>\n<tr>\n<td>K\u0101lijs<\/td>\n<td>756 mg<\/td>\n<td>38%<\/td>\n<td>5040 mg<\/td>\n<td>252%<\/td>\n<\/tr>\n<tr>\n<td>Kalcijs<\/td>\n<td>314 mg<\/td>\n<td>39%<\/td>\n<td>2093 mg<\/td>\n<td>262%<\/td>\n<\/tr>\n<tr>\n<td>Fosfors<\/td>\n<td>178 mg<\/td>\n<td>25%<\/td>\n<td>1190 mg<\/td>\n<td>170%<\/td>\n<\/tr>\n<tr>\n<td>Magnijs<\/td>\n<td>95,8 mg<\/td>\n<td>26%<\/td>\n<td>639 mg<\/td>\n<td>170%<\/td>\n<\/tr>\n<tr>\n<td>Dzelzs<\/td>\n<td>6,2 mg<\/td>\n<td>44%<\/td>\n<td>42 mg<\/td>\n<td>300%<\/td>\n<\/tr>\n<tr>\n<td>Cinks<\/td>\n<td>2,6 mg<\/td>\n<td>26%<\/td>\n<td>17 mg<\/td>\n<td>170%<\/td>\n<\/tr>\n<tr>\n<td>Var\u0161<\/td>\n<td>1,6 mg<\/td>\n<td>160%<\/td>\n<td>11 mg<\/td>\n<td>1100%<\/td>\n<\/tr>\n<tr>\n<td>Mang\u0101ns<\/td>\n<td>0,51 mg<\/td>\n<td>26%<\/td>\n<td>3,4 mg<\/td>\n<td>170%<\/td>\n<\/tr>\n<tr>\n<td>Sel\u0113ns<\/td>\n<td>15 \u03bcg<\/td>\n<td>27%<\/td>\n<td>98 \u03bcg<\/td>\n<td>178%<\/td>\n<\/tr>\n<tr>\n<td>Jods<\/td>\n<td>40,2 \u03bcg<\/td>\n<td>27%<\/td>\n<td>271 \u03bcg<\/td>\n<td>181%<\/td>\n<\/tr>\n<tr>\n<td>Hol\u012bna<\/td>\n<td>140 mg<\/td>\n<td>**<\/td>\n<td>933 mg<\/td>\n<td>**<\/td>\n<\/tr>\n<tr>\n<td><strong>Mie\u0161in\u0101jums Green Blends<\/strong><\/td>\n<td>9500 mg<\/td>\n<td>**<\/td>\n<td>63333mg<\/td>\n<td>**<\/td>\n<\/tr>\n<tr>\n<td>Spin\u0101ti, spirul\u012bna, \u0101bolu \u0161\u0137iedra, ak\u0101cijas \u0161\u0137iedra, burk\u0101nu \u0161\u0137iedra, apels\u012bnu sula, hlorella, ogu \u0161\u0137iedra, dz\u0113rve\u0146u \u0161\u0137iedra, zemenes, malinas, me\u017ea zemenes, apels\u012bnu e\u013c\u013ca, broko\u013ci, \u0137ir\u0161i, v\u012bnogas, dz\u0113rve\u0146u, \u0137i\u013c\u0137i, meln\u0101s \u0137ir\u0161i, dz\u0113rve\u0146u<\/td>\n<td>\u00a0<\/td>\n<td>**<\/td>\n<td>\u00a0<\/td>\n<td>**<\/td>\n<\/tr>\n<tr>\n<td><strong>Mie\u0161in\u0101jums Antioxidant Blend<\/strong><\/td>\n<td>1160 mg<\/td>\n<td>**<\/td>\n<td>7733 mg<\/td>\n<td>**<\/td>\n<\/tr>\n<tr>\n<td>\u0136\u012bnas arti\u0161oku ekstrakts, za\u013c\u0101s t\u0113jas ekstrakts (ieskaitot EGCG 112,5 mg), arti\u0161oku ekstrakts, maka, kalnu ro\u017eu ekstrakts, kvercet\u012bns, \u0136\u012bnas apels\u012bnu ekstrakts, greipfr\u016btu ekstrakts, meln\u0101s \u0137ir\u0161u ekstrakts<\/td>\n<td>\u00a0<\/td>\n<td>**<\/td>\n<td>\u00a0<\/td>\n<td>**<\/td>\n<\/tr>\n<tr>\n<td><strong>Mie\u0161in\u0101jums Enz\u012bmu Performace Greens<\/strong><\/td>\n<td>100mg<\/td>\n<td>**<\/td>\n<td>667 mg<\/td>\n<td>\u00a0<\/td>\n<\/tr>\n<tr>\n<td>Amil\u0101ze, prote\u0101ze, celul\u0101ze, lip\u0101ze un laktoze<\/td>\n<td>\u00a0<\/td>\n<td>\u00a0<\/td>\n<td>\u00a0<\/td>\n<td>\u00a0<\/td>\n<\/tr>\n<\/tbody>\n<\/table>\n<p>*RWS &#8212; Refer\u0113to uztura v\u0113rt\u012bbu daudzums \/ **Nav noteikti refer\u0113tas uztura v\u0113rt\u012bbas.<\/p>\n<hr\/>\n<p><strong>Sast\u0101vda\u013cas:<\/strong> Za\u013c\u0101 mais\u012bjuma pulveris (spin\u0101ti, spirul\u012bna, \u0101bolu \u0161\u0137iedra, ak\u0101cijas \u0161\u0137iedra, burk\u0101nu \u0161\u0137iedra, apels\u012bnu sula, hlorella, ogu \u0161\u0137iedra, dz\u0113rve\u0146u \u0161\u0137iedra, zemenes, malinas, me\u017ea zemenes, apels\u012bnu e\u013c\u013ca, broko\u013ci, \u0137ir\u0161i, v\u012bnogas, dz\u0113rve\u0146u, \u0137i\u013c\u0137i, meln\u0101s \u0137ir\u0161i, dz\u0113rve\u0146u), vitam\u012bni un miner\u0101lie savienojumi (askorb\u012bnsk\u0101be, ortofosforsk\u0101bes kalcija s\u0101ls, k\u0101lija glicerofosf\u0101ts, k\u0101lija hlor\u012bds, magnija oks\u012bds, dzelzs pirofosf\u0101ts (II), DL-alfa tokoferila acet\u0101ts, cinka sulf\u0101ts, pteroilomonoglutam\u012bnsk\u0101be, k\u0101lija jod\u012bds, vara sulf\u0101ts (II), nikot\u012bnsk\u0101bes am\u012bds, piridoks\u012bna hlor\u012bds, tiam\u012bna mononitr\u0101ts, retinila acet\u0101ts, K vitam\u012bns (fitohinons), kalcija D-pantoten\u0101ts, D-biot\u012bns, mang\u0101na sulf\u0101ts, n\u0101trija selen\u012bts, cianokobalam\u012bns, holekalciferols), biezin\u0101t\u0101js (ksant\u0101na g\u0113ls), sk\u0101buma regul\u0113t\u0101ji (citronsk\u0101be, \u0101bolsk\u0101be), chol\u012bna dwuwinians, dab\u012bgie arom\u0101ti, \u0136\u012bnas arti\u0161oka ekstrakts, za\u013c\u0101s t\u0113jas lapu ekstrakts, arti\u0161oka lapu ekstrakts, maca sak\u0146u pulveris, Enz\u012bmu Performace Greens mais\u012bjums (amil\u0101ze, prote\u0101ze, celul\u0101ze, lip\u0101ze un laktoze), kalnu ro\u017eu sak\u0146u ekstrakts, saldin\u0101t\u0101ji (steviola glikoz\u012bdi, steviola cukuraina glikoz\u012bdi), pretkonsistences viela (kalcija silik\u0101ts), n\u0101trija hlor\u012bds, kvercet\u012bns, \u0136\u012bnas apels\u012bnu ekstrakts (Citrus sinensis), kr\u0101svielas (kurkum\u012bns, vara hlorof\u012bla un hlorodil\u012bna kompleksi), greipfr\u016btu ekstrakts, meln\u0101s \u0137ir\u0161u ekstrakts.<\/p>\n<hr\/>\n<p>Ieteicam\u0101 dienas deva, kas nepiecie\u0161ama, lai sasniegtu produkta pozit\u012bvo ietekmi: 15 g (viens m\u0113rkar\u0161) iz\u0161\u0137\u012bdin\u0101t 300-500 ml \u016bdens vai j\u016bsu izv\u0113l\u0113taj\u0101 dz\u0113rien\u0101. Labi sajauciet un lietojiet. Lietot vienu reizi dien\u0101.<\/p>\n<hr\/>\n<p>Br\u012bdin\u0101jums: Nep\u0101rsniedziet ieteicamo dienas devu. Uztura bag\u0101tin\u0101t\u0101ji nevar aizst\u0101t da\u017e\u0101d\u012bgu uzturu. L\u012bdzsvarots uzturs un vesel\u012bgs dz\u012bvesveids ir \u0137erme\u0146a norm\u0101l\u0101 darb\u012bbas pamats. Nav ieteicams gr\u016btniec\u0113m vai m\u0101t\u0113m, kas baro z\u012bdai\u0146us l\u012bdz 18 gadu vecumam. \u0160is produkts satur aptuveni 112,5 mg (-) epigallokateh\u012bna gall\u0101ta (EGCG) porcij\u0101. Dienas devai (-) epigallokateh\u012bna gall\u0101ta nevajadz\u0113tu p\u0101rsniegt 800 mg. \u0160o produktu nevajadz\u0113tu lietot n\u0113dien. Nelietojiet to, ja \u0161aj\u0101 pa\u0161\u0101 dien\u0101 lietojat citas za\u013c\u0101s t\u0113jas produktus. Neizmantojiet to cilv\u0113kiem ar nierakme\u0161anas tendenci vai nieru akme\u0146iem. \u0160o produktu nevajadz\u0113tu lietot person\u0101m, kas lieto pretkoagulantus ar K vitam\u012bna antagonista sast\u0101vda\u013cu (piem\u0113ram, varfar\u012bnu un acenokumarolu). \u0160is produkts nav paredz\u0113ts veciem cilv\u0113kiem, cilv\u0113kiem ar nieru slim\u012bb\u0101m, insul\u012bna rezistenci, augstu asinsspiedienu vai sirds ritma trauc\u0113jumiem.<\/p>\n<div><\/div>\n<\/p><\/div>\n<\/p><\/div>\n","protected":false},"excerpt":{"rendered":"<p>Kopums ir 2 Power Greens iepakojumi! 13 6 24 5 9 D\u0101rze\u0146i un aug\u013ci Dietiskie \u0161\u0137iedri Vitam\u012bni un miner\u0101lvielas Gremo\u0161anas enz\u012bmi Antioksidanti Pievienojiet komplektam stikla pudeli ar 99% atlaidi! Vair\u0101k ener\u0123ijas Power Greens ir revolucion\u0101rs produkts, kas nodro\u0161ina j\u016bsu organismam ener\u0123ijas uzl\u0101di katru dienu. Pateicoties unik\u0101lam sast\u0101vam, kur\u0101 ietilpst spin\u0101ti, hlorella un kalnu ro\u017eu ekstrakts,&#8230;<\/p>\n","protected":false},"featured_media":2556,"comment_status":"open","ping_status":"closed","template":"","meta":{"_kad_blocks_custom_css":"","_kad_blocks_head_custom_js":"","_kad_blocks_body_custom_js":"","_kad_blocks_footer_custom_js":"","_kadence_starter_templates_imported_post":false,"_swpsp_post_exclude":false,"_kad_post_transparent":"","_kad_post_title":"","_kad_post_layout":"","_kad_post_sidebar_id":"","_kad_post_content_style":"","_kad_post_vertical_padding":"","_kad_post_feature":"","_kad_post_feature_position":"","_kad_post_header":false,"_kad_post_footer":false,"_kad_post_classname":""},"product_brand":[],"product_cat":[40,41,39,42,35],"product_tag":[],"class_list":{"0":"post-4316","1":"product","2":"type-product","3":"status-publish","4":"has-post-thumbnail","6":"product_cat-asinsrites-sistema","7":"product_cat-energija-un-vielmaina","8":"product_cat-gremosanas-sistema","9":"product_cat-imunsistema","10":"product_cat-komplekti","12":"first","13":"instock","14":"sale","15":"taxable","16":"shipping-taxable","17":"purchasable","18":"product-type-simple","19":"entry","20":"content-bg","21":"loop-entry"},"taxonomy_info":{"product_cat":[{"value":40,"label":"Asinsrites sist\u0113ma"},{"value":41,"label":"Ener\u0123ija un vielmai\u0146a"},{"value":39,"label":"Gremo\u0161anas sist\u0113ma"},{"value":42,"label":"Im\u016bnsist\u0113ma"},{"value":35,"label":"Komplekti"}]},"featured_image_src_large":["https:\/\/veselibasskola.lv\/wp-content\/uploads\/2023\/12\/d7bd6529fae681496cec84e73523015a.png",1000,1000,false],"author_info":[],"comment_info":0,"_links":{"self":[{"href":"https:\/\/veselibasskola.lv\/ru\/wp-json\/wp\/v2\/product\/4316","targetHints":{"allow":["GET"]}}],"collection":[{"href":"https:\/\/veselibasskola.lv\/ru\/wp-json\/wp\/v2\/product"}],"about":[{"href":"https:\/\/veselibasskola.lv\/ru\/wp-json\/wp\/v2\/types\/product"}],"replies":[{"embeddable":true,"href":"https:\/\/veselibasskola.lv\/ru\/wp-json\/wp\/v2\/comments?post=4316"}],"wp:featuredmedia":[{"embeddable":true,"href":"https:\/\/veselibasskola.lv\/ru\/wp-json\/wp\/v2\/media\/2556"}],"wp:attachment":[{"href":"https:\/\/veselibasskola.lv\/ru\/wp-json\/wp\/v2\/media?parent=4316"}],"wp:term":[{"taxonomy":"product_brand","embeddable":true,"href":"https:\/\/veselibasskola.lv\/ru\/wp-json\/wp\/v2\/product_brand?post=4316"},{"taxonomy":"product_cat","embeddable":true,"href":"https:\/\/veselibasskola.lv\/ru\/wp-json\/wp\/v2\/product_cat?post=4316"},{"taxonomy":"product_tag","embeddable":true,"href":"https:\/\/veselibasskola.lv\/ru\/wp-json\/wp\/v2\/product_tag?post=4316"}],"curies":[{"name":"wp","href":"https:\/\/api.w.org\/{rel}","templated":true}]}}