{"id":4319,"date":"2026-02-19T19:44:31","date_gmt":"2026-02-19T17:44:31","guid":{"rendered":"https:\/\/veselibasskola.lv\/?post_type=product&#038;p=4319"},"modified":"2026-02-19T19:44:36","modified_gmt":"2026-02-19T17:44:36","slug":"lucerna-100-kaps","status":"publish","type":"product","link":"https:\/\/veselibasskola.lv\/ru\/p\/lucerna-100-kaps\/","title":{"rendered":"Lucerna (100 kaps.)"},"content":{"rendered":"\n<div>\n<div>\n<h1><span>LUCERNA<\/span><\/h1>\n<h4><span>DIETAS BAG\u0100TIN\u0100T\u0100JI<\/span><\/h4>\n<hr\/>\n<p>S\u0113jas lucerna (Medicago sativa) audz\u0113ta jau 2000 gadus, daudz\u0101s civiliz\u0101cij\u0101s bija dom\u0101ta par br\u012bni\u0161\u0137\u012bgu z\u0101laugu. <br \/>Lucernas saknes iedzi\u013cin\u0101s zem\u0113, lai pa\u0146emtu miner\u0101lus un nepiecie\u0161amu uzturvielu, kas var b\u016bt nepieejama pie virsmas.<br \/>Lucerna pieder p\u0101k\u0161augu k\u0101rtai. Lucernas dabiskais izplat\u012bbas are\u0101ls ir Zieme\u013c\u0101frika, \u0100zija un Eiropa. <br \/>Tagad ir pieejama diezgan visos pasaules re\u0123ionos.\u00a0\u00a0 Augs ir audz\u0113ts, bet ar\u012b bie\u017ei aizaudz.<\/br><\/br><\/br><\/p>\n<ul>\n<li>S\u0113jas lucernas augs pal\u012bdz sieviet\u0113m saglab\u0101t labu seksu\u0101lu kond\u012bciju.<\/li>\n<\/ul>\n<hr\/>\n<p><strong><span>SAST\u0100VS:<\/span><\/strong><\/p>\n<p>s\u0113jas lucerna; kapsulas \u010daula: \u017eelat\u012bns<\/p>\n<hr\/>\n<p><strong><span>SVAR\u012aGAS SAST\u0100VDA\u013bAS:<\/span><\/strong><\/p>\n<p>Saturs ieteicam\u0101 porcij\u0101 (6 kaps.):<br \/>S\u0113jas lucerna &#8230;&#8230;&#8230;&#8230;&#8230;&#8230;&#8230;&#8230;&#8230;&#8230;&#8230;&#8230;&#8230;&#8230; 2040 mg*<br \/>\u00a0*Nenoteikt\u0101 ieteicama dienas doze.<\/br><\/p>\n<hr\/>\n<p><strong><span>IETEICAMA PORCIJA DIENAS LIETO\u0160ANAI:<\/span><\/strong><\/p>\n<p>2 kapsulas 3 reizes dien\u0101 \u0113diena laik\u0101. Nep\u0101rsniegt ieteicamo dienas dozi.<\/p>\n<hr\/>\n<p><strong><span>GLAB\u0100\u0160ANA:<\/span><\/strong><\/p>\n<p>Glab\u0101t saus\u0101 un v\u0113s\u0101, b\u0113rniem nepieejam\u0101 viet\u0101.<\/p>\n<p><span>NATURE&#8217;S SUNSHINE MUDINA VESEL\u012aGAM DZ\u012aVESVEIDAM.<\/span><br \/><span>Di\u0113tas bag\u0101tin\u0101t\u0101ji nevar b\u016bt lietoti k\u0101 diferenc\u0113tas di\u0113tas aizst\u0101j\u0113ji. Balans\u0113ta di\u0113ta un vesel\u012bgs dz\u012bvesveids ir organisma pareizas funkcion\u0113\u0161anas pamats.<\/span><\/p>\n<div>\u00a0<\/div>\n<div><\/div>\n<\/p><\/div>\n<\/p><\/div>\n","protected":false},"excerpt":{"rendered":"<p>S\u0113jas lucerna (Medicago sativa) audz\u0113ta jau 2000 gadus, daudz\u0101s civiliz\u0101cij\u0101s bija dom\u0101ta par br\u012bni\u0161\u0137\u012bgu z\u0101laugu. Lucernas saknes iedzi\u013cin\u0101s zem\u0113, lai pa\u0146emtu miner\u0101lus un nepiecie\u0161amu uzturvielu, kas var b\u016bt nepieejama pie virsmas. Lucerna pieder p\u0101k\u0161augu k\u0101rtai. Lucernas dabiskais izplat\u012bbas are\u0101ls ir Zieme\u013c\u0101frika, \u0100zija un Eiropa. Tagad ir pieejama diezgan visos pasaules re\u0123ionos.\u00a0\u00a0 Augs ir audz\u0113ts, bet ar\u012b bie\u017ei aizaudz.<\/p>\n","protected":false},"featured_media":4085,"comment_status":"open","ping_status":"closed","template":"","meta":{"_kad_blocks_custom_css":"","_kad_blocks_head_custom_js":"","_kad_blocks_body_custom_js":"","_kad_blocks_footer_custom_js":"","_kadence_starter_templates_imported_post":false,"_swpsp_post_exclude":false,"_kad_post_transparent":"","_kad_post_title":"","_kad_post_layout":"","_kad_post_sidebar_id":"","_kad_post_content_style":"","_kad_post_vertical_padding":"","_kad_post_feature":"","_kad_post_feature_position":"","_kad_post_header":false,"_kad_post_footer":false,"_kad_post_classname":""},"product_brand":[],"product_cat":[36,47],"product_tag":[],"class_list":{"0":"post-4319","1":"product","2":"type-product","3":"status-publish","4":"has-post-thumbnail","6":"product_cat-dietiskas-piedevas","7":"product_cat-endokrina-sistema","9":"first","10":"instock","11":"sale","12":"taxable","13":"shipping-taxable","14":"purchasable","15":"product-type-simple","16":"entry","17":"content-bg","18":"loop-entry"},"taxonomy_info":{"product_cat":[{"value":36,"label":"Di\u0113tisk\u0101s piedevas"},{"value":47,"label":"Endokr\u012bn\u0101 sist\u0113ma"}]},"featured_image_src_large":["https:\/\/veselibasskola.lv\/wp-content\/uploads\/2025\/11\/256069291a67085b383c643195a482b9-1024x1024.png",1024,1024,true],"author_info":[],"comment_info":0,"_links":{"self":[{"href":"https:\/\/veselibasskola.lv\/ru\/wp-json\/wp\/v2\/product\/4319","targetHints":{"allow":["GET"]}}],"collection":[{"href":"https:\/\/veselibasskola.lv\/ru\/wp-json\/wp\/v2\/product"}],"about":[{"href":"https:\/\/veselibasskola.lv\/ru\/wp-json\/wp\/v2\/types\/product"}],"replies":[{"embeddable":true,"href":"https:\/\/veselibasskola.lv\/ru\/wp-json\/wp\/v2\/comments?post=4319"}],"wp:featuredmedia":[{"embeddable":true,"href":"https:\/\/veselibasskola.lv\/ru\/wp-json\/wp\/v2\/media\/4085"}],"wp:attachment":[{"href":"https:\/\/veselibasskola.lv\/ru\/wp-json\/wp\/v2\/media?parent=4319"}],"wp:term":[{"taxonomy":"product_brand","embeddable":true,"href":"https:\/\/veselibasskola.lv\/ru\/wp-json\/wp\/v2\/product_brand?post=4319"},{"taxonomy":"product_cat","embeddable":true,"href":"https:\/\/veselibasskola.lv\/ru\/wp-json\/wp\/v2\/product_cat?post=4319"},{"taxonomy":"product_tag","embeddable":true,"href":"https:\/\/veselibasskola.lv\/ru\/wp-json\/wp\/v2\/product_tag?post=4319"}],"curies":[{"name":"wp","href":"https:\/\/api.w.org\/{rel}","templated":true}]}}