{"id":4322,"date":"2026-02-19T19:44:31","date_gmt":"2026-02-19T17:44:31","guid":{"rendered":"https:\/\/veselibasskola.lv\/?post_type=product&#038;p=4322"},"modified":"2026-02-19T19:44:37","modified_gmt":"2026-02-19T17:44:37","slug":"fenugreek-thyme-100-kaps","status":"publish","type":"product","link":"https:\/\/veselibasskola.lv\/ru\/p\/fenugreek-thyme-100-kaps\/","title":{"rendered":"Fenugreek &#038; Thyme (100 kaps.)"},"content":{"rendered":"\n<div>\n<div>\n<p><span><strong>FENUGREEK &amp; THYME \u2013 GRIE\u0136U SIERAMOLI\u0145\u0160 jeb TRIGONELLA un TIMI\u0100NS<\/strong><\/span><\/p>\n<p>UZTURA BAG\u0100TIN\u0100T\u0100JS<\/p>\n<p>Fenugreek &amp; Thyme (Grie\u0137u sieramoli\u0146\u0161 jeb Trigonella un Timi\u0101ns) &#8212; veicina elpo\u0161anas, gremo\u0161anas un im\u016bnsist\u0113mas vesel\u012bbu. Uztura bag\u0101tin\u0101t\u0101js, kas satur r\u016bp\u012bgi atlas\u012btu grie\u0137u sieramoli\u0146u un timi\u0101nu. \u0160\u012bs dabisk\u0101s sast\u0101vda\u013cas pal\u012bdz saglab\u0101t \u0161o svar\u012bgo organisma sist\u0113mu vesel\u012bbu un l\u012bdzsvaru.<\/p>\n<p> <strong>Fenugreek &amp; Thyme galven\u0101s sast\u0101vda\u013cas:<\/strong><\/br><\/p>\n<p>Grie\u0137u sieramoli\u0146\u0161, paz\u012bstams ar\u012b k\u0101 fenugreek, ir \u0101rstniec\u012bbas augs ar ilgu medic\u012bniskas lieto\u0161anas v\u0113sturi. Tas veicina gremo\u0161anas sist\u0113mas darb\u012bbu, pal\u012bdz uztur\u0113t pareizu ku\u0146\u0123a sulas pH l\u012bmeni, normaliz\u0113 cukura un holester\u012bna l\u012bmeni asin\u012bs. Ir v\u0113rts atz\u012bm\u0113t, ka sieramoli\u0146\u0161 ir lielisks l\u012bdzeklis im\u016bnsist\u0113mas stiprin\u0101\u0161anai.<\/p>\n<p>Timi\u0101ns ir augs, kas labi paz\u012bstams ar savu ietekmi uz elpo\u0161anas sist\u0113mas vesel\u012bbu. Tas nomierina elpce\u013cus un sniedz atvieglojumu kaklam. L\u012bdz\u012bgi k\u0101 grie\u0137u sieramoli\u0146\u0161, timi\u0101ns stiprina im\u016bnsist\u0113mu un veicina gremo\u0161anu.<\/p>\n<p><strong>K\u0101 tas darbojas?<\/strong><\/p>\n<p><strong>Elpo\u0161anas sist\u0113ma: <\/strong>Fenugreek &amp; Thyme stiprina elpce\u013cu vesel\u012bbu ar timi\u0101na iedarb\u012bbu.<\/p>\n<p><strong>Gremo\u0161anas sist\u0113ma: <\/strong>grie\u0137u sieramoli\u0146\u0161 un timi\u0101ns stiprina gremo\u0161anas sist\u0113mas vesel\u012bbu, uzlabojot bar\u012bbas vielu uz\u0146em\u0161anu. Tas uzlabo organisma visp\u0101r\u0113jo labsaj\u016btu un komfortu p\u0113c \u0113\u0161anas.<\/p>\n<p><strong>Im\u016bnsist\u0113ma: <\/strong>Fenugreek &amp; Thyme produkta sast\u0101vda\u013cas uzlabo im\u016bnsist\u0113mas darb\u012bbu, stiprinot organisma dabisk\u0101s aizsargsp\u0113jas.<\/p>\n<p>Izv\u0113lieties Fenugreek &amp; Thyme (Grie\u0137u sieramoli\u0146\u0161 jeb Trigonella un Timi\u0101ns) &#8212; dabisku l\u012bdzekli elpo\u0161anas, gremo\u0161anas un im\u016bnsist\u0113mas vesel\u012bbas stiprin\u0101\u0161anai. Nodro\u0161iniet vislab\u0101ko apr\u016bpi savam organismam.<\/p>\n<p><strong>GALVEN\u0100S SAST\u0100VDA\u013bAS:<\/strong><\/p>\n<table>\n<tbody>\n<tr>\n<td>\n<p>Akt\u012bv\u0101s vielas:<\/p>\n<\/td>\n<td>\n<p>Diennakts deva<br \/> (6 kapsulas)<\/br><\/p>\n<\/td>\n<\/tr>\n<tr>\n<td>\n<p>Grie\u0137u sieramoli\u0146a s\u0113klu pulveris <br \/> <em>(Trigonella foenum-graecum)<\/em><\/br><\/p>\n<\/td>\n<td>\n<p> 1800 mg<\/br><\/p>\n<\/td>\n<\/tr>\n<tr>\n<td>\n<p>Timi\u0101na lapu pulveris <br \/> <em>(Thymus vulgaris),<\/em><\/p>\n<\/td>\n<td>\n<p>1050 mg<\/p>\n<\/td>\n<\/tr>\n<\/tbody>\n<\/table>\n<p><strong>SAST\u0100VS:<\/strong><br \/> Grie\u0137u sieramoli\u0146a s\u0113klu pulveris <em>(Trigonella foenum-graecum),<\/em> timi\u0101na lapu pulveris <em>(Thymus vulgaris),<\/em> kapsulas apvalks: \u017eelat\u012bns.<\/p>\n<p><strong>IETEICAM\u0100 DIENNAKTS DEVA<\/strong><strong>:<\/strong> <br \/> 2 kapsulas 3 reizes dien\u0101 \u0113\u0161anas laik\u0101.<\/p>\n<p>Nep\u0101rsniedziet ieteicamo diennakts devu! Pirms medikamentu lieto\u0161anas konsult\u0113jieties ar \u0101rstu vai farmaceitu. Neizmantojiet uztura bag\u0101tin\u0101t\u0101ju k\u0101 pilnv\u0113rt\u012bga un sabalans\u0113ta uztura aizvietot\u0101ju.<\/p>\n<p>Pudele ir plomb\u0113ta. Nelietojiet, ja plomba ir boj\u0101ta vai tr\u016bkst.<\/p>\n<p>Ieteicams izlietot l\u012bdz (m\u0113nesis\/gads), Partijas numurs: sk. iepakojuma apak\u0161pus\u0113. Uzglab\u0101\u0161anas nosac\u012bjumi: Uzglab\u0101t v\u0113s\u0101, saus\u0101, b\u0113rniem neredzam\u0101 un nepieejam\u0101 viet\u0101!<\/p>\n<hr\/>\n<p><span>NATURE&#8217;S SUNSHINE MUDINA VESEL\u012aGAM DZ\u012aVESVEIDAM.<\/span><br \/><span>Di\u0113tas bag\u0101tin\u0101t\u0101ji nevar b\u016bt lietoti k\u0101 diferenc\u0113tas di\u0113tas aizst\u0101j\u0113ji. Balans\u0113ta di\u0113ta un vesel\u012bgs dz\u012bvesveids ir organisma pareizas funkcion\u0113\u0161anas pamats.<\/span><\/p>\n<div><\/div>\n<\/p><\/div>\n<\/p><\/div>\n","protected":false},"excerpt":{"rendered":"<p>Fenugreek &#038; Thyme (Grie\u0137u sieramoli\u0146\u0161 jeb Trigonella un Timi\u0101ns) &#8212; veicina elpo\u0161anas, gremo\u0161anas un im\u016bnsist\u0113mas vesel\u012bbu. Uztura bag\u0101tin\u0101t\u0101js, kas satur r\u016bp\u012bgi atlas\u012btu grie\u0137u sieramoli\u0146u un timi\u0101nu. \u0160\u012bs dabisk\u0101s sast\u0101vda\u013cas pal\u012bdz saglab\u0101t \u0161o svar\u012bgo organisma sist\u0113mu vesel\u012bbu un l\u012bdzsvaru.<\/p>\n","protected":false},"featured_media":2942,"comment_status":"open","ping_status":"closed","template":"","meta":{"_kad_blocks_custom_css":"","_kad_blocks_head_custom_js":"","_kad_blocks_body_custom_js":"","_kad_blocks_footer_custom_js":"","_kadence_starter_templates_imported_post":false,"_swpsp_post_exclude":false,"_kad_post_transparent":"","_kad_post_title":"","_kad_post_layout":"","_kad_post_sidebar_id":"","_kad_post_content_style":"","_kad_post_vertical_padding":"","_kad_post_feature":"","_kad_post_feature_position":"","_kad_post_header":false,"_kad_post_footer":false,"_kad_post_classname":""},"product_brand":[],"product_cat":[36,49,39],"product_tag":[],"class_list":{"0":"post-4322","1":"product","2":"type-product","3":"status-publish","4":"has-post-thumbnail","6":"product_cat-dietiskas-piedevas","7":"product_cat-elposanas-sistema","8":"product_cat-gremosanas-sistema","10":"first","11":"instock","12":"sale","13":"taxable","14":"shipping-taxable","15":"purchasable","16":"product-type-simple","17":"entry","18":"content-bg","19":"loop-entry"},"taxonomy_info":{"product_cat":[{"value":36,"label":"Di\u0113tisk\u0101s piedevas"},{"value":49,"label":"Elpo\u0161anas sist\u0113ma"},{"value":39,"label":"Gremo\u0161anas sist\u0113ma"}]},"featured_image_src_large":["https:\/\/veselibasskola.lv\/wp-content\/uploads\/2023\/12\/9987d8275db9d64026056283f5c361cf-1024x1024.png",1024,1024,true],"author_info":[],"comment_info":0,"_links":{"self":[{"href":"https:\/\/veselibasskola.lv\/ru\/wp-json\/wp\/v2\/product\/4322","targetHints":{"allow":["GET"]}}],"collection":[{"href":"https:\/\/veselibasskola.lv\/ru\/wp-json\/wp\/v2\/product"}],"about":[{"href":"https:\/\/veselibasskola.lv\/ru\/wp-json\/wp\/v2\/types\/product"}],"replies":[{"embeddable":true,"href":"https:\/\/veselibasskola.lv\/ru\/wp-json\/wp\/v2\/comments?post=4322"}],"wp:featuredmedia":[{"embeddable":true,"href":"https:\/\/veselibasskola.lv\/ru\/wp-json\/wp\/v2\/media\/2942"}],"wp:attachment":[{"href":"https:\/\/veselibasskola.lv\/ru\/wp-json\/wp\/v2\/media?parent=4322"}],"wp:term":[{"taxonomy":"product_brand","embeddable":true,"href":"https:\/\/veselibasskola.lv\/ru\/wp-json\/wp\/v2\/product_brand?post=4322"},{"taxonomy":"product_cat","embeddable":true,"href":"https:\/\/veselibasskola.lv\/ru\/wp-json\/wp\/v2\/product_cat?post=4322"},{"taxonomy":"product_tag","embeddable":true,"href":"https:\/\/veselibasskola.lv\/ru\/wp-json\/wp\/v2\/product_tag?post=4322"}],"curies":[{"name":"wp","href":"https:\/\/api.w.org\/{rel}","templated":true}]}}