{"id":4323,"date":"2026-02-19T19:44:31","date_gmt":"2026-02-19T17:44:31","guid":{"rendered":"https:\/\/veselibasskola.lv\/?post_type=product&#038;p=4323"},"modified":"2026-02-19T19:44:37","modified_gmt":"2026-02-19T17:44:37","slug":"defense-maintenance-120-kaps","status":"publish","type":"product","link":"https:\/\/veselibasskola.lv\/ru\/p\/defense-maintenance-120-kaps\/","title":{"rendered":"Defense Maintenance (120 kaps.)"},"content":{"rendered":"\n<div>\n<div>\n<p><span><span><strong><span>Defense Maintenance<\/span><\/strong><\/span><\/span><span><span><span><span><br \/><span><span>Uztura bag\u0101tin\u0101t\u0101js &#8212; 120 kapsulas<\/span><\/span><\/br><\/span><\/span><\/span><\/span><\/p>\n<hr\/>\n<p><strong><span><span><span><span><span><span>Vai varat iedom\u0101ties lab\u0101ku salikumu imunit\u0101tes stiprin\u0101\u0161anai nek\u0101 A, E un C vitam\u012bnu savienojum\u0101 ar cinku un sel\u0113nu? <br \/>Defense Maintenance papildina uzturu ar min\u0113taj\u0101m sast\u0101vda\u013c\u0101m, sniedzot nenov\u0113rt\u0113jamu atbalstu im\u016bnsist\u0113mai. <\/br><\/span><br \/><span>J\u0101piemin ar\u012b produkta sast\u0101v\u0101 ietilpsto\u0161ie \u0101rstniec\u012bbas augi. \u017de\u0146\u0161e\u0146a sakne, akai ogu koncentr\u0101ts, kurkuma, \u0136\u012bnas citronli\u0101na,<br \/>\u00a0k\u0101 ar\u012b rei\u0161i s\u0113ne lieliski atbilst m\u016bsdienu uztura tendenc\u0113m un sniedz m\u016bsu organismam atbalstu daudz\u0101s jom\u0101s.<\/br><\/span><\/br><\/span><\/span><\/span><\/span><\/span><\/strong><\/p>\n<p><span><span><strong>C vitam\u012bns\u00a0<\/strong><\/span><\/span><br \/><span>Pal\u012bdz im\u016bnsist\u0113mai pien\u0101c\u012bgi darboties, veicina kolag\u0113na izstr\u0101di, kas nodro\u0161ina norm\u0101lu kaulu, <br \/>skrim\u0161\u013cu, \u0101das un zobu st\u0101vokli. Ir sp\u0113c\u012bgs antioksidants, palielina dzelzs uzs\u016bk\u0161anos un sniedz atbalstu norm\u0101lu psihes funkciju uztur\u0113\u0161an\u0101.<\/span><\/p>\n<p><span><span><strong>E vitam\u012bns\u00a0<\/strong><\/span><\/span><br \/><span>Ir popul\u0101rs antioksidants \u2013 pasarg\u0101 \u0161\u016bnas no oksidat\u012bv\u0101 stresa.<\/span><\/p>\n<p><span><span><strong>A vitam\u012bns\u00a0<\/strong><\/span><\/span><br \/><span>Veicina norm\u0101lu im\u016bnsist\u0113mas darb\u012bbu, k\u0101 ar\u012b pal\u012bdz saglab\u0101t labu redzi un lieliski pal\u012bdz saglab\u0101t veselu \u0101du.<\/span><\/p>\n<p><span><span><strong>Sel\u0113ns\u00a0<\/strong><\/span><\/span><br \/><span>Veicina imunit\u0101ti, bet ir v\u0113rt\u012bgs ar\u012b tiem, kuri r\u016bp\u0113jas par \u0101das, matu un nagu skaistumu un vesel\u012bbu. V\u012brie\u0161iem cinks pal\u012bdz uztur\u0113t norm\u0101lu testosterona l\u012bmeni.<\/span><\/p>\n<p><span><span><strong>Selen <\/strong><\/span><\/span><br \/><span>Ne vien atbalsta im\u016bnsist\u0113mu, bet veicina ar\u012b vairogdziedzera norm\u0101lu darb\u012bbu, k\u0101 ar\u012b pasarg\u0101 \u0161\u016bnas no oksidat\u012bv\u0101 stresa.<\/span><\/p>\n<p><span><span><strong>\u017de\u0146\u0161e\u0146s\u00a0<\/strong><\/span><\/span><br \/><span>Augs, ko tradicion\u0101li lieto vitalit\u0101tes nodro\u0161in\u0101\u0161anai un pret nogurumu. Tas, protams, sniedz atbalstu ar\u012b im\u016bnsist\u0113mai.\u017de\u0146\u0161e\u0146s\u00a0<\/span><\/p>\n<p><span><span><strong>Kurkuma\u00a0<\/strong><\/span><\/span><br \/><span>Veicina im\u016bnsist\u0113mas un aknu darb\u012bbu un pal\u012bdz saglab\u0101t pien\u0101c\u012bgu plau\u0161u un aug\u0161\u0113jo elpce\u013cu darb\u012bbu.<\/span><\/p>\n<hr\/>\n<div><span><strong>SAST\u0100VDA\u013bAS:\u00a0<\/strong><\/span><br \/><span>L-askorb\u012bnsk\u0101be (C vitam\u012bns), D-alfa-tokoferols (E vitam\u012bns), Sib\u012brijas \u017ee\u0146\u0161e\u0146a saknes pulveris, L-sel\u0113nmetion\u012bna pulveris, spar\u0123e\u013ca stubl\u0101js, augi pulvera veid\u0101: akai &#8212; eiterpes ogu koncentr\u0101ts, broko\u013ca ziedi, lapu k\u0101postu lapas, rei\u0161i s\u0113nes aug\u013c\u0137erme\u0146u ekstrakts, \u0136\u012bnas citronli\u0101nas aug\u013ci, kurkumas sakne\u0146i; beta-karot\u012bns (A vitam\u012bns), cinka glikon\u0101ts, cinka oks\u012bds, retinilpalmit\u0101ts (A vitam\u012bns), kapsulas apvalks (\u017eelat\u012bns, \u016bdens), pretsalipes vielas (tauksk\u0101bes, sil\u012bcija dioks\u012bds, tauksk\u0101bju magnija s\u0101\u013ci).<\/span><\/div>\n<div><span><strong>GALVEN\u0100S SAST\u0100VDA\u013bAS:<\/strong><\/span><br \/><span>Saturs ieteicamaj\u0101 dev\u0101 (1 kaps.):<\/span><br \/><span>A vitam\u012bns &#8230;&#8230;&#8230;&#8230;&#8230;&#8230;.. 500 \u03bcg &#8230;&#8230;&#8230;&#8230;&#8230;. 63% NRV*;\u00a0<\/span><br \/><span>E vitam\u012bns &#8230;&#8230;&#8230;&#8230;&#8230;&#8230;&#8230; 44 mg &#8230;&#8230;&#8230;&#8230;&#8230; 367% NRV;\u00a0<\/span><br \/><span>C vitam\u012bns &#8230;&#8230;&#8230;&#8230;&#8230;&#8230;. 120 mg &#8230;&#8230;&#8230;&#8230;&#8230;.. 150% NRV;<\/span><br \/><span>Cinks &#8230;&#8230;&#8230;&#8230;&#8230;&#8230;&#8230;&#8230;&#8230;&#8230;&#8230;.. 5 mg &#8230;&#8230;&#8230;&#8230;&#8230;.. 50% NRV;\u00a0<\/span><br \/><span>Sel\u0113ns &#8230;&#8230;&#8230;&#8230;&#8230;&#8230;&#8230;&#8230;&#8230;&#8230;&#8230; 25 \u03bcg &#8230;&#8230;&#8230;&#8230;&#8230;.. 45% NRV<\/span><br \/><em>*NRV &#8212; uzturvielu atsauces v\u0113rt\u012bba<br \/>**NRV nav noteikta<br \/><\/em><\/div>\n<div>\u00a0<\/div>\n<div><span><strong>IETEICAM\u0100 DIENAS DEVA:<\/strong><\/span><br \/><span>1 kapsula dien\u0101 \u0113\u0161anas laik\u0101<\/span><br \/><span>Nep\u0101rsniegt ieteicamo dienas devu.<\/span><\/div>\n<hr\/>\n<div>\n<p><span>Uzglab\u0101t saus\u0101 un v\u0113s\u0101 viet\u0101 t\u0101, lai uztura bag\u0101tin\u0101t\u0101js neb\u016btu pieejams maziem b\u0113rniem.<\/span><\/p>\n<\/p><\/div>\n<hr\/>\n<div>\n<p><span>Nature\u2019s Sunshine mudina iev\u0113rot vesel\u012bga dz\u012bvesveida principus. Uztura bag\u0101tin\u0101t\u0101ji nevar b\u016bt lietoti k\u0101 diferenc\u0113tas di\u0113tas aizst\u0101j\u0113ji. Balans\u0113ta di\u0113ta un vesels dz\u012bvesveids ir organisma pareizas funkcion\u0113\u0161anas pamats.<\/span><\/p>\n<\/p><\/div>\n<div><\/div>\n<div><\/div>\n<\/p><\/div>\n<\/p><\/div>\n","protected":false},"excerpt":{"rendered":"<p>Vai varat iedom\u0101ties lab\u0101ku salikumu imunit\u0101tes stiprin\u0101\u0161anai nek\u0101 A, E un C vitam\u012bnu savienojum\u0101 ar cinku un sel\u0113nu? Defense Maintenance papildina uzturu ar min\u0113taj\u0101m sast\u0101vda\u013c\u0101m, sniedzot nenov\u0113rt\u0113jamu atbalstu im\u016bnsist\u0113mai. J\u0101piemin ar\u012b produkta sast\u0101v\u0101 ietilpsto\u0161ie \u0101rstniec\u012bbas augi. \u017de\u0146\u0161e\u0146a sakne, akai ogu koncentr\u0101ts, kurkuma, \u0136\u012bnas citronli\u0101na, \u00a0k\u0101 ar\u012b rei\u0161i s\u0113ne lieliski atbilst m\u016bsdienu uztura tendenc\u0113m un sniedz m\u016bsu organismam atbalstu daudz\u0101s jom\u0101s.<\/p>\n","protected":false},"featured_media":2986,"comment_status":"open","ping_status":"closed","template":"","meta":{"_kad_blocks_custom_css":"","_kad_blocks_head_custom_js":"","_kad_blocks_body_custom_js":"","_kad_blocks_footer_custom_js":"","_kadence_starter_templates_imported_post":false,"_swpsp_post_exclude":false,"_kad_post_transparent":"","_kad_post_title":"","_kad_post_layout":"","_kad_post_sidebar_id":"","_kad_post_content_style":"","_kad_post_vertical_padding":"","_kad_post_feature":"","_kad_post_feature_position":"","_kad_post_header":false,"_kad_post_footer":false,"_kad_post_classname":""},"product_brand":[],"product_cat":[36,42],"product_tag":[],"class_list":{"0":"post-4323","1":"product","2":"type-product","3":"status-publish","4":"has-post-thumbnail","6":"product_cat-dietiskas-piedevas","7":"product_cat-imunsistema","9":"first","10":"instock","11":"sale","12":"taxable","13":"shipping-taxable","14":"purchasable","15":"product-type-simple","16":"entry","17":"content-bg","18":"loop-entry"},"taxonomy_info":{"product_cat":[{"value":36,"label":"Di\u0113tisk\u0101s piedevas"},{"value":42,"label":"Im\u016bnsist\u0113ma"}]},"featured_image_src_large":["https:\/\/veselibasskola.lv\/wp-content\/uploads\/2023\/12\/fafbe1bd31c5dd5f6c1f1dd6b9c394d6-1024x1024.png",1024,1024,true],"author_info":[],"comment_info":0,"_links":{"self":[{"href":"https:\/\/veselibasskola.lv\/ru\/wp-json\/wp\/v2\/product\/4323","targetHints":{"allow":["GET"]}}],"collection":[{"href":"https:\/\/veselibasskola.lv\/ru\/wp-json\/wp\/v2\/product"}],"about":[{"href":"https:\/\/veselibasskola.lv\/ru\/wp-json\/wp\/v2\/types\/product"}],"replies":[{"embeddable":true,"href":"https:\/\/veselibasskola.lv\/ru\/wp-json\/wp\/v2\/comments?post=4323"}],"wp:featuredmedia":[{"embeddable":true,"href":"https:\/\/veselibasskola.lv\/ru\/wp-json\/wp\/v2\/media\/2986"}],"wp:attachment":[{"href":"https:\/\/veselibasskola.lv\/ru\/wp-json\/wp\/v2\/media?parent=4323"}],"wp:term":[{"taxonomy":"product_brand","embeddable":true,"href":"https:\/\/veselibasskola.lv\/ru\/wp-json\/wp\/v2\/product_brand?post=4323"},{"taxonomy":"product_cat","embeddable":true,"href":"https:\/\/veselibasskola.lv\/ru\/wp-json\/wp\/v2\/product_cat?post=4323"},{"taxonomy":"product_tag","embeddable":true,"href":"https:\/\/veselibasskola.lv\/ru\/wp-json\/wp\/v2\/product_tag?post=4323"}],"curies":[{"name":"wp","href":"https:\/\/api.w.org\/{rel}","templated":true}]}}