{"id":4324,"date":"2026-02-19T19:44:31","date_gmt":"2026-02-19T17:44:31","guid":{"rendered":"https:\/\/veselibasskola.lv\/?post_type=product&#038;p=4324"},"modified":"2026-02-19T19:44:37","modified_gmt":"2026-02-19T17:44:37","slug":"zobu-pasta-sunshine-brite-100g","status":"publish","type":"product","link":"https:\/\/veselibasskola.lv\/ru\/p\/zobu-pasta-sunshine-brite-100g\/","title":{"rendered":"Zobu pasta &#8212; Sunshine Brite (100g)"},"content":{"rendered":"\n<div>\n<div>\n<p><span><strong><span>Sunshine Brite<\/span><\/strong><\/span><\/p>\n<div>\n<div>\n<div>\n<div>\n<h4><span>ZOBUPASTA<\/span><\/h4>\n<\/p><\/div>\n<\/p><\/div>\n<\/p><\/div>\n<\/p><\/div>\n<hr\/>\n<div>\n<div>\n<div>\n<div>\n<p><span>Nature\u2019s Sunshine zobupasta, pateicoties r\u016bp\u012bgi izmekl\u0113tiem komponentiem, kompleks\u0101 pal\u012bdz r\u016bp\u0113ties par j\u016bsu mutes vesel\u012bbu. <br \/>Sunshine Brite sast\u0101v\u0101 satur labi paz\u012bstamus komponentus, izmantotus zobupastu izgatavo\u0161an\u0101, k\u0101 mentols, kas atsvaidzina muti, kalcija karbon\u0101ts zobu pul\u0113\u0161anai, n\u0101trija bikarbon\u0101ts bakt\u0113riju sk\u0101bes neitraliz\u0113\u0161anai, <br \/>\u00a0<br \/>vai silicija dioks\u012bds, kas lieliski likvid\u0113 nokr\u0101sojumus un neboj\u0101 emalju.<br \/>Bet Sunshine Brite augu izcelsmes sast\u0101vda\u013cas veido \u0161o \u0101rk\u0101rt\u0113ju produktu.<\/br><\/br><\/br><\/br><\/span><\/p>\n<ul>\n<li><span>Commiphora abyssinica un pl\u016b\u0161koku aug\u013cu ekstrakts &#8212; pal\u012bdz izvair\u012bties no iekaisumiem mut\u0113.<\/span><\/li>\n<li><span>Za\u013cas t\u0113jas ekstrakts &#8212; pal\u012bdz izvair\u012bties no paradontozes, raksturos ar pretkariesa \u012bpa\u0161\u012bb\u0101m un sarg\u0101 no nepat\u012bkamas smar\u017eas mut\u0113.<\/span><\/li>\n<li><span>Kan\u0101das zeltsakne &#8212; pal\u012bdz izvair\u012bties no smaganu iekaisumiem.<\/span><\/li>\n<\/ul><\/div>\n<\/p><\/div>\n<\/p><\/div>\n<\/p><\/div>\n<hr\/>\n<div>\n<div>\n<div>\n<div>\n<p><span><strong><span>LIETO\u0160ANA:<\/span><\/strong><br \/><\/span><\/p>\n<p><span>Mazg\u0101jiet zobu vismaz divas reizes dien\u0101 p\u0113c \u0113dieniem. Regul\u0101ri apmekl\u0113jiet stomatologu.<br \/>Lai sasniegtu maksim\u0101lu rezult\u0101tu, atst\u0101jiet putotu pastu uz vismaz vienu min\u016bti, p\u0113c tam noskalojiet.<\/span><\/p>\n<\/p><\/div>\n<\/p><\/div>\n<\/p><\/div>\n<\/p><\/div>\n<div>\u00a0<\/div>\n<div><\/div>\n<\/p><\/div>\n<\/p><\/div>\n","protected":false},"excerpt":{"rendered":"<p>Nature\u2019s Sunshine zobupasta, pateicoties r\u016bp\u012bgi izmekl\u0113tiem komponentiem, kompleks\u0101 pal\u012bdz r\u016bp\u0113ties par j\u016bsu mutes vesel\u012bbu. Sunshine Brite sast\u0101v\u0101 satur labi paz\u012bstamus komponentus, izmantotus zobupastu izgatavo\u0161an\u0101, k\u0101 mentols, kas atsvaidzina muti, kalcija karbon\u0101ts zobu pul\u0113\u0161anai, n\u0101trija bikarbon\u0101ts bakt\u0113riju sk\u0101bes neitraliz\u0113\u0161anai, vai silicija dioks\u012bds, kas lieliski likvid\u0113 nokr\u0101sojumus un neboj\u0101 emalju. Bet Sunshine Brite augu izcelsmes sast\u0101vda\u013cas veido \u0161o \u0101rk\u0101rt\u0113ju produktu.<\/p>\n","protected":false},"featured_media":4073,"comment_status":"open","ping_status":"closed","template":"","meta":{"_kad_blocks_custom_css":"","_kad_blocks_head_custom_js":"","_kad_blocks_body_custom_js":"","_kad_blocks_footer_custom_js":"","_kadence_starter_templates_imported_post":false,"_swpsp_post_exclude":false,"_kad_post_transparent":"","_kad_post_title":"","_kad_post_layout":"","_kad_post_sidebar_id":"","_kad_post_content_style":"","_kad_post_vertical_padding":"","_kad_post_feature":"","_kad_post_feature_position":"","_kad_post_header":false,"_kad_post_footer":false,"_kad_post_classname":""},"product_brand":[],"product_cat":[39,37],"product_tag":[],"class_list":{"0":"post-4324","1":"product","2":"type-product","3":"status-publish","4":"has-post-thumbnail","6":"product_cat-gremosanas-sistema","7":"product_cat-kosmetika","9":"first","10":"instock","11":"sale","12":"taxable","13":"shipping-taxable","14":"purchasable","15":"product-type-simple","16":"entry","17":"content-bg","18":"loop-entry"},"taxonomy_info":{"product_cat":[{"value":39,"label":"Gremo\u0161anas sist\u0113ma"},{"value":37,"label":"Kosm\u0113tika"}]},"featured_image_src_large":["https:\/\/veselibasskola.lv\/wp-content\/uploads\/2025\/11\/de2c47e6483b47e89793769e5d3b215b-1024x1024.png",1024,1024,true],"author_info":[],"comment_info":0,"_links":{"self":[{"href":"https:\/\/veselibasskola.lv\/ru\/wp-json\/wp\/v2\/product\/4324","targetHints":{"allow":["GET"]}}],"collection":[{"href":"https:\/\/veselibasskola.lv\/ru\/wp-json\/wp\/v2\/product"}],"about":[{"href":"https:\/\/veselibasskola.lv\/ru\/wp-json\/wp\/v2\/types\/product"}],"replies":[{"embeddable":true,"href":"https:\/\/veselibasskola.lv\/ru\/wp-json\/wp\/v2\/comments?post=4324"}],"wp:featuredmedia":[{"embeddable":true,"href":"https:\/\/veselibasskola.lv\/ru\/wp-json\/wp\/v2\/media\/4073"}],"wp:attachment":[{"href":"https:\/\/veselibasskola.lv\/ru\/wp-json\/wp\/v2\/media?parent=4324"}],"wp:term":[{"taxonomy":"product_brand","embeddable":true,"href":"https:\/\/veselibasskola.lv\/ru\/wp-json\/wp\/v2\/product_brand?post=4324"},{"taxonomy":"product_cat","embeddable":true,"href":"https:\/\/veselibasskola.lv\/ru\/wp-json\/wp\/v2\/product_cat?post=4324"},{"taxonomy":"product_tag","embeddable":true,"href":"https:\/\/veselibasskola.lv\/ru\/wp-json\/wp\/v2\/product_tag?post=4324"}],"curies":[{"name":"wp","href":"https:\/\/api.w.org\/{rel}","templated":true}]}}