{"id":4325,"date":"2026-02-19T19:44:32","date_gmt":"2026-02-19T17:44:32","guid":{"rendered":"https:\/\/veselibasskola.lv\/?post_type=product&#038;p=4325"},"modified":"2026-02-19T19:44:37","modified_gmt":"2026-02-19T17:44:37","slug":"licorice-root-100-kaps","status":"publish","type":"product","link":"https:\/\/veselibasskola.lv\/ru\/p\/licorice-root-100-kaps\/","title":{"rendered":"Licorice Root (100 kaps.)"},"content":{"rendered":"\n<div>\n<div>\n<p><span><span>Licorice Root<\/span><\/span><br \/>UZTURA BAG\u0100TIN\u0100T\u0100JS<span><span><br \/><\/span><\/span><\/br><\/p>\n<hr\/>\n<p>Lakrica ir augs, kas gadsimtiem ilgi tiek cien\u012bts par sav\u0101m vesel\u012bbu veicino\u0161aj\u0101m \u012bpa\u0161\u012bb\u0101m. Senie grie\u0137i un romie\u0161i uzskat\u012bja to par z\u0101l\u0113m pret saaukst\u0113\u0161anos.\u00a0<\/p>\n<p>Pa\u0161laik lakrica, un jo \u012bpa\u0161i t\u0101s sakne tiek cien\u012btas par pla\u0161u iedarb\u012bbas spektru, kas aptver elpce\u013cus, gremo\u0161anu, psihisko vesel\u012bbu un imunit\u0101ti.\u00a0<\/p>\n<ul>\n<li><span>T\u0101 veicina pareizu aug\u0161\u0113jo elpce\u013cu darb\u012bbu.<\/span><\/li>\n<li><span>Atbalsta imunit\u0101ti.<\/span><\/li>\n<li><span>\u013bauj uztur\u0113t psiholo\u0123isko mieru.\u00a0<\/span><\/li>\n<li><span>Atbalsta gar\u012bg\u0101s funkcijas.<\/span><\/li>\n<li><span>Veicina gremo\u0161anas trakta darb\u012bbu.\u00a0<\/span><\/li>\n<li><span>Atbalsta ku\u0146\u0123a un zarnu g\u013cot\u0101das aizsardz\u012bbu.<\/span><\/li>\n<li><span>Atbalsta visas reprodukt\u012bv\u0101s sist\u0113mas funkcijas.<\/span><\/li>\n<li><span>Atbalsta prostatas vesel\u012bbu.<\/span><\/li>\n<li><span>Pal\u012bdz uztur\u0113t labu \u0101das st\u0101vokli.\u00a0<\/span><\/li>\n<\/ul>\n<table>\n<tbody>\n<tr>\n<td>\n<p><span>Akt\u012bv\u0101s sast\u0101vda\u013cas: <\/span><\/p>\n<\/td>\n<td>\n<p><span>Dienas porcij\u0101<br \/> (se\u0161as kapsulas)<\/br><\/span><\/p>\n<\/td>\n<\/tr>\n<tr>\n<td>\n<p><span>Kail\u0101 lakrica<br \/> <em>(Glycyrrhiza glabra)<\/em><\/br><\/span><\/p>\n<\/td>\n<td>\n<p><span><br \/> 2376\u00a0mg<\/span><\/p>\n<\/td>\n<\/tr>\n<\/tbody>\n<\/table>\n<hr\/>\n<p><strong>Sast\u0101vda\u013cas:\u00a0<\/strong><\/p>\n<p>kail\u0101s lakricas saknes pulveris (Glycyrrhiza glabra), kapsulas apvalks (\u017eelat\u012bns), pretsalipes viela (tauksk\u0101bju magnija s\u0101\u013ci), nes\u0113ji (sil\u012bcija dioks\u012bds).<\/p>\n<p><strong>Ieteicam\u0101 porcija pat\u0113ri\u0146am dienas laik\u0101:\u00a0<\/strong><\/p>\n<p>divas kapsulas tr\u012bs reizes kop\u0101 ar \u0113dienu.<\/p>\n<p>Nep\u0101rsniegt ieteicamo dienas devu! Z\u0101\u013cu pie\u0146em\u0161anas gad\u012bjum\u0101 pirms lieto\u0161anas konsult\u0113jieties ar \u0101rstu vai farmaceitu. Uztura bag\u0101tin\u0101t\u0101ju nedr\u012bkst lietot k\u0101 daudzveid\u012bga uztura aizst\u0101j\u0113ju.<\/p>\n<hr\/>\n<p><span>NATURE&#8217;S SUNSHINE MUDINA VESEL\u012aGAM DZ\u012aVESVEIDAM.<\/span><br \/><span>Di\u0113tas bag\u0101tin\u0101t\u0101ji nevar b\u016bt lietoti k\u0101 diferenc\u0113tas di\u0113tas aizst\u0101j\u0113ji. Balans\u0113ta di\u0113ta un vesel\u012bgs dz\u012bvesveids ir organisma pareizas funkcion\u0113\u0161anas pamats.<\/span><\/p>\n<p><strong>\u00a0<\/strong><\/p>\n<p><strong><\/strong><\/p>\n<div><\/div>\n<\/p><\/div>\n<\/p><\/div>\n","protected":false},"excerpt":{"rendered":"<p>Lakrica ir augs, kas gadsimtiem ilgi tiek cien\u012bts par sav\u0101m vesel\u012bbu veicino\u0161aj\u0101m \u012bpa\u0161\u012bb\u0101m. Senie grie\u0137i un romie\u0161i uzskat\u012bja to par z\u0101l\u0113m pret saaukst\u0113\u0161anos.\u00a0  Pa\u0161laik lakrica, un jo \u012bpa\u0161i t\u0101s sakne tiek cien\u012btas par pla\u0161u iedarb\u012bbas spektru, kas aptver elpce\u013cus, gremo\u0161anu, psihisko vesel\u012bbu un imunit\u0101ti.<\/p>\n","protected":false},"featured_media":4082,"comment_status":"open","ping_status":"closed","template":"","meta":{"_kad_blocks_custom_css":"","_kad_blocks_head_custom_js":"","_kad_blocks_body_custom_js":"","_kad_blocks_footer_custom_js":"","_kadence_starter_templates_imported_post":false,"_swpsp_post_exclude":false,"_kad_post_transparent":"","_kad_post_title":"","_kad_post_layout":"","_kad_post_sidebar_id":"","_kad_post_content_style":"","_kad_post_vertical_padding":"","_kad_post_feature":"","_kad_post_feature_position":"","_kad_post_header":false,"_kad_post_footer":false,"_kad_post_classname":""},"product_brand":[],"product_cat":[36,49,39,48],"product_tag":[],"class_list":{"0":"post-4325","1":"product","2":"type-product","3":"status-publish","4":"has-post-thumbnail","6":"product_cat-dietiskas-piedevas","7":"product_cat-elposanas-sistema","8":"product_cat-gremosanas-sistema","9":"product_cat-urincelu-sistema","11":"first","12":"instock","13":"sale","14":"taxable","15":"shipping-taxable","16":"purchasable","17":"product-type-simple","18":"entry","19":"content-bg","20":"loop-entry"},"taxonomy_info":{"product_cat":[{"value":36,"label":"Di\u0113tisk\u0101s piedevas"},{"value":49,"label":"Elpo\u0161anas sist\u0113ma"},{"value":39,"label":"Gremo\u0161anas sist\u0113ma"},{"value":48,"label":"Ur\u012bnce\u013cu sist\u0113ma"}]},"featured_image_src_large":["https:\/\/veselibasskola.lv\/wp-content\/uploads\/2025\/11\/7ffdcf50e13db13d945f2cf6c36ba1d4-1024x1024.png",1024,1024,true],"author_info":[],"comment_info":0,"_links":{"self":[{"href":"https:\/\/veselibasskola.lv\/ru\/wp-json\/wp\/v2\/product\/4325","targetHints":{"allow":["GET"]}}],"collection":[{"href":"https:\/\/veselibasskola.lv\/ru\/wp-json\/wp\/v2\/product"}],"about":[{"href":"https:\/\/veselibasskola.lv\/ru\/wp-json\/wp\/v2\/types\/product"}],"replies":[{"embeddable":true,"href":"https:\/\/veselibasskola.lv\/ru\/wp-json\/wp\/v2\/comments?post=4325"}],"wp:featuredmedia":[{"embeddable":true,"href":"https:\/\/veselibasskola.lv\/ru\/wp-json\/wp\/v2\/media\/4082"}],"wp:attachment":[{"href":"https:\/\/veselibasskola.lv\/ru\/wp-json\/wp\/v2\/media?parent=4325"}],"wp:term":[{"taxonomy":"product_brand","embeddable":true,"href":"https:\/\/veselibasskola.lv\/ru\/wp-json\/wp\/v2\/product_brand?post=4325"},{"taxonomy":"product_cat","embeddable":true,"href":"https:\/\/veselibasskola.lv\/ru\/wp-json\/wp\/v2\/product_cat?post=4325"},{"taxonomy":"product_tag","embeddable":true,"href":"https:\/\/veselibasskola.lv\/ru\/wp-json\/wp\/v2\/product_tag?post=4325"}],"curies":[{"name":"wp","href":"https:\/\/api.w.org\/{rel}","templated":true}]}}