{"id":4326,"date":"2026-02-19T19:44:32","date_gmt":"2026-02-19T17:44:32","guid":{"rendered":"https:\/\/veselibasskola.lv\/?post_type=product&#038;p=4326"},"modified":"2026-02-19T19:44:37","modified_gmt":"2026-02-19T17:44:37","slug":"essential-oil-tea-tree","status":"publish","type":"product","link":"https:\/\/veselibasskola.lv\/ru\/p\/essential-oil-tea-tree\/","title":{"rendered":"Essential Oil &#8212; Tea Tree"},"content":{"rendered":"\n<div>\n<div>\n<p><span><strong>TEA TREE OIL<\/strong><\/span><\/p>\n<p><strong>RE\u0122ENER\u0100CIJA UN VITALIT\u0100TES ATJAUNO\u0160ANA<\/strong><\/p>\n<p>T\u0113jas koka e\u013c\u013ca, kas paz\u012bstama k\u0101 \u201cAntipodes br\u012bnums, tiek ieg\u016bta t\u0113jas koka, kas aug Austr\u0101lij\u0101. Skaidru, t\u012bru t\u0113jas koka arom\u0101tu bie\u017ei izmanto \u0161amp\u016bnos un balzamos.<\/p>\n<p><span>\u2022\u00a0<\/span><span><strong><em>atdz\u012bvino\u0161a un re\u0123ener\u0113jo\u0161a iedarb\u012bba<\/em><\/strong><\/span><\/p>\n<p><strong>Sast\u0101vda\u013cas:<\/strong><\/p>\n<p>Melaleuca alternifolia &#8212; t\u0113jas kods<\/p>\n<p>Sast\u0101vda\u013cu izcelsme: Austr\u0101lija<\/p>\n<p>Ieg\u016bta destil\u0101cijas proces\u0101.<\/p>\n<div><strong>Izmantojiet\u00a0<a>Nature\u2019s Sunshine difuzor\u0101.<\/a><\/strong><\/div>\n<div><span>\u00a0<\/span><\/div>\n<div><\/div>\n<\/p><\/div>\n<\/p><\/div>\n","protected":false},"excerpt":{"rendered":"<p>T\u0113jas koka e\u013c\u013ca, kas paz\u012bstama k\u0101 \u201cAntipodes br\u012bnums&#187;, tiek ieg\u016bta t\u0113jas koka, kas aug Austr\u0101lij\u0101. Skaidru, t\u012bru t\u0113jas koka arom\u0101tu bie\u017ei izmanto \u0161amp\u016bnos un balzamos.<\/p>\n","protected":false},"featured_media":2775,"comment_status":"open","ping_status":"closed","template":"","meta":{"_kad_blocks_custom_css":"","_kad_blocks_head_custom_js":"","_kad_blocks_body_custom_js":"","_kad_blocks_footer_custom_js":"","_kadence_starter_templates_imported_post":false,"_swpsp_post_exclude":false,"_kad_post_transparent":"","_kad_post_title":"","_kad_post_layout":"","_kad_post_sidebar_id":"","_kad_post_content_style":"","_kad_post_vertical_padding":"","_kad_post_feature":"","_kad_post_feature_position":"","_kad_post_header":false,"_kad_post_footer":false,"_kad_post_classname":""},"product_brand":[],"product_cat":[44],"product_tag":[],"class_list":{"0":"post-4326","1":"product","2":"type-product","3":"status-publish","4":"has-post-thumbnail","6":"product_cat-autentiskas-eteriskas-ellas","8":"first","9":"instock","10":"sale","11":"taxable","12":"shipping-taxable","13":"purchasable","14":"product-type-simple","15":"entry","16":"content-bg","17":"loop-entry"},"taxonomy_info":{"product_cat":[{"value":44,"label":"Autentiskas \u0113terisk\u0101s e\u013c\u013cas"}]},"featured_image_src_large":["https:\/\/veselibasskola.lv\/wp-content\/uploads\/2023\/12\/acd16461fb6c8b2e56c5b26328400b99.png",283,283,false],"author_info":[],"comment_info":0,"_links":{"self":[{"href":"https:\/\/veselibasskola.lv\/ru\/wp-json\/wp\/v2\/product\/4326","targetHints":{"allow":["GET"]}}],"collection":[{"href":"https:\/\/veselibasskola.lv\/ru\/wp-json\/wp\/v2\/product"}],"about":[{"href":"https:\/\/veselibasskola.lv\/ru\/wp-json\/wp\/v2\/types\/product"}],"replies":[{"embeddable":true,"href":"https:\/\/veselibasskola.lv\/ru\/wp-json\/wp\/v2\/comments?post=4326"}],"wp:featuredmedia":[{"embeddable":true,"href":"https:\/\/veselibasskola.lv\/ru\/wp-json\/wp\/v2\/media\/2775"}],"wp:attachment":[{"href":"https:\/\/veselibasskola.lv\/ru\/wp-json\/wp\/v2\/media?parent=4326"}],"wp:term":[{"taxonomy":"product_brand","embeddable":true,"href":"https:\/\/veselibasskola.lv\/ru\/wp-json\/wp\/v2\/product_brand?post=4326"},{"taxonomy":"product_cat","embeddable":true,"href":"https:\/\/veselibasskola.lv\/ru\/wp-json\/wp\/v2\/product_cat?post=4326"},{"taxonomy":"product_tag","embeddable":true,"href":"https:\/\/veselibasskola.lv\/ru\/wp-json\/wp\/v2\/product_tag?post=4326"}],"curies":[{"name":"wp","href":"https:\/\/api.w.org\/{rel}","templated":true}]}}