{"id":4327,"date":"2026-02-19T19:44:32","date_gmt":"2026-02-19T17:44:32","guid":{"rendered":"https:\/\/veselibasskola.lv\/?post_type=product&#038;p=4327"},"modified":"2026-02-19T19:44:38","modified_gmt":"2026-02-19T17:44:38","slug":"kelp-100-kaps","status":"publish","type":"product","link":"https:\/\/veselibasskola.lv\/ru\/p\/kelp-100-kaps\/","title":{"rendered":"Kelp (100 kaps.)"},"content":{"rendered":"\n<div>\n<div>\n<p><strong><span>\u041aELP<\/span><\/strong><\/p>\n<h4><span>DIETAS BAG\u0100TIN\u0100T\u0100JI<\/span><\/h4>\n<hr\/>\n<p>J\u016bras un oke\u0101ni &#8212; visbag\u0101t\u0101k\u0101s ar miner\u0101lviel\u0101m vietas Zem\u0113. Gar krastiem aug a\u013c\u0123es, sauktas br\u016bna\u013c\u0123es (br\u016bnas j\u016bras a\u013c\u0123es).\u00a0<br \/>Br\u016bna\u013c\u0123es absorb\u0113 uzturvielu no vides, kur dz\u012bvo, k\u013c\u016bstot par to bag\u0101tu avotu.<br \/>T\u0101p\u0113c ir svar\u012bgi dietas bag\u0101tin\u0101t\u0101ji Jap\u0101nas un Polin\u0113zijas iedz\u012bvot\u0101jiem.<br \/>Produkts Kelp tika sagatavots dom\u0101jot par joda nodo\u0161anu organismam. Br\u016bnas j\u016bras a\u013c\u0123es nodro\u0161ina joda daudzumu organismam, nepiecie\u0161amu joda apmai\u0146as fiziolo\u0123iskai pa\u0161regul\u0113\u0161anai.\u00a0\u00a0<\/br><\/br><\/br><\/p>\n<p>Br\u016bnas j\u016bras a\u013c\u0123es pastiprina ar\u012b imunit\u0101ti.<\/p>\n<p><strong>Jods\u00a0<\/strong>ir \u0137\u012bmisk\u0101 viela no halogen\u012bdu grupas, un ir viens no maz\u0101k izplat\u012btiem elementiem vid\u0113.\u00a0<br \/>Pieejams ir j\u016bras \u016bde\u0146os un s\u0101ls\u016bde\u0146os. Var b\u016bt atrasts ar\u012b p\u0101rtikas produktos, ja tie izcels no teritorij\u0101m, kur jods atrodas augsn\u0113 un \u016bde\u0146os.<br \/>Cilv\u0113ka organism\u0101 ir ap 30-50 mg joda. Visliel\u0101kais daudzums atrodas vairogdziedzer\u012b, kur \u0161is elements var b\u016bt uzkr\u0101ts.<\/br><\/p>\n<ul>\n<li>Br\u016bnas j\u016bras a\u013c\u0123es raksturos ar organisma funkcijas visp\u0101r\u0113j\u0101m re\u0123ener\u0113jo\u0161\u0101m \u012bpa\u0161\u012bb\u0101m.<\/li>\n<li>Br\u016bnas j\u016bras a\u013c\u0123es labv\u0113l\u012bgi ietekm\u0113 uz gremo\u0161anas trakta funkcion\u0113\u0161anu.<\/li>\n<\/ul>\n<hr\/>\n<p><strong><span>SAST\u0100VS:<\/span><\/strong><\/p>\n<p>br\u016bnas j\u016bras a\u013c\u0123es, kapsulas \u010daula (\u017eelat\u012bns), nes\u0113ji (tauksk\u0101bju magnija s\u0101\u013ci, silicija dioks\u012bds)<\/p>\n<hr\/>\n<p><strong><span>SVAR\u012aGAS SAST\u0100VDA\u013bAS:<\/span><\/strong><\/p>\n<p>Saturs ieteicam\u0101 porcij\u0101 (4 kaps.):<br \/>Br\u016bnas j\u016bras a\u013c\u0123es &#8230;&#8230;.. 2100 mg*<br \/>*Nenoteikt\u0101 ieteicama dienas doze.<\/p>\n<hr\/>\n<p><strong><span>IETEICAMA PORCIJA DIENAS LIETO\u0160ANAI:<\/span><\/strong><br \/>2 kapsulas 2 reizes dien\u0101 \u0113diena laik\u0101. Nep\u0101rsniegt ieteicamo dienas dozi.<\/p>\n<hr\/>\n<p><strong><span>GLAB\u0100\u0160ANA:\u00a0<\/span><\/strong><\/p>\n<p>Glab\u0101t saus\u0101 un v\u0113s\u0101, b\u0113rniem nepieejam\u0101 viet\u0101.<\/p>\n<p><span>Maisto papildai negali b\u016bti naudojami kaip subalansuotos mitybos pakaitalas.<\/span><\/p>\n<p><span>Subalansuota mityba bei sveikas gyvenimo b\u016bdas yra teisingo organizmo funkcionavimo papild<\/span><\/p>\n<div><\/div>\n<\/p><\/div>\n<\/p><\/div>\n","protected":false},"excerpt":{"rendered":"<p>J\u016bras un oke\u0101ni &#8212; visbag\u0101t\u0101k\u0101s ar miner\u0101lviel\u0101m vietas Zem\u0113. Gar krastiem aug a\u013c\u0123es, sauktas br\u016bna\u013c\u0123es (br\u016bnas j\u016bras a\u013c\u0123es).\u00a0 Br\u016bna\u013c\u0123es absorb\u0113 uzturvielu no vides, kur dz\u012bvo, k\u013c\u016bstot par to bag\u0101tu avotu. T\u0101p\u0113c ir svar\u012bgi dietas bag\u0101tin\u0101t\u0101ji Jap\u0101nas un Polin\u0113zijas iedz\u012bvot\u0101jiem. Produkts Kelp tika sagatavots dom\u0101jot par joda nodo\u0161anu organismam. Br\u016bnas j\u016bras a\u013c\u0123es nodro\u0161ina joda daudzumu organismam, nepiecie\u0161amu joda apmai\u0146as fiziolo\u0123iskai pa\u0161regul\u0113\u0161anai.\u00a0\u00a0  Br\u016bnas j\u016bras a\u013c\u0123es pastiprina ar\u012b imunit\u0101ti.<\/p>\n","protected":false},"featured_media":2846,"comment_status":"open","ping_status":"closed","template":"","meta":{"_kad_blocks_custom_css":"","_kad_blocks_head_custom_js":"","_kad_blocks_body_custom_js":"","_kad_blocks_footer_custom_js":"","_kadence_starter_templates_imported_post":false,"_swpsp_post_exclude":false,"_kad_post_transparent":"","_kad_post_title":"","_kad_post_layout":"","_kad_post_sidebar_id":"","_kad_post_content_style":"","_kad_post_vertical_padding":"","_kad_post_feature":"","_kad_post_feature_position":"","_kad_post_header":false,"_kad_post_footer":false,"_kad_post_classname":""},"product_brand":[],"product_cat":[36,47,41],"product_tag":[],"class_list":{"0":"post-4327","1":"product","2":"type-product","3":"status-publish","4":"has-post-thumbnail","6":"product_cat-dietiskas-piedevas","7":"product_cat-endokrina-sistema","8":"product_cat-energija-un-vielmaina","10":"first","11":"instock","12":"sale","13":"taxable","14":"shipping-taxable","15":"purchasable","16":"product-type-simple","17":"entry","18":"content-bg","19":"loop-entry"},"taxonomy_info":{"product_cat":[{"value":36,"label":"Di\u0113tisk\u0101s piedevas"},{"value":47,"label":"Endokr\u012bn\u0101 sist\u0113ma"},{"value":41,"label":"Ener\u0123ija un vielmai\u0146a"}]},"featured_image_src_large":["https:\/\/veselibasskola.lv\/wp-content\/uploads\/2023\/12\/20cd2022e4e5c4bd562ac3eb8dc603bc-1024x1024.png",1024,1024,true],"author_info":[],"comment_info":0,"_links":{"self":[{"href":"https:\/\/veselibasskola.lv\/ru\/wp-json\/wp\/v2\/product\/4327","targetHints":{"allow":["GET"]}}],"collection":[{"href":"https:\/\/veselibasskola.lv\/ru\/wp-json\/wp\/v2\/product"}],"about":[{"href":"https:\/\/veselibasskola.lv\/ru\/wp-json\/wp\/v2\/types\/product"}],"replies":[{"embeddable":true,"href":"https:\/\/veselibasskola.lv\/ru\/wp-json\/wp\/v2\/comments?post=4327"}],"wp:featuredmedia":[{"embeddable":true,"href":"https:\/\/veselibasskola.lv\/ru\/wp-json\/wp\/v2\/media\/2846"}],"wp:attachment":[{"href":"https:\/\/veselibasskola.lv\/ru\/wp-json\/wp\/v2\/media?parent=4327"}],"wp:term":[{"taxonomy":"product_brand","embeddable":true,"href":"https:\/\/veselibasskola.lv\/ru\/wp-json\/wp\/v2\/product_brand?post=4327"},{"taxonomy":"product_cat","embeddable":true,"href":"https:\/\/veselibasskola.lv\/ru\/wp-json\/wp\/v2\/product_cat?post=4327"},{"taxonomy":"product_tag","embeddable":true,"href":"https:\/\/veselibasskola.lv\/ru\/wp-json\/wp\/v2\/product_tag?post=4327"}],"curies":[{"name":"wp","href":"https:\/\/api.w.org\/{rel}","templated":true}]}}