{"id":4328,"date":"2026-02-19T19:44:32","date_gmt":"2026-02-19T17:44:32","guid":{"rendered":"https:\/\/veselibasskola.lv\/?post_type=product&#038;p=4328"},"modified":"2026-02-19T19:44:38","modified_gmt":"2026-02-19T17:44:38","slug":"zambroza-458-ml","status":"publish","type":"product","link":"https:\/\/veselibasskola.lv\/ru\/p\/zambroza-458-ml\/","title":{"rendered":"Zambroza (458 ml)"},"content":{"rendered":"\n<div>\n<div>\n<h1><span>ZAMBROZA<\/span><\/h1>\n<h4><span>DIETAS BAG\u0100TIN\u0100T\u0100JI<\/span><\/h4>\n<hr\/>\n<p>Zambroza ir dietas bag\u0101tin\u0101t\u0101js ar prec\u012bzi izv\u0113l\u0113tu sast\u0101vu. Nature\u2019s\u00a0 Susnhine\u00a0 sav\u0101ca visvesel\u012bg\u0101kos aug\u013cus no visas pasaules un apvienoja vien\u0101 gar\u0161\u012bg\u0101 dz\u0113rien\u0101. <br \/>Zambroz\u0101 varam atrast parasto aveni, Amerikas v\u012bnogu, parasto l\u012bciju un citu \u013coti vesel\u012bgu augu. <br \/>Zambrozas galven\u0101 sast\u0101vda\u013ca ir perikarps (Garcinia mangostana), kas audz austrumu tropisk\u0101s valst\u012bs, piem., Taizem\u0113. <br \/>Viena no produkta sast\u0101vda\u013c\u0101m, smilts\u0113rk\u0161\u0137u ekstrakts, uzlabo g\u013cotu acs, maksts vai mutes sausum\u0101 gad\u012bjum\u0101.<\/br><\/br><\/br><\/p>\n<ul>\n<li>Smilts\u0113rk\u0161\u0137i mudina im\u016bno sist\u0113mu.<\/li>\n<li>Smilts\u0113rk\u0161\u0137i pastiprina sirdi.<\/li>\n<li>Smilts\u0113rk\u0161\u0137i mudina gremo\u0161anas sist\u0113mas aktivit\u0101ti un pal\u012bdz vielmai\u0146\u0101.<\/li>\n<\/ul>\n<hr\/>\n<p><strong><span>SAST\u0100VS:<\/span><\/strong><\/p>\n<p>att\u012br\u012bts \u016bdens; parast\u0101 avene; parastais v\u012bnoga; Amerikas v\u012bnoga; augst\u0101 br\u016bklene; attiec\u012bg\u0101 mangost\u0101na aug\u013ca pulveris; <br \/>sarkanu v\u012bnogu mizu ekstrakts; mangost\u0101na aug\u013cu ekstrakts; smilts\u0113rk\u0161\u0137u aug\u013cu ekstrakts; parast\u0101 l\u012bcija aug\u013cu ekstrakts; <br \/>konservants: n\u0101trija benzo\u0101ts; sarkanu v\u012bnogu kauli\u0146u ekstrakts; za\u013cas t\u0113jas lapu ekstrakts; m\u0101jas \u0101beles aug\u013ca ekstrakts<\/br><\/p>\n<hr\/>\n<p><strong><span>SVAR\u012aGAS SAST\u0100VDA\u013bAS:<\/span><\/strong><\/p>\n<p>Saturs ieteicam\u0101 porcij\u0101 (15 ml.):<br \/>Attiec\u012bg\u0101 mangost\u0101na pulveris &#8230;&#8230;&#8230;&#8230;&#8230;&#8230;. 380 mg* <br \/>Attiec\u012bg\u0101 mangost\u0101na aug\u013cu ekstrakts &#8230;&#8230;&#8230;&#8230; 33 mg* <br \/>Smilts\u0113rk\u0161\u0137u ekstrakts &#8230;&#8230;&#8230;&#8230;&#8230;&#8230;&#8230;&#8230;&#8230;. 15 mg*<br \/>* Nenoteikt\u0101 ieteicama dienas doze.<\/p>\n<hr\/>\n<p><strong><span>IETEICAMA PORCIJA DIENAS LIETO\u0160ANAI:<\/span><\/strong><\/p>\n<p>15 ml (1 karote) dien\u0101.\u00a0Pirms lieto\u0161anas pievienojiet \u016bdenim vai citam dz\u0113rienam.<br \/>Nep\u0101rsniegt ieteicamo dienas dozi.<\/p>\n<hr\/>\n<p><strong><span>GLAB\u0100\u0160ANA:<\/span><\/strong> <br \/>Glab\u0101t saus\u0101 un v\u0113s\u0101, b\u0113rniem nepieejam\u0101 viet\u0101. <br \/>P\u0113c atv\u0113r\u0161anas tur\u0113t ledusskap\u012b.<\/p>\n<p><span>NATURE&#8217;S SUNSHINE MUDINA VESEL\u012aGAM DZ\u012aVESVEIDAM.<\/span><br \/><span>Di\u0113tas bag\u0101tin\u0101t\u0101ji nevar b\u016bt lietoti k\u0101 diferenc\u0113tas di\u0113tas aizst\u0101j\u0113ji. Balans\u0113ta di\u0113ta un vesel\u012bgs dz\u012bvesveids ir organisma pareizas funkcion\u0113\u0161anas pamats.<\/span><\/p>\n<div><\/div>\n<\/p><\/div>\n<\/p><\/div>\n","protected":false},"excerpt":{"rendered":"<p>Zambroza ir dietas bag\u0101tin\u0101t\u0101js ar prec\u012bzi izv\u0113l\u0113tu sast\u0101vu. Nature\u2019s\u00a0 Susnhine\u00a0 sav\u0101ca visvesel\u012bg\u0101kos aug\u013cus no visas pasaules un apvienoja vien\u0101 gar\u0161\u012bg\u0101 dz\u0113rien\u0101. Zambroz\u0101 varam atrast parasto aveni, Amerikas v\u012bnogu, parasto l\u012bciju un citu \u013coti vesel\u012bgu augu. Zambrozas galven\u0101 sast\u0101vda\u013ca ir perikarps (Garcinia mangostana), kas audz austrumu tropisk\u0101s valst\u012bs, piem., Taizem\u0113. Viena no produkta sast\u0101vda\u013c\u0101m, smilts\u0113rk\u0161\u0137u ekstrakts, uzlabo g\u013cotu acs, maksts vai mutes sausum\u0101 gad\u012bjum\u0101.<\/p>\n","protected":false},"featured_media":4008,"comment_status":"open","ping_status":"closed","template":"","meta":{"_kad_blocks_custom_css":"","_kad_blocks_head_custom_js":"","_kad_blocks_body_custom_js":"","_kad_blocks_footer_custom_js":"","_kadence_starter_templates_imported_post":false,"_swpsp_post_exclude":false,"_kad_post_transparent":"","_kad_post_title":"","_kad_post_layout":"","_kad_post_sidebar_id":"","_kad_post_content_style":"","_kad_post_vertical_padding":"","_kad_post_feature":"","_kad_post_feature_position":"","_kad_post_header":false,"_kad_post_footer":false,"_kad_post_classname":""},"product_brand":[],"product_cat":[40,36,42],"product_tag":[],"class_list":{"0":"post-4328","1":"product","2":"type-product","3":"status-publish","4":"has-post-thumbnail","6":"product_cat-asinsrites-sistema","7":"product_cat-dietiskas-piedevas","8":"product_cat-imunsistema","10":"first","11":"instock","12":"sale","13":"taxable","14":"shipping-taxable","15":"purchasable","16":"product-type-simple","17":"entry","18":"content-bg","19":"loop-entry"},"taxonomy_info":{"product_cat":[{"value":40,"label":"Asinsrites sist\u0113ma"},{"value":36,"label":"Di\u0113tisk\u0101s piedevas"},{"value":42,"label":"Im\u016bnsist\u0113ma"}]},"featured_image_src_large":["https:\/\/veselibasskola.lv\/wp-content\/uploads\/2025\/11\/dd52490cfa26f088aaf7e21fa0b9951a-724x1024.png",724,1024,true],"author_info":[],"comment_info":0,"_links":{"self":[{"href":"https:\/\/veselibasskola.lv\/ru\/wp-json\/wp\/v2\/product\/4328","targetHints":{"allow":["GET"]}}],"collection":[{"href":"https:\/\/veselibasskola.lv\/ru\/wp-json\/wp\/v2\/product"}],"about":[{"href":"https:\/\/veselibasskola.lv\/ru\/wp-json\/wp\/v2\/types\/product"}],"replies":[{"embeddable":true,"href":"https:\/\/veselibasskola.lv\/ru\/wp-json\/wp\/v2\/comments?post=4328"}],"wp:featuredmedia":[{"embeddable":true,"href":"https:\/\/veselibasskola.lv\/ru\/wp-json\/wp\/v2\/media\/4008"}],"wp:attachment":[{"href":"https:\/\/veselibasskola.lv\/ru\/wp-json\/wp\/v2\/media?parent=4328"}],"wp:term":[{"taxonomy":"product_brand","embeddable":true,"href":"https:\/\/veselibasskola.lv\/ru\/wp-json\/wp\/v2\/product_brand?post=4328"},{"taxonomy":"product_cat","embeddable":true,"href":"https:\/\/veselibasskola.lv\/ru\/wp-json\/wp\/v2\/product_cat?post=4328"},{"taxonomy":"product_tag","embeddable":true,"href":"https:\/\/veselibasskola.lv\/ru\/wp-json\/wp\/v2\/product_tag?post=4328"}],"curies":[{"name":"wp","href":"https:\/\/api.w.org\/{rel}","templated":true}]}}