{"id":4329,"date":"2026-02-19T19:44:32","date_gmt":"2026-02-19T17:44:32","guid":{"rendered":"https:\/\/veselibasskola.lv\/?post_type=product&#038;p=4329"},"modified":"2026-02-19T19:44:38","modified_gmt":"2026-02-19T17:44:38","slug":"power-beets-2-pak","status":"publish","type":"product","link":"https:\/\/veselibasskola.lv\/ru\/p\/power-beets-2-pak\/","title":{"rendered":"Power Beets 2 pak"},"content":{"rendered":"\n<div>\n<div>\n<p><span><strong>Pievienojiet komplektam stikla pudeli ar 99% atlaidi!<\/strong><\/span><\/p>\n<p><span><strong>Sast\u0101vda\u013cu izcelsme un kvalit\u0101te ir \u0101rk\u0101rt\u012bgi svar\u012bga. <br \/>Augstaj\u0101s plakankaln\u0113s, kur zeme satiekas ar debes\u012bm, var izjust sp\u0113ku. <\/br><\/strong><\/span><\/p>\n<p>Nature&#8217;s Sunshine ar lepnumu dal\u0101s ar p\u0101rsteidzo\u0161u atkl\u0101jumu no Tibetas Qinghai plato, apgabala, ko sauc par pasaules jumtu un kas atrodas gandr\u012bz 10 000 p\u0113du augstum\u0101 virs j\u016bras l\u012bme\u0146a, kur \u0101rk\u0101rt\u0113jas temperat\u016bras sv\u0101rst\u012bbas un ekstrem\u0101li apst\u0101k\u013ci padara neiesp\u0113jamu liel\u0101ko da\u013cu augu audz\u0113\u0161anu. Tom\u0113r \u0161eit ir sp\u0113c\u012bgi cilv\u0113ki, kuri ciena savu zemi un ra\u017eu cauri paaudz\u0113m, atbild\u012bgi zemnieki un \u0123imenes, kas izmanto dabiskas audz\u0113\u0161anas metodes, taupot \u016bdeni un saglab\u0101jot augsnes augl\u012bbu, lai audz\u0113tu \u012bpa\u0161u bie\u0161u \u0161\u0137irni.<\/p>\n<p>\u0160\u012bs bietes ir viens no lab\u0101kajiem nitr\u0101tu avotiem. T\u0101s n\u0101k no aukstuma, bet nes siltumu, uzlabojot asinsriti.<\/p>\n<p>M\u016bsu r\u016bpn\u012bc\u0101s net\u0101lu no Soltleiksitijas Nature&#8217;s Sunshine komanda veic stingras p\u0101rbaudes, lai apstiprin\u0101tu to bie\u0161u unik\u0101lo stiprumu un t\u012br\u012bbu, ko m\u0113s ieg\u016bstam no Tibetas plato lauksaimniekiem. M\u0113s p\u0101rbaud\u0101m katru pieg\u0101di, katru partiju.<br \/>M\u0113s r\u016bp\u012bgi apvienojam bie\u0161u ekstraktu ar augiem, d\u0101rze\u0146iem un cit\u0101m sast\u0101vda\u013c\u0101m, kas dabiski pastiprina bie\u0161u sp\u0113ju uzlabot cilv\u0113ka pa\u0161saj\u016btu un asinsriti, veicin\u0101t iztur\u012bbu, vairot sp\u0113ku un ener\u0123iju&#8230;<\/br><\/p>\n<table>\n<tbody>\n<tr>\n<td><iframe><\/iframe><\/td>\n<td><iframe><\/iframe><\/td>\n<\/tr>\n<\/tbody>\n<\/table>\n<p><span><strong>BEZ GLUT\u0112NA \u2022 100% VEG\u0100NISKS \u2022 KETO DRAUDZ\u012aGS \u2022 BEZ SOJAS \u2022 BEZ PIENA PRODUKTIEM \u2022 BEZ PIEVIENOTA CUKURA \u2022 NESATUR \u0122MO <\/strong><\/span><\/p>\n<p>Saj\u016bti dabisko sast\u0101vda\u013cu sp\u0113ku:<\/p>\n<p><strong>GALVEN\u0100S SAST\u0100VDA\u013bAS:<\/strong><br \/>(saturs vien\u0101 dienas porcij\u0101 &#8212; 7 g)<br \/>D vitam\u012bns &#8230;&#8230;&#8230;&#8230;&#8230;&#8230;&#8230;&#8230;&#8230;&#8230;&#8230;&#8230;&#8230;&#8230;&#8230;&#8230;&#8230;&#8230;. 13 \u03bcg &#8230;.. 260% SPP* <br \/>C vitam\u012bns &#8230;&#8230;&#8230;&#8230;&#8230;&#8230;&#8230;&#8230;&#8230;&#8230;&#8230;&#8230;&#8230;&#8230;&#8230;&#8230;&#8230;&#8230; 60 mg &#8230;.. 75% TPP* <br \/>Tiam\u012bns &#8230;&#8230;&#8230;&#8230;&#8230;&#8230;&#8230;&#8230;&#8230;&#8230;&#8230;&#8230;&#8230;&#8230;&#8230;&#8230;&#8230;&#8230;&#8230;. 0,7 mg &#8230;&#8230; 64% TDS* <br \/>Niac\u012bns &#8230;&#8230;&#8230;&#8230;&#8230;&#8230;&#8230;&#8230;&#8230;&#8230;&#8230;&#8230;&#8230;&#8230;&#8230;&#8230;&#8230;&#8230;&#8230;&#8230;.. 3 mg &#8230;.. 19% TPP* <br \/>B6 vitam\u012bns &#8230;&#8230;&#8230;&#8230;&#8230;&#8230;&#8230;&#8230;&#8230;&#8230;&#8230;&#8230;&#8230;&#8230;&#8230;&#8230;&#8230;. 1,8 mg &#8230;&#8230; 129% TPP* <br \/>Folijsk\u0101be &#8230;&#8230;&#8230;&#8230;&#8230;&#8230;&#8230;&#8230;&#8230;&#8230;&#8230;&#8230;&#8230;&#8230;&#8230;&#8230;&#8230;&#8230;&#8230; 88 \u03bcg &#8230;&#8230;.. 75% SPP* <br \/>B12 vitam\u012bns &#8230;&#8230;&#8230;&#8230;&#8230;&#8230;&#8230;&#8230;&#8230;&#8230;&#8230;&#8230;&#8230;&#8230;&#8230;&#8230;&#8230;&#8230; 6 \u03bcg &#8230;&#8230; 240% SPP * <br \/>Patent\u0113ts sl\u0101pek\u013ca oks\u012bda mais\u012bjums &#8230;&#8230;&#8230;&#8230;&#8230;&#8230; 5,4 g &#8230;&#8230;&#8230;&#8230;&#8230;&#8230;&#8230;.** <br \/>*NRV \u2013 uzturv\u0113rt\u012bbas atsauces v\u0113rt\u012bbas <br \/>**NRV nav nor\u0101d\u012bts\u00a0<\/br><\/br><\/p>\n<p><strong>SAST\u0100VDA\u013bAS:<\/strong><br \/>Sarkano bie\u0161u saknes, fruktooligosahar\u012bdi, gran\u0101t\u0101bolu sulas koncentr\u0101ts, S7<span><strong><sup>TM<\/sup> <\/strong><\/span> mais\u012bjums (za\u013c\u0101s kafijas ekstrakts, za\u013c\u0101s t\u0113jas ekstrakts, kurkuma ekstrakts, mellenes, broko\u013cu ziedi, \u0137ir\u0161i, k\u0101postu lapas), \u0101bolu ekstrakts, v\u012bnogu ekstrakts, v\u012bnogu kauli\u0146u ekstrakts, ol\u012bvu ekstrakts, sarkano v\u012bnogu ekstrakts.<\/p>\n<p><span><strong>Vado\u0161o ekspertu izstr\u0101d\u0101ta vitam\u012bnu, gar\u0161augu un d\u0101rze\u0146u kombin\u0101cija&#8230; <br \/>Nodro\u0161ina ener\u0123iju un antioksidantu aizsardz\u012bbu. <\/strong><\/span><\/p>\n<p><span><strong>Vitam\u012bni<\/strong><\/span><br \/>ENER\u0122IJAS AVOTS UN ANTIOKSIDANTI<\/p>\n<p>C vitam\u012bns, kas atrodas Power Beets, ir atbild\u012bgs par antioksidantu iedarb\u012bbu (tas ir \u013coti sp\u0113c\u012bgs antioksidants), bet ar\u012b atbalsta organisma imunit\u0101ti p\u0113c intens\u012bvas fizisk\u0101s slodzes. B vitam\u012bni, piem\u0113ram, tiam\u012bns, niac\u012bns, vitam\u012bni B6 un B12, k\u0101 ar\u012b folijsk\u0101be pal\u012bdz organismam c\u012bn\u012bties ar noguruma paz\u012bm\u0113m.<\/p>\n<p>\u0160o vitam\u012bnu iedarb\u012bbu apstiprina daudzi zin\u0101tniski p\u0113t\u012bjumi, k\u0101 ar\u012b Starptautisk\u0101 Olimpisk\u0101 komiteja, kas ir izdevusi ofici\u0101lu pazi\u0146ojumu, lai pal\u012bdz\u0113tu sportistiem veikt efekt\u012bvu uztura bag\u0101tin\u0101t\u0101ju izv\u0113li. \u0160ie vitam\u012bni, t\u0101pat k\u0101 D3 vitam\u012bns, ir sportistiem bie\u017eai lieto\u0161anai ieteicamo mikroelementu grup\u0101.\u00a0<\/p>\n<p><span><strong>Bietes<\/strong><\/span><br \/>IDE\u0100LS UN DRO\u0160S NITR\u0100TU AVOTS<\/p>\n<p>Bie\u0161u pulveris tika iek\u013cauts Power Beets galvenok\u0101rt t\u0101 augst\u0101 nitr\u0101tu satura d\u0113\u013c. Nitr\u0101ti jau izsenis tiek izmantoti sport\u0101 k\u0101 viena no piedev\u0101m, kas tie\u0161i ietekm\u0113 sportisko sniegumu, tie ir iek\u013cauti ar\u012b Starptautisk\u0101s Olimpisk\u0101s komitejas piedevu sarakst\u0101.<\/p>\n<p>P\u0113c sporta uztura speci\u0101listu dom\u0101m, ir vismaz vair\u0101kas priek\u0161roc\u012bbas, kuru d\u0113\u013c ir v\u0113rts \u0137erties pie nitr\u0101tu uz\u0146em\u0161anas, ta\u010du kopum\u0101 visas \u0161\u012bs priek\u0161roc\u012bbas ir saist\u012btas ar \u0137erme\u0146a veiktsp\u0113jas pieaugumu vai, prec\u012bz\u0101k, ener\u0123ijas pat\u0113ri\u0146a samazin\u0101\u0161anos.<\/p>\n<p>Nitr\u0101tu efektivit\u0101ti apstiprina ar\u012b Austr\u0101lijas Sporta instit\u016bts, kas uztura bag\u0101tin\u0101t\u0101jus klasific\u0113 ABCD grup\u0101s, kur A ir piedevas ar pier\u0101d\u012btu efektivit\u0101ti un dro\u0161\u012bbu, B ir piedevas, kur\u0101m nepiecie\u0161ama turpm\u0101ka izp\u0113te, C nav pier\u0101d\u012bta k\u0101 efekt\u012bva, un D ir nov\u0113rt\u0113tas, k\u0101 b\u012bstamas no antidopinga viedok\u013ca. Nitr\u0101ti ir iek\u013cauti A grup\u0101, t\u0101p\u0113c saska\u0146\u0101 ar AIS to iedarb\u012bba un dro\u0161\u012bba ir apstiprin\u0101ta.<\/p>\n<p><span><strong>S7<span><sup>TM<\/sup><\/span> mais\u012bjums <\/strong><\/span><br \/>VAIR\u0100K SL\u0100PEK\u013bA OKS\u012aDA<\/p>\n<p>S7 ir speci\u0101li izstr\u0101d\u0101ts un patent\u0113ts septi\u0146u dab\u012bgu sast\u0101vda\u013cu mais\u012bjums, kas uzlabo sl\u0101pek\u013ca oks\u012bda ra\u017eo\u0161anu. Mais\u012bjums ietver: <br \/>\u2022 za\u013c\u0101s kafijas ekstrakts, <br \/>\u2022 za\u013c\u0101s t\u0113jas ekstrakts, <br \/>\u2022 kurkuma ekstrakts, <br \/>\u2022 mellenes, <br \/>\u2022 broko\u013cu ziedi, <br \/>\u2022 \u0137irsis, <br \/>\u2022 k\u0101postu lapas<\/p>\n<p>Sl\u0101pek\u013ca oks\u012bdam ir galven\u0101 loma daudzos svar\u012bgos procesos, piem\u0113ram, asinsrites regul\u0113\u0161an\u0101, jaunu mazu asinsvadu veido\u0161an\u0101 vai tromboc\u012btu darb\u012bbas ietekm\u0113\u0161an\u0101.<\/p>\n<p>S7 mais\u012bjums tika rad\u012bts, lai sniegtu \u0137ermenim vair\u0101k ener\u0123ijas, kas ir ne tikai svar\u012bgi profesion\u0101liem sportistiem, bet ir ar\u012b vesel\u012bga, akt\u012bva dz\u012bvesveida saglab\u0101\u0161anas atsl\u0113ga.<\/p>\n<p><span><strong>V\u012bnogas un ol\u012bvas<\/strong><\/span><br \/>SP\u0112C\u012aGI ANTIOKSIDANTI<\/p>\n<p>Lielisko sast\u0101vda\u013cu kombin\u0101ciju papildina ol\u012bvu, v\u012bnogu un to s\u0113klu ekstrakti, kam piem\u012bt antioksidanta iedarb\u012bba.<\/p>\n<p>C\u012b\u0146a ar br\u012bvajiem radik\u0101\u013ciem, kuriem esam pak\u013cauti stresa, gaisa kvalit\u0101tes pasliktin\u0101\u0161an\u0101s, nepareiza uztura un mazkust\u012bga dz\u012bvesveida d\u0113\u013c, joproj\u0101m ir viens no svar\u012bg\u0101kajiem aspektiem m\u0101ksl\u0101, k\u0101 efekt\u012bvi r\u016bp\u0113ties par savu vesel\u012bbu.<\/p>\n<p>Di\u0113ta un l\u012bdz ar to ar\u012b pareizais papildu atbalsts ir lab\u0101kais l\u012bdzeklis c\u012b\u0146\u0101 pret br\u012bvo radik\u0101\u013cu ietekmi.<\/p>\n<p><span><strong>J\u016bsu jaunais sabiedrotais vesel\u012bg\u0101 dz\u012bv\u0113!<\/strong><\/span><\/p>\n<p><strong>NEATKAR\u012aGI NO T\u0100, VAI ESAT SPORTISTS VAI VIENK\u0100R\u0160I PAT\u012aK SAGLAB\u0100T VESEL\u012aBU UN B\u016aT AKT\u012aVAM, J\u016aSU \u0136ERMENIM IR NEPIECIE\u0160AMS ATBALSTS, LAI DARBOTOS EFEKT\u012aVI. <\/strong><\/p>\n<p>Akt\u012bvs \u0137ermenis ir ener\u0123ijas pilns \u0137ermenis. Neatkar\u012bgi no t\u0101, vai j\u016bs intens\u012bvi vingrojat, vai vienk\u0101r\u0161i cen\u0161aties uztur\u0113t vesel\u012bgu dz\u012bvesveidu, j\u016bsu ikdienas izv\u0113le var ietekm\u0113t j\u016bsu visp\u0101r\u0113jo labsaj\u016btu.<\/p>\n<p><span><strong>K\u0101p\u0113c POWER BEETS?<\/strong><\/span><\/p>\n<p><strong>ATBALSTA FIZISK\u0100S AKTIVIT\u0100TES<br \/><\/strong>Power Beets ir novatorisks uztura bag\u0101tin\u0101t\u0101js, kas satur sarkano bie\u0161u ekstraktu, kas ir dabiski bag\u0101ts ar nitr\u0101tiem. \u0160ie komponenti pal\u012bdz papla\u0161in\u0101t asinsvadus, uzlabojot asinsriti un nodro\u0161inot vair\u0101k sk\u0101bek\u013ca \u0161\u016bn\u0101m. Tas ir galvenais atbalsts j\u016bsu fiziskaj\u0101m aktivit\u0101t\u0113m, pal\u012bdzot sasniegt lab\u0101kus rezult\u0101tus un samazin\u0101t noguruma saj\u016btu.<\/p>\n<p><strong>ANTIOKSIDANTU DABAS SP\u0112KS<br \/><\/strong>Turkl\u0101t Power Beets nodro\u0161ina vitam\u012bnus un antioksidantus, kas nepiecie\u0161ami, lai aizsarg\u0101tu \u0161\u016bnas no oksidat\u012bv\u0101 stresa. Antioksidanti atbalsta \u0161\u016bnu atjauno\u0161anos, aizsarg\u0101jot t\u0101s no kait\u012bgajiem br\u012bvajiem radik\u0101\u013ciem. Tas \u013cauj j\u016bsu \u0137ermenim efekt\u012bv\u0101k tikt gal\u0101 ar apk\u0101rt\u0113j\u0101s vides ietekmi.<\/p>\n<p><span><strong><span>K\u0101 iek\u013caut Power Beets sav\u0101 ikdienas uztur\u0101?<\/span><\/strong><\/span><\/p>\n<p><strong>PIEVIENOT DZ\u0112RIENIEM<\/strong><br \/>Pievienojiet vienu Power Beets pulvera porciju savam iecien\u012bt\u0101kajam dz\u0113rienam \u2013 \u016bdenim, sulai vai sm\u016btijam. Tas ir vienk\u0101r\u0161s veids, k\u0101 papildin\u0101t savu uzturu ar v\u0113rt\u012bg\u0101m sast\u0101vda\u013c\u0101m.<\/p>\n<p><strong>PIRMS TRENI\u0145A<\/strong><br \/>Lietojiet Power Beets pirms treni\u0146a, lai paaugstin\u0101tu ener\u0123ijas l\u012bmeni, uzlabotu veiktsp\u0113ju un pa\u0101trin\u0101tu musku\u013cu atjauno\u0161anos p\u0113c treni\u0146a.<\/p>\n<p><strong>IKDIENAS UZTUR\u0100<\/strong><br \/>Regul\u0101ra Power Beets lieto\u0161ana ikdienas uztur\u0101 pal\u012bdz\u0113s uztur\u0113t vesel\u012bgu dz\u012bvesveidu neatkar\u012bgi no fizisko aktivit\u0101\u0161u intensit\u0101tes.<\/p>\n<hr\/>\n<p><span>*Nature&#8217;s Sunshine mudina uz vesel\u012bgu dz\u012bvesveidu. <br \/>*Uztura bag\u0101tin\u0101t\u0101jus nevar izmantot k\u0101 sabalans\u0113ta uztura aizst\u0101j\u0113ju. <br \/>*Sabalans\u0113ts uzturs un vesel\u012bgs dz\u012bvesveids ir pamats pareizai organisma darb\u012bbai.<\/span><\/p>\n<div><\/div>\n<\/p><\/div>\n<\/p><\/div>\n","protected":false},"excerpt":{"rendered":"<p>Nature&#8217;s Sunshine ar lepnumu dal\u0101s ar p\u0101rsteidzo\u0161u atkl\u0101jumu no Tibetas Qinghai plato, apgabala, ko sauc par pasaules jumtu un kas atrodas gandr\u012bz 10 000 p\u0113du augstum\u0101 virs j\u016bras l\u012bme\u0146a, kur \u0101rk\u0101rt\u0113jas temperat\u016bras sv\u0101rst\u012bbas un ekstrem\u0101li apst\u0101k\u013ci padara neiesp\u0113jamu liel\u0101ko da\u013cu augu audz\u0113\u0161anu. Tom\u0113r \u0161eit ir sp\u0113c\u012bgi cilv\u0113ki, kuri ciena savu zemi un ra\u017eu cauri paaudz\u0113m, atbild\u012bgi zemnieki un \u0123imenes, kas izmanto dabiskas audz\u0113\u0161anas metodes, taupot \u016bdeni un saglab\u0101jot augsnes augl\u012bbu, lai audz\u0113tu \u012bpa\u0161u bie\u0161u \u0161\u0137irni.<\/p>\n","protected":false},"featured_media":3152,"comment_status":"open","ping_status":"closed","template":"","meta":{"_kad_blocks_custom_css":"","_kad_blocks_head_custom_js":"","_kad_blocks_body_custom_js":"","_kad_blocks_footer_custom_js":"","_kadence_starter_templates_imported_post":false,"_swpsp_post_exclude":false,"_kad_post_transparent":"","_kad_post_title":"","_kad_post_layout":"","_kad_post_sidebar_id":"","_kad_post_content_style":"","_kad_post_vertical_padding":"","_kad_post_feature":"","_kad_post_feature_position":"","_kad_post_header":false,"_kad_post_footer":false,"_kad_post_classname":""},"product_brand":[],"product_cat":[35],"product_tag":[],"class_list":{"0":"post-4329","1":"product","2":"type-product","3":"status-publish","4":"has-post-thumbnail","6":"product_cat-komplekti","8":"first","9":"instock","10":"sale","11":"taxable","12":"shipping-taxable","13":"purchasable","14":"product-type-simple","15":"entry","16":"content-bg","17":"loop-entry"},"taxonomy_info":{"product_cat":[{"value":35,"label":"Komplekti"}]},"featured_image_src_large":["https:\/\/veselibasskola.lv\/wp-content\/uploads\/2024\/02\/aa7978f88cac3b081be7697b73f8a84b-1024x1024.png",1024,1024,true],"author_info":[],"comment_info":0,"_links":{"self":[{"href":"https:\/\/veselibasskola.lv\/ru\/wp-json\/wp\/v2\/product\/4329","targetHints":{"allow":["GET"]}}],"collection":[{"href":"https:\/\/veselibasskola.lv\/ru\/wp-json\/wp\/v2\/product"}],"about":[{"href":"https:\/\/veselibasskola.lv\/ru\/wp-json\/wp\/v2\/types\/product"}],"replies":[{"embeddable":true,"href":"https:\/\/veselibasskola.lv\/ru\/wp-json\/wp\/v2\/comments?post=4329"}],"wp:featuredmedia":[{"embeddable":true,"href":"https:\/\/veselibasskola.lv\/ru\/wp-json\/wp\/v2\/media\/3152"}],"wp:attachment":[{"href":"https:\/\/veselibasskola.lv\/ru\/wp-json\/wp\/v2\/media?parent=4329"}],"wp:term":[{"taxonomy":"product_brand","embeddable":true,"href":"https:\/\/veselibasskola.lv\/ru\/wp-json\/wp\/v2\/product_brand?post=4329"},{"taxonomy":"product_cat","embeddable":true,"href":"https:\/\/veselibasskola.lv\/ru\/wp-json\/wp\/v2\/product_cat?post=4329"},{"taxonomy":"product_tag","embeddable":true,"href":"https:\/\/veselibasskola.lv\/ru\/wp-json\/wp\/v2\/product_tag?post=4329"}],"curies":[{"name":"wp","href":"https:\/\/api.w.org\/{rel}","templated":true}]}}