{"id":4330,"date":"2026-02-19T19:44:32","date_gmt":"2026-02-19T17:44:32","guid":{"rendered":"https:\/\/veselibasskola.lv\/?post_type=product&#038;p=4330"},"modified":"2026-02-19T19:44:38","modified_gmt":"2026-02-19T17:44:38","slug":"alvejas-sula-946-ml","status":"publish","type":"product","link":"https:\/\/veselibasskola.lv\/ru\/p\/alvejas-sula-946-ml\/","title":{"rendered":"Alvejas Sula (946 ml.)"},"content":{"rendered":"\n<div>\n<div>\n<h1><span>ALVEJAS SULA<\/span><\/h1>\n<h4><span>DIETAS BAG\u0100TIN\u0100T\u0100JI<\/span><\/h4>\n<hr\/>\n<p>Alvejas sula &#8212; produkts, kuram \u013coti svar\u012bgs ir izgatavo\u0161anas process. Alveja \u013coti \u0101tri zaud\u0113 savu labv\u0113l\u012bgu \u012bpa\u0161\u012bbu p\u0101rstr\u0101d\u0101\u0161anas laik\u0101, t\u0101p\u0113c Nature\u2019s Sunshine to p\u0101rstr\u0101d\u0101jam p\u0113c iesp\u0113jam\u012bbas vismaz\u0101k. <br \/>Katra alvejas lapa ir p\u0101rgriezta, p\u0113c tam no\u0146emta lapas \u0101r\u0113j\u0101 r\u016bgta da\u013ca. <br \/>Atst\u0101j tikai gels, kas p\u0113c da\u017e\u0101d\u0101m min\u016bt\u0113m p\u0101rveidojas uz \u0161\u0137idrumu. Nature\u2019s Sunshine p\u0101rstr\u0101d\u0101jam tikai \u0161\u0137idrumu. Aloe vera (Aloe barbadenis Mill.) sula pozit\u012bvi ietekm\u0113 uz nogurumu, pal\u012bdz stimul\u0113t metabolismu un uzlabot imunit\u0101ti. <br \/>Pal\u012bdz ar\u012b gremo\u0161anas sist\u0113mai, mudina gremo\u0161anu, k\u0101 ar\u012b regul\u0113 zarnu darbu. <br \/>Aloe vera sula mudina glik\u0113mijas kontrol\u0113\u0161anu un pal\u012bdz saglab\u0101t cukura pareizo l\u012bmeni asin\u012b un mudina insul\u012bna atbr\u012bvo\u0161anu.<\/br><\/br><\/br><\/br><\/p>\n<ul>\n<li>Aloe vera sula pal\u012bdz saglab\u0101t cukura pareizo l\u012bmeni asin\u012b.<\/li>\n<li>Aloe vera sula mudina gremo\u0161anu un pal\u012bdz zarnu regul\u0101ram darbam.<\/li>\n<\/ul>\n<hr\/>\n<p><strong><span>SAST\u0100VS:<\/span><\/strong><\/p>\n<p>att\u012br\u012bts \u016bdens; gels aloe vera; sk\u0101buma regul\u0113t\u0101js: citronsk\u0101be; konservanti: k\u0101lija sorb\u0101ts, n\u0101trija benzo\u0101ts<\/p>\n<hr\/>\n<p><strong><span>SVAR\u012aGAS SAST\u0100VDA\u013bAS:<\/span><\/strong><\/p>\n<p>Saturs ieteicam\u0101 porcij\u0101 (180 ml.):<br \/>Aloe vera gels &#8230;&#8230;&#8230;&#8230;&#8230;&#8230;&#8230;&#8230;&#8230;&#8230;&#8230;&#8230;&#8230;&#8230;&#8230;&#8230;&#8230;. 18,51 g*<br \/>*Nenoteikt\u0101 ieteicama dienas doze.<\/p>\n<hr\/>\n<p><strong><span>IETEICAMA PORCIJA DIENAS LIETO\u0160ANAI:<\/span><\/strong><br \/>No 60, l\u012bdz 180 ml dien\u0101. Var lietot bez at\u0161\u0137aid\u012b\u0161anas vai ar \u016bdeni.<br \/>Nedr\u012bkst p\u0101rsniegt rekomend\u0113tas dienas dozi.<\/p>\n<hr\/>\n<p><strong><span>GLAB\u0100\u0160ANA:<\/span><\/strong><\/p>\n<p>Glab\u0101t saus\u0101 un v\u0113s\u0101, b\u0113rniem nepieejam\u0101 viet\u0101. P\u0113c atv\u0113r\u0161anas tur\u0113t ledusskap\u012b.<\/p>\n<p><span>NATURE&#8217;S SUNSHINE MUDINA VESEL\u012aGAM DZ\u012aVESVEIDAM.<\/span><br \/><span>Di\u0113tas bag\u0101tin\u0101t\u0101ji nevar b\u016bt lietoti k\u0101 diferenc\u0113tas di\u0113tas aizst\u0101j\u0113ji. Balans\u0113ta di\u0113ta un vesel\u012bgs dz\u012bvesveids ir organisma pareizas funkcion\u0113\u0161anas pamats.<\/span><\/p>\n<div>\u00a0<\/div>\n<div><\/div>\n<\/p><\/div>\n<\/p><\/div>\n","protected":false},"excerpt":{"rendered":"<p>Alvejas sula &#8212; produkts, kuram \u013coti svar\u012bgs ir izgatavo\u0161anas process. Alveja \u013coti \u0101tri zaud\u0113 savu labv\u0113l\u012bgu \u012bpa\u0161\u012bbu p\u0101rstr\u0101d\u0101\u0161anas laik\u0101, t\u0101p\u0113c Nature\u2019s Sunshine to p\u0101rstr\u0101d\u0101jam p\u0113c iesp\u0113jam\u012bbas vismaz\u0101k. Katra alvejas lapa ir p\u0101rgriezta, p\u0113c tam no\u0146emta lapas \u0101r\u0113j\u0101 r\u016bgta da\u013ca. Atst\u0101j tikai gels, kas p\u0113c da\u017e\u0101d\u0101m min\u016bt\u0113m p\u0101rveidojas uz \u0161\u0137idrumu. Nature\u2019s Sunshine p\u0101rstr\u0101d\u0101jam tikai \u0161\u0137idrumu. Aloe vera (Aloe barbadenis Mill.) sula pozit\u012bvi ietekm\u0113 uz nogurumu, pal\u012bdz stimul\u0113t metabolismu un uzlabot imunit\u0101ti. Pal\u012bdz ar\u012b gremo\u0161anas sist\u0113mai, mudina gremo\u0161anu, k\u0101 ar\u012b regul\u0113 zarnu darbu. Aloe vera sula mudina glik\u0113mijas kontrol\u0113\u0161anu un pal\u012bdz saglab\u0101t cukura pareizo l\u012bmeni asin\u012b un mudina insul\u012bna atbr\u012bvo\u0161anu.<\/p>\n","protected":false},"featured_media":2564,"comment_status":"open","ping_status":"closed","template":"","meta":{"_kad_blocks_custom_css":"","_kad_blocks_head_custom_js":"","_kad_blocks_body_custom_js":"","_kad_blocks_footer_custom_js":"","_kadence_starter_templates_imported_post":false,"_swpsp_post_exclude":false,"_kad_post_transparent":"","_kad_post_title":"","_kad_post_layout":"","_kad_post_sidebar_id":"","_kad_post_content_style":"","_kad_post_vertical_padding":"","_kad_post_feature":"","_kad_post_feature_position":"","_kad_post_header":false,"_kad_post_footer":false,"_kad_post_classname":""},"product_brand":[],"product_cat":[36,47,39],"product_tag":[],"class_list":{"0":"post-4330","1":"product","2":"type-product","3":"status-publish","4":"has-post-thumbnail","6":"product_cat-dietiskas-piedevas","7":"product_cat-endokrina-sistema","8":"product_cat-gremosanas-sistema","10":"first","11":"instock","12":"sale","13":"taxable","14":"shipping-taxable","15":"purchasable","16":"product-type-simple","17":"entry","18":"content-bg","19":"loop-entry"},"taxonomy_info":{"product_cat":[{"value":36,"label":"Di\u0113tisk\u0101s piedevas"},{"value":47,"label":"Endokr\u012bn\u0101 sist\u0113ma"},{"value":39,"label":"Gremo\u0161anas sist\u0113ma"}]},"featured_image_src_large":["https:\/\/veselibasskola.lv\/wp-content\/uploads\/2023\/12\/a050d1714739ad94e548c2c1b623d3d2-1024x1024.png",1024,1024,true],"author_info":[],"comment_info":0,"_links":{"self":[{"href":"https:\/\/veselibasskola.lv\/ru\/wp-json\/wp\/v2\/product\/4330","targetHints":{"allow":["GET"]}}],"collection":[{"href":"https:\/\/veselibasskola.lv\/ru\/wp-json\/wp\/v2\/product"}],"about":[{"href":"https:\/\/veselibasskola.lv\/ru\/wp-json\/wp\/v2\/types\/product"}],"replies":[{"embeddable":true,"href":"https:\/\/veselibasskola.lv\/ru\/wp-json\/wp\/v2\/comments?post=4330"}],"wp:featuredmedia":[{"embeddable":true,"href":"https:\/\/veselibasskola.lv\/ru\/wp-json\/wp\/v2\/media\/2564"}],"wp:attachment":[{"href":"https:\/\/veselibasskola.lv\/ru\/wp-json\/wp\/v2\/media?parent=4330"}],"wp:term":[{"taxonomy":"product_brand","embeddable":true,"href":"https:\/\/veselibasskola.lv\/ru\/wp-json\/wp\/v2\/product_brand?post=4330"},{"taxonomy":"product_cat","embeddable":true,"href":"https:\/\/veselibasskola.lv\/ru\/wp-json\/wp\/v2\/product_cat?post=4330"},{"taxonomy":"product_tag","embeddable":true,"href":"https:\/\/veselibasskola.lv\/ru\/wp-json\/wp\/v2\/product_tag?post=4330"}],"curies":[{"name":"wp","href":"https:\/\/api.w.org\/{rel}","templated":true}]}}