{"id":4331,"date":"2026-02-19T19:44:33","date_gmt":"2026-02-19T17:44:33","guid":{"rendered":"https:\/\/veselibasskola.lv\/?post_type=product&#038;p=4331"},"modified":"2026-02-19T19:44:38","modified_gmt":"2026-02-19T17:44:38","slug":"woman-komplekts","status":"publish","type":"product","link":"https:\/\/veselibasskola.lv\/ru\/p\/woman-komplekts\/","title":{"rendered":"Woman Komplekts"},"content":{"rendered":"\n<div>\n<div>\n<p>\u012apa\u0161i Jums<\/p>\n<p>J\u016bs dz\u012bvojat dz\u012bvi liel\u0101 \u0101trum\u0101. J\u016bs str\u0101d\u0101jat, vad\u0101t biznesu, vienlaikus ar\u012b audzin\u0101t b\u0113rnus un r\u016bp\u0113jaties par m\u0101ju. Jums ir j\u0101paveic tik daudz, bie\u017ei vien vair\u0101k nek\u0101 v\u012brie\u0161iem. J\u016bsu \u0137erme\u0146a vajadz\u012bbas ir pavisam at\u0161\u0137ir\u012bgas, un j\u016bs v\u0113laties b\u016bt vesela, jauna un smaid\u012bga.\u00a0<\/p>\n<p>Viss ir j\u016bsu rok\u0101s! Vesel\u012bgi ur\u012bnce\u013ci, mati, \u0101da, nagi, vesel\u012bgas un t\u012bras zarnas, vieglas un atp\u016btin\u0101tas k\u0101jas un v\u0113l daudz kas cits!<\/p>\n<p>Komplekts sieviet\u0113m Woman pal\u012bdz\u0113s jums saglab\u0101t vesel\u012bbu ilg\u0101k!<\/p>\n<hr\/>\n<p>Saglab\u0101jiet vesel\u012bbu ilg\u0101k!<\/p>\n<p>Produkt\u0101 <strong>Zambroza<\/strong> pasl\u0113pt\u0101s sarkano v\u012bnogu mizi\u0146as nodro\u0161ina jaud\u012bgu aizsardz\u012bbu pret br\u012bvajiem radik\u0101\u013ciem. Tiek uzskat\u012bts, ka br\u012bvie radik\u0101\u013ci ir organisma noveco\u0161anas galvenais c\u0113lonis. Pateicoties produkt\u0101 eso\u0161ajiem smilts\u0113rk\u0161\u0137iem, Zambroza stiprina sirdi un uzlabo imunit\u0101ti.<\/p>\n<p>Cinks ir miner\u0101lviela, kas ir nepiecie\u0161ama, lai uztur\u0113tu matus, \u0101du un nagus skaistus un vesel\u012bgus. M\u016bsu produkta<strong> Cinks ALT <\/strong>sast\u0101v\u0101 ir ar\u012b a\u013c\u0123es un timi\u0101ns, kas samazina tauku uzs\u016bk\u0161anos, pal\u012bdz saglab\u0101t slaidu fig\u016bru.<\/p>\n<p>Centella asiatica, ko d\u0113v\u0113 ar\u012b par <strong>Gotu Kolu<\/strong>, pal\u012bdz\u0113s jums atbr\u012bvoties no smaguma saj\u016btas k\u0101j\u0101s, jo t\u0101 veicina pareizu asinsriti un ar\u012b gremo\u0161anas komfortu. T\u0101s ietekmi uz mikrocirkul\u0101ciju var nov\u0113rot ar\u012b k\u0101 paaugstin\u0101tu kognit\u012bvo efektivit\u0101ti (tostarp ar\u012b uzlabotu atmi\u0146u, koncentr\u0113\u0161an\u0101s sp\u0113jas, komunik\u0101cijas prasmes).<\/p>\n<p>\u0160\u0137iedrvielas ir b\u016btiskas zarnu floras vesel\u012bbai.<strong> Loclo<\/strong> ir lielisks \u0161\u0137iedrvielu avots, turkl\u0101t taj\u0101 ir kan\u0113lis, kas stimul\u0113 gremo\u0161anu, un rozmar\u012bns, kas pal\u012bdz nodro\u0161in\u0101t tauku sagremo\u0161anu.<\/p>\n<p>Taj\u0101 eso\u0161\u0101s magnoliju ogas pal\u012bdz nodro\u0161in\u0101t pareizas fiziolo\u0123isk\u0101s funkcijas. Savuk\u0101rt <strong>Super Complex<\/strong> vien\u0101 tablet\u0113 nodro\u0161ina 24 nepiecie\u0161amos vitam\u012bnus un miner\u0101lvielas. Tas pal\u012bdz\u0113s uztur\u0113t j\u016bsu \u0137ermeni lab\u0101 form\u0101.<\/p>\n<p><strong>Lucerna<\/strong> ir paz\u012bstama ar sav\u0101m \u012bpa\u0161\u012bb\u0101m jau vair\u0101k nek\u0101 2000 gadus. T\u0101 pal\u012bdz sieviet\u0113m saglab\u0101t labu seksu\u0101lo vesel\u012bbu.<\/p>\n<p><strong>Sarkanais \u0101boli\u0146\u0161 <\/strong>pal\u012bdz tikt gal\u0101 ar menopauzes simptomiem, piem\u0113ram, karstuma vi\u013c\u0146iem, sv\u012b\u0161anu un trauksmi, un lieliski ietekm\u0113 ar\u012b asinsrites sist\u0113mu.<\/p>\n<p><strong>Vari-Gone<\/strong> sast\u0101v\u0101 eso\u0161ais kasta\u0146u s\u0113klu ekstrakts atbalsta asinsrites sist\u0113mas vesel\u012bbu, atbalsta<br \/>vesel\u012bgas v\u0113nas un kapil\u0101rus un pal\u012bdz uztur\u0113t vesel\u012bgu asinsriti k\u0101j\u0101s.<\/br><\/p>\n<hr\/>\n<p><strong>Komplekts ietver:\u00a0<br \/><\/strong>Cinks ALT<br \/>2 x Sarkanais \u0101boli\u0146\u0161<br \/>Gotu Kola<br \/>Loclo<br \/>2 x Lucerna<br \/>Vari-Gone<br \/>Super Complex<br \/>Zambroza<\/br><\/br><\/p>\n<hr\/>\n<p><strong>Ieteicam\u0101 lieto\u0161ana:\u00a0<br \/><\/strong>Visus komplekt\u0101 iek\u013cautos produktus lietojiet saska\u0146\u0101 ar nor\u0101d\u0113m uz eti\u0137et\u0113m.\u00a0<\/p>\n<hr\/>\n<p><span><strong>AKCIJA!<br \/><\/strong><\/span><strong>Ieg\u0101d\u0101joties komplektu Woman, sa\u0146emiet 25% atlaidi Collagen vai Calcium Plus Vitamin D.<\/strong><\/p>\n<hr\/>\n<p><span><em>Uztura bag\u0101tin\u0101t\u0101jus nav paredz\u0113ts lietot pilnv\u0113rt\u012bga uztura aizst\u0101\u0161anai. Sabalans\u0113ts uzturs un vesel\u012bgs dz\u012bvesveids ir vesel\u012bga \u0137erme\u0146a pamats.<\/em><\/span><\/p>\n<div><\/div>\n<\/p><\/div>\n<\/p><\/div>\n","protected":false},"excerpt":{"rendered":"<p>\u012apa\u0161i Jums J\u016bs dz\u012bvojat dz\u012bvi liel\u0101 \u0101trum\u0101. J\u016bs str\u0101d\u0101jat, vad\u0101t biznesu, vienlaikus ar\u012b audzin\u0101t b\u0113rnus un r\u016bp\u0113jaties par m\u0101ju. Jums ir j\u0101paveic tik daudz, bie\u017ei vien vair\u0101k nek\u0101 v\u012brie\u0161iem. J\u016bsu \u0137erme\u0146a vajadz\u012bbas ir pavisam at\u0161\u0137ir\u012bgas, un j\u016bs v\u0113laties b\u016bt vesela, jauna un smaid\u012bga.\u00a0 Viss ir j\u016bsu rok\u0101s! Vesel\u012bgi ur\u012bnce\u013ci, mati, \u0101da, nagi, vesel\u012bgas un t\u012bras&#8230;<\/p>\n","protected":false},"featured_media":3994,"comment_status":"open","ping_status":"closed","template":"","meta":{"_kad_blocks_custom_css":"","_kad_blocks_head_custom_js":"","_kad_blocks_body_custom_js":"","_kad_blocks_footer_custom_js":"","_kadence_starter_templates_imported_post":false,"_swpsp_post_exclude":false,"_kad_post_transparent":"","_kad_post_title":"","_kad_post_layout":"","_kad_post_sidebar_id":"","_kad_post_content_style":"","_kad_post_vertical_padding":"","_kad_post_feature":"","_kad_post_feature_position":"","_kad_post_header":false,"_kad_post_footer":false,"_kad_post_classname":""},"product_brand":[],"product_cat":[35],"product_tag":[],"class_list":{"0":"post-4331","1":"product","2":"type-product","3":"status-publish","4":"has-post-thumbnail","6":"product_cat-komplekti","8":"first","9":"instock","10":"sale","11":"taxable","12":"shipping-taxable","13":"purchasable","14":"product-type-simple","15":"entry","16":"content-bg","17":"loop-entry"},"taxonomy_info":{"product_cat":[{"value":35,"label":"Komplekti"}]},"featured_image_src_large":["https:\/\/veselibasskola.lv\/wp-content\/uploads\/2025\/11\/592a76a4ee11826ea373d87ac3ecfe66-1024x1024.png",1024,1024,true],"author_info":[],"comment_info":0,"_links":{"self":[{"href":"https:\/\/veselibasskola.lv\/ru\/wp-json\/wp\/v2\/product\/4331","targetHints":{"allow":["GET"]}}],"collection":[{"href":"https:\/\/veselibasskola.lv\/ru\/wp-json\/wp\/v2\/product"}],"about":[{"href":"https:\/\/veselibasskola.lv\/ru\/wp-json\/wp\/v2\/types\/product"}],"replies":[{"embeddable":true,"href":"https:\/\/veselibasskola.lv\/ru\/wp-json\/wp\/v2\/comments?post=4331"}],"wp:featuredmedia":[{"embeddable":true,"href":"https:\/\/veselibasskola.lv\/ru\/wp-json\/wp\/v2\/media\/3994"}],"wp:attachment":[{"href":"https:\/\/veselibasskola.lv\/ru\/wp-json\/wp\/v2\/media?parent=4331"}],"wp:term":[{"taxonomy":"product_brand","embeddable":true,"href":"https:\/\/veselibasskola.lv\/ru\/wp-json\/wp\/v2\/product_brand?post=4331"},{"taxonomy":"product_cat","embeddable":true,"href":"https:\/\/veselibasskola.lv\/ru\/wp-json\/wp\/v2\/product_cat?post=4331"},{"taxonomy":"product_tag","embeddable":true,"href":"https:\/\/veselibasskola.lv\/ru\/wp-json\/wp\/v2\/product_tag?post=4331"}],"curies":[{"name":"wp","href":"https:\/\/api.w.org\/{rel}","templated":true}]}}