{"id":4333,"date":"2026-02-19T19:44:33","date_gmt":"2026-02-19T17:44:33","guid":{"rendered":"https:\/\/veselibasskola.lv\/?post_type=product&#038;p=4333"},"modified":"2026-02-19T19:44:39","modified_gmt":"2026-02-19T17:44:39","slug":"hops-and-valerian-with-passionflower-100-kaps","status":"publish","type":"product","link":"https:\/\/veselibasskola.lv\/ru\/p\/hops-and-valerian-with-passionflower-100-kaps\/","title":{"rendered":"Hops and Valerian with Passionflower (100 kaps.)"},"content":{"rendered":"\n<div>\n<div>\n<h1><span>Hops &amp; Valerian with Passionflower &#8212; Api\u0146i, baldri\u0101ns, pasiflora<\/span><\/h1>\n<h4><span>UZTURA BAG\u0100TIN\u0100T\u0100JS<\/span><\/h4>\n<hr\/>\n<p><span>Miegs, vai dr\u012bz\u0101k t\u0101 pareizais garums un kvalit\u0101te \u013coti ietekm\u0113 m\u016bsu vesel\u012bbu. Pieaugu\u0161am cilv\u0113kam vajadz\u0113tu gul\u0113t 7-8 stundas dien\u0101. Miega tr\u016bkums ne tikai rada sliktu garast\u0101vokli, bet ar\u012b sp\u0113c\u012bgi ietekm\u0113 m\u016bsu koncentr\u0113\u0161anos, atmi\u0146u un sp\u0113ju pie\u0146emt lo\u0123iskus l\u0113mumus.\u00a0<br \/><\/span><\/p>\n<p><span>M\u0113s gu\u013cam maz\u0101k un slikt\u0101k, un viens no iemesliem tam ir visureso\u0161ais stress &#8212; viens no liel\u0101kajiem m\u016bsu vesel\u012bbas ienaidniekiem.\u00a0<\/span><\/p>\n<p><span>Hops &amp; Valerian with Passionflower ir kompoz\u012bcija, kas piel\u0101gota m\u016bsu laikiem, kuros m\u0113s esam spiesti nemit\u012bgi dz\u012bties paka\u013c. Darbs, eks\u0101meni, termi\u0146i&#8230; Stress ir pasl\u0113pts gandr\u012bz visos m\u016bsu \u0161odienas dz\u012bves aspektos.\u00a0<\/span><\/p>\n<p><span>Mums visiem ir nepiecie\u0161ams p\u0101rtraukums.<\/span><\/p>\n<p>Nomierino\u0161u un relaks\u0113jo\u0161u augu kombin\u0101cija: Api\u0146iem (hops), baldri\u0101nam (valerian) un pasiflorai (passionflower) ir nomierino\u0161a un pretstresa iedarb\u012bba.\u00a0<\/p>\n<p>Api\u0146iem (Humulus lupulus) ir nomierino\u0161a iedarb\u012bba, t\u0101p\u0113c tie ir centr\u0101l\u0101s nervu sist\u0113mas balsts.\u00a0<\/p>\n<p>Baldri\u0101na (Valeriana officinalis) sakne ietekm\u0113 vesel\u012bgu miegu un pal\u012bdz uztur\u0113t pareizas izzi\u0146as funkcijas (ieskaitot atmi\u0146u).\u00a0<\/p>\n<p>Pasiflora (Passiflora incarnata) veicina aizmig\u0161anu un pal\u012bdz nogremd\u0113ties nomierino\u0161\u0101 dzi\u013c\u0101 mieg\u0101, k\u0101 ar\u012b palielina organisma iztur\u012bbu pret stresu.\u00a0<\/p>\n<p>\u00a0\u00a0<\/p>\n<p>\u00a0<\/p>\n<hr\/>\n<p><span><strong>SAST\u0100VS:<\/strong><\/span><\/p>\n<p>Baldri\u0101na (Valeriana officinalis) sak\u0146u pulveris, pasifloras (Passiflora incarnata) virszemes elementu pulveris, kapsulas apvalks (\u017eelat\u012bns, \u016bdens), api\u0146u (Humulus lupulus) ziedu pulveris.<\/p>\n<hr\/>\n<p><span><strong>SVAR\u012aGAS SAST\u0100VDA\u013bAS:<\/strong><\/span><br \/>Saturs ieteicam\u0101 porcij\u0101 (2 kaps.):<br \/>Api\u0146u (Humulus lupulus) ziedi &#8230;&#8230;&#8230;&#8230;&#8230;&#8230;&#8230;&#8230;&#8230;&#8230;&#8230;&#8230;&#8230;&#8230;&#8230;&#8230;&#8230;&#8230;&#8230;.196 mg*<br \/>Baldri\u0101na (Valeriana officinalis) sakne &#8230;&#8230;&#8230;&#8230;&#8230;&#8230;&#8230;&#8230;&#8230;&#8230;&#8230;&#8230;&#8230;&#8230;&#8230;324 mg*<br \/>Pasifloras (Passiflora incarnata) virszemes elementi&#8230;&#8230;&#8230;&#8230;&#8230;&#8230;&#8230;.260 mg*<br \/>*Nenoteikt\u0101 ieteicama dienas doze<\/br><\/br><\/br><\/p>\n<hr\/>\n<p><span><strong>IETEICAMA PORCIJA DIENAS LIETO\u0160ANAI:\u00a0<\/strong><br \/><\/span>Lietot 2 kapsulas dien\u0101 \u0113diena laik\u0101.<br \/>Nep\u0101rsniegt ieteicamo dienas dozi.<\/p>\n<p>Produktu nav ieteicams lietot gr\u016btniec\u0113m.<\/p>\n<hr\/>\n<p>Glab\u0101t saus\u0101 un v\u0113s\u0101, b\u0113rniem nepieejam\u0101 viet\u0101.<\/p>\n<hr\/>\n<p><span>Nature\u2019s Sunshine mudina iev\u0113rot vesel\u012bga dz\u012bvesveida principus. Uztura bag\u0101tin\u0101t\u0101ji nevar b\u016bt lietoti k\u0101 diferenc\u0113tas di\u0113tas aizst\u0101j\u0113ji. Balans\u0113ta di\u0113ta un vesels dz\u012bvesveids ir organisma pareizas funkcion\u0113\u0161anas pamats.<\/span><\/p>\n<hr\/>\n<div><\/div>\n<\/p><\/div>\n<\/p><\/div>\n","protected":false},"excerpt":{"rendered":"<p>Miegs, vai dr\u012bz\u0101k t\u0101 pareizais garums un kvalit\u0101te \u013coti ietekm\u0113 m\u016bsu vesel\u012bbu. Pieaugu\u0161am cilv\u0113kam vajadz\u0113tu gul\u0113t 7-8 stundas dien\u0101. Miega tr\u016bkums ne tikai rada sliktu garast\u0101vokli, bet ar\u012b sp\u0113c\u012bgi ietekm\u0113 m\u016bsu koncentr\u0113\u0161anos, atmi\u0146u un sp\u0113ju pie\u0146emt lo\u0123iskus l\u0113mumus.\u00a0  M\u0113s gu\u013cam maz\u0101k un slikt\u0101k, un viens no iemesliem tam ir visureso\u0161ais stress &#8212; viens no liel\u0101kajiem m\u016bsu vesel\u012bbas ienaidniekiem.\u00a0  Hops &#038; Valerian with Passionflower ir kompoz\u012bcija, kas piel\u0101gota m\u016bsu laikiem, kuros m\u0113s esam spiesti nemit\u012bgi dz\u012bties paka\u013c. Darbs, eks\u0101meni, termi\u0146i&#8230; Stress ir pasl\u0113pts gandr\u012bz visos m\u016bsu \u0161odienas dz\u012bves aspektos.<\/p>\n","protected":false},"featured_media":4090,"comment_status":"open","ping_status":"closed","template":"","meta":{"_kad_blocks_custom_css":"","_kad_blocks_head_custom_js":"","_kad_blocks_body_custom_js":"","_kad_blocks_footer_custom_js":"","_kadence_starter_templates_imported_post":false,"_swpsp_post_exclude":false,"_kad_post_transparent":"","_kad_post_title":"","_kad_post_layout":"","_kad_post_sidebar_id":"","_kad_post_content_style":"","_kad_post_vertical_padding":"","_kad_post_feature":"","_kad_post_feature_position":"","_kad_post_header":false,"_kad_post_footer":false,"_kad_post_classname":""},"product_brand":[],"product_cat":[36,46],"product_tag":[],"class_list":{"0":"post-4333","1":"product","2":"type-product","3":"status-publish","4":"has-post-thumbnail","6":"product_cat-dietiskas-piedevas","7":"product_cat-nervu-sistema","9":"first","10":"instock","11":"sale","12":"taxable","13":"shipping-taxable","14":"purchasable","15":"product-type-simple","16":"entry","17":"content-bg","18":"loop-entry"},"taxonomy_info":{"product_cat":[{"value":36,"label":"Di\u0113tisk\u0101s piedevas"},{"value":46,"label":"Nervu sist\u0113ma"}]},"featured_image_src_large":["https:\/\/veselibasskola.lv\/wp-content\/uploads\/2025\/11\/83ece808589dbf7b1855ca6d59255224-1024x1024.png",1024,1024,true],"author_info":[],"comment_info":0,"_links":{"self":[{"href":"https:\/\/veselibasskola.lv\/ru\/wp-json\/wp\/v2\/product\/4333","targetHints":{"allow":["GET"]}}],"collection":[{"href":"https:\/\/veselibasskola.lv\/ru\/wp-json\/wp\/v2\/product"}],"about":[{"href":"https:\/\/veselibasskola.lv\/ru\/wp-json\/wp\/v2\/types\/product"}],"replies":[{"embeddable":true,"href":"https:\/\/veselibasskola.lv\/ru\/wp-json\/wp\/v2\/comments?post=4333"}],"wp:featuredmedia":[{"embeddable":true,"href":"https:\/\/veselibasskola.lv\/ru\/wp-json\/wp\/v2\/media\/4090"}],"wp:attachment":[{"href":"https:\/\/veselibasskola.lv\/ru\/wp-json\/wp\/v2\/media?parent=4333"}],"wp:term":[{"taxonomy":"product_brand","embeddable":true,"href":"https:\/\/veselibasskola.lv\/ru\/wp-json\/wp\/v2\/product_brand?post=4333"},{"taxonomy":"product_cat","embeddable":true,"href":"https:\/\/veselibasskola.lv\/ru\/wp-json\/wp\/v2\/product_cat?post=4333"},{"taxonomy":"product_tag","embeddable":true,"href":"https:\/\/veselibasskola.lv\/ru\/wp-json\/wp\/v2\/product_tag?post=4333"}],"curies":[{"name":"wp","href":"https:\/\/api.w.org\/{rel}","templated":true}]}}