{"id":4336,"date":"2026-02-19T19:44:39","date_gmt":"2026-02-19T17:44:39","guid":{"rendered":"https:\/\/veselibasskola.lv\/?post_type=product&#038;p=4336"},"modified":"2026-02-19T19:44:42","modified_gmt":"2026-02-19T17:44:42","slug":"tei-fu-masazas-balzams-1183-ml","status":"publish","type":"product","link":"https:\/\/veselibasskola.lv\/ru\/p\/tei-fu-masazas-balzams-1183-ml\/","title":{"rendered":"Tei-fu \u2013 Mas\u0101\u017eas balzams (118,3 ml)"},"content":{"rendered":"\n<div>\n<div>\n<p><span><strong><span>Tei-fu<\/span><\/strong><\/span><\/p>\n<div>\n<div>\n<div>\n<div>\n<div>\n<div>\n<div>\n<div>\n<div>\n<div>\n<div>\n<div>\n<h4><span>\u0136ERME\u0145A BALZAMS<\/span><\/h4>\n<\/p><\/div>\n<\/p><\/div>\n<\/p><\/div>\n<\/p><\/div>\n<\/p><\/div>\n<\/p><\/div>\n<\/p><\/div>\n<\/p><\/div>\n<\/p><\/div>\n<\/p><\/div>\n<\/p><\/div>\n<\/p><\/div>\n<hr\/>\n<div>\n<div>\n<div>\n<div>\n<div>\n<div>\n<div>\n<div>\n<div>\n<div>\n<div>\n<div>\n<p><span>Tei-fu balzama galven\u0101 sast\u0101vda\u013ca ir Gaultheria Procumbens (Lo\u017e\u0146u goltj\u0113ra) &#8212; augs no Zieme\u013camerikas austrumiem. <br \/>Min\u0113ta auga ekstrakts ir paz\u012bstams ar nosaukumu Ziemas za\u013cuma e\u013c\u013ca (Wintergreen oil). Lo\u017e\u0146u goltj\u0113ra raksturos ar pla\u0161i paz\u012bstam\u0101m <br \/>terepaitisk\u0101m \u012bpa\u0161\u012bb\u0101m. Izmantota uz \u0101das, raksturos ar pretsa\u012bsin\u0101\u0161anas, pretiekaisuma, pretreimatiska un prets\u0101pes ietekmi. <br \/>Pateicoties wintergreen e\u013c\u013cai balzams Tei-fu ir ide\u0101ls musku\u013cu s\u0101p\u0113m un sa\u012bsin\u0101jumiem, reimatisk\u0101 slim\u012bb\u0101 vai osteop\u0101tijas rakstura saslim\u0161an\u0101m.<br \/>Tei-fu sast\u0101v\u0101, kas veido balzamu tik lielisku, ir ar\u012b mentols un kampars. Mentols ir izmantots k\u0101 stiprs aromatiz\u0113t\u0101js ar prets\u0101pes \u012bpa\u0161\u012bb\u0101m un g\u013cot\u0101du iekaisuma nov\u0101k\u0161anas \u012bpa\u0161\u012bb\u0101m. <br \/>\u00a0Produkta ieelpo\u0161ana \u013coti \u0101tri dod aukstuma un svaiguma saj\u016btu. <br \/>Pateicoties sav\u0101m \u012bpa\u0161\u012bb\u0101m produkts ir ide\u0101ls iesnu un saaukst\u0113\u0161anas \u0101rst\u0113\u0161an\u0101, k\u0101 ar\u012b pal\u012bdz izvair\u012bties no musku\u013cu s\u0101p\u0113m.<br \/>Visiem lieliski paz\u012bstams kampars izmantots uz \u0101das raksturos ar sild\u012b\u0161anas \u012bpa\u0161\u012bb\u0101m, un pateicoties kampara strukt\u016brai \u013coti \u0101tri un viegli var b\u016bt absorb\u0113ts. <br \/>Tei-fu, apvienojot kamparu ar mentolu, ir lieliski uzsild\u012b\u0161anas un prets\u0101pes mais\u012bjums.<\/br><\/br><\/br><\/br><\/span><\/p>\n<p><span><strong><span>LIETO\u0160ANA:<\/span><\/strong><br \/>Iemas\u0113t \u0101d\u0101 ap musku\u013ciem un loc\u012btav\u0101m. Izvair\u012bties no kontakta ar ac\u012bm.<br \/>\u0100r\u0113jai lieto\u0161anai.<\/span><span><br \/><\/span><\/p>\n<\/p><\/div>\n<\/p><\/div>\n<div>\u00a0<\/div>\n<\/p><\/div>\n<\/p><\/div>\n<\/p><\/div>\n<\/p><\/div>\n<div>\u00a0<\/div>\n<\/p><\/div>\n<\/p><\/div>\n<\/p><\/div>\n<\/p><\/div>\n<div>\u00a0<\/div>\n<\/p><\/div>\n<\/p><\/div>\n<div><\/div>\n<\/p><\/div>\n<\/p><\/div>\n","protected":false},"excerpt":{"rendered":"<p>Tei-fu balzama galven\u0101 sast\u0101vda\u013ca ir Gaultheria Procumbens (Lo\u017e\u0146u goltj\u0113ra) &#8212; augs no Zieme\u013camerikas austrumiem. Min\u0113ta auga ekstrakts ir paz\u012bstams ar nosaukumu &#171;Ziemas za\u013cuma e\u013c\u013ca&#187; (Wintergreen oil). Lo\u017e\u0146u goltj\u0113ra raksturos ar pla\u0161i paz\u012bstam\u0101m terepaitisk\u0101m \u012bpa\u0161\u012bb\u0101m. Izmantota uz \u0101das, raksturos ar pretsa\u012bsin\u0101\u0161anas, pretiekaisuma, pretreimatiska un prets\u0101pes ietekmi.<\/p>\n","protected":false},"featured_media":4007,"comment_status":"open","ping_status":"closed","template":"","meta":{"_kad_blocks_custom_css":"","_kad_blocks_head_custom_js":"","_kad_blocks_body_custom_js":"","_kad_blocks_footer_custom_js":"","_kadence_starter_templates_imported_post":false,"_swpsp_post_exclude":false,"_kad_post_transparent":"","_kad_post_title":"","_kad_post_layout":"","_kad_post_sidebar_id":"","_kad_post_content_style":"","_kad_post_vertical_padding":"","_kad_post_feature":"","_kad_post_feature_position":"","_kad_post_header":false,"_kad_post_footer":false,"_kad_post_classname":""},"product_brand":[],"product_cat":[37,45],"product_tag":[],"class_list":{"0":"post-4336","1":"product","2":"type-product","3":"status-publish","4":"has-post-thumbnail","6":"product_cat-kosmetika","7":"product_cat-skeleta-muskulu-sistema","9":"first","10":"instock","11":"sale","12":"taxable","13":"shipping-taxable","14":"purchasable","15":"product-type-simple","16":"entry","17":"content-bg","18":"loop-entry"},"taxonomy_info":{"product_cat":[{"value":37,"label":"Kosm\u0113tika"},{"value":45,"label":"Skeleta-musku\u013cu sist\u0113ma"}]},"featured_image_src_large":["https:\/\/veselibasskola.lv\/wp-content\/uploads\/2025\/11\/466fce8f75e492b2243e9428652c56da.png",160,160,false],"author_info":[],"comment_info":0,"_links":{"self":[{"href":"https:\/\/veselibasskola.lv\/ru\/wp-json\/wp\/v2\/product\/4336","targetHints":{"allow":["GET"]}}],"collection":[{"href":"https:\/\/veselibasskola.lv\/ru\/wp-json\/wp\/v2\/product"}],"about":[{"href":"https:\/\/veselibasskola.lv\/ru\/wp-json\/wp\/v2\/types\/product"}],"replies":[{"embeddable":true,"href":"https:\/\/veselibasskola.lv\/ru\/wp-json\/wp\/v2\/comments?post=4336"}],"wp:featuredmedia":[{"embeddable":true,"href":"https:\/\/veselibasskola.lv\/ru\/wp-json\/wp\/v2\/media\/4007"}],"wp:attachment":[{"href":"https:\/\/veselibasskola.lv\/ru\/wp-json\/wp\/v2\/media?parent=4336"}],"wp:term":[{"taxonomy":"product_brand","embeddable":true,"href":"https:\/\/veselibasskola.lv\/ru\/wp-json\/wp\/v2\/product_brand?post=4336"},{"taxonomy":"product_cat","embeddable":true,"href":"https:\/\/veselibasskola.lv\/ru\/wp-json\/wp\/v2\/product_cat?post=4336"},{"taxonomy":"product_tag","embeddable":true,"href":"https:\/\/veselibasskola.lv\/ru\/wp-json\/wp\/v2\/product_tag?post=4336"}],"curies":[{"name":"wp","href":"https:\/\/api.w.org\/{rel}","templated":true}]}}