{"id":4337,"date":"2026-02-19T19:44:40","date_gmt":"2026-02-19T17:44:40","guid":{"rendered":"https:\/\/veselibasskola.lv\/?post_type=product&#038;p=4337"},"modified":"2026-02-19T19:44:42","modified_gmt":"2026-02-19T17:44:42","slug":"superstarts-uz-veselibu-komplekts","status":"publish","type":"product","link":"https:\/\/veselibasskola.lv\/ru\/p\/superstarts-uz-veselibu-komplekts\/","title":{"rendered":"Superstarts uz vesel\u012bbu Komplekts"},"content":{"rendered":"\n<div>\n<div>\n<p>Maniet sevi! Uzlabojiet savu vesel\u012bbu!\u00a0<\/p>\n<p>Super Start your Health jau daudz gadu ir m\u016bsu klientu iecien\u012bt\u0101kais komplekts. Neskatoties uz pag\u0101ju\u0161o laiku un jaunaj\u0101m tendenc\u0113m uztura jom\u0101, \u0161\u012b produkta sast\u0101vs nav main\u012bjies. Tas ietver Nature&#8217;s Sunshine vislab\u0101k p\u0101rdotos produktus, un \u0161\u012b kombin\u0101cija joproj\u0101m ir ide\u0101li piem\u0113rota ikvienam, kur\u0161 ir nol\u0113mis main\u012bt dz\u012bvesveidu un patie\u0161\u0101m r\u016bp\u0113ties par savu vesel\u012bbu.<\/p>\n<hr\/>\n<p>S\u0101kums j\u016bsu vesel\u012bbai!<\/p>\n<p>Pien\u0101cis laiks par\u016bp\u0113ties par sevi? Vai v\u0113laties lab\u0101ku vesel\u012bbu, fizisk\u0101s sagatavot\u012bbas augst\u0101ku l\u012bmeni, liel\u0101ku labsaj\u016btu? Apsveicam! Neap\u0161aub\u0101mi tas ir lab\u0101kais l\u0113mums j\u016bsu dz\u012bv\u0113. \u0136ersimies pie darba! S\u0101ciet glu\u017ei k\u0101 simtiem citu m\u016bsu apmierin\u0101to klientu, kas izv\u0113l\u0113j\u0101s Super Start your Health. Vi\u0146u ap\u0146em\u0161an\u0101s main\u012bt savu dz\u012bvesveidu bija sp\u0113c\u012bga, un pied\u0101v\u0101tais komplekts to padar\u012bja v\u0113l stipr\u0101ku.<\/p>\n<p>Neaizst\u0101jamo Omega 3 tauksk\u0101bju komplekss, ko satur<strong> Super Omega 3 EPA<\/strong>, sp\u0113c\u012bgie <strong>Zambroza<\/strong> antioksidanti un probiotisk\u0101s bakt\u0113rijas kapsul\u0101s <strong>Bakt\u0113rijas Bifidophilus<\/strong>, apvienojum\u0101 ar pasaul\u0113 popul\u0101r\u0101ko <strong>\u0160\u0137idro hlorofilu<\/strong> un dabisko ener\u0123ijas devu, ko nodro\u0161ina <strong>Solstic<\/strong>, k\u0101 ar\u012b <strong>kalcijs ar vitam\u012bnu D<\/strong> pal\u012bdz\u0113s jums virz\u012bties uz priek\u0161u un \u0101tr\u0101k sasniegt v\u0113lamos rezult\u0101tus.\u00a0<br \/>Komplekts papildin\u0101ts ar C vitam\u012bnu \u2013 lielisks atbalsts im\u016bnsist\u0113mai.<\/br><\/p>\n<hr\/>\n<p><strong>Komplekts ietver:\u00a0<br \/><\/strong>Bakt\u0113rijas Bifidophilus <br \/>\u0160\u0137idrais hlorofils <br \/>Solstic ener\u0123ija no dabas <br \/>Super Omega 3 EPA <br \/>Kalcijs un D vitam\u012bns<br \/>Vitam\u012bns C<br \/>Zambroza <\/p>\n<p><\/br><\/br><\/p>\n<hr\/>\n<p><strong>Ieteicam\u0101 lieto\u0161ana:\u00a0<br \/><\/strong>Visus komplekt\u0101 iek\u013cautos produktus lietojiet saska\u0146\u0101 ar nor\u0101d\u0113m uz eti\u0137et\u0113m.\u00a0<\/p>\n<hr\/>\n<p><span><strong>AKCIJA!\u00a0<br \/><\/strong><\/span><strong>Ieg\u0101d\u0101joties komplektu Super Start your Health, sa\u0146emiet 25% atlaidi produktam Collagen vai Collagen+.\u00a0<\/strong><\/p>\n<hr\/>\n<p><span><em>Uztura bag\u0101tin\u0101t\u0101jus nav paredz\u0113ts lietot pilnv\u0113rt\u012bga uztura aizst\u0101\u0161anai. Sabalans\u0113ts uzturs un vesel\u012bgs dz\u012bvesveids ir vesel\u012bga \u0137erme\u0146a pamats.<\/em><\/span><\/p>\n<p><\/p>\n<div><\/div>\n<\/p><\/div>\n<\/p><\/div>\n","protected":false},"excerpt":{"rendered":"<p>Maniet sevi! Uzlabojiet savu vesel\u012bbu!\u00a0 Super Start your Health jau daudz gadu ir m\u016bsu klientu iecien\u012bt\u0101kais komplekts. Neskatoties uz pag\u0101ju\u0161o laiku un jaunaj\u0101m tendenc\u0113m uztura jom\u0101, \u0161\u012b produkta sast\u0101vs nav main\u012bjies. Tas ietver Nature&#8217;s Sunshine vislab\u0101k p\u0101rdotos produktus, un \u0161\u012b kombin\u0101cija joproj\u0101m ir ide\u0101li piem\u0113rota ikvienam, kur\u0161 ir nol\u0113mis main\u012bt dz\u012bvesveidu un patie\u0161\u0101m r\u016bp\u0113ties par&#8230;<\/p>\n","protected":false},"featured_media":4036,"comment_status":"open","ping_status":"closed","template":"","meta":{"_kad_blocks_custom_css":"","_kad_blocks_head_custom_js":"","_kad_blocks_body_custom_js":"","_kad_blocks_footer_custom_js":"","_kadence_starter_templates_imported_post":false,"_swpsp_post_exclude":false,"_kad_post_transparent":"","_kad_post_title":"","_kad_post_layout":"","_kad_post_sidebar_id":"","_kad_post_content_style":"","_kad_post_vertical_padding":"","_kad_post_feature":"","_kad_post_feature_position":"","_kad_post_header":false,"_kad_post_footer":false,"_kad_post_classname":""},"product_brand":[],"product_cat":[35],"product_tag":[],"class_list":{"0":"post-4337","1":"product","2":"type-product","3":"status-publish","4":"has-post-thumbnail","6":"product_cat-komplekti","8":"first","9":"instock","10":"sale","11":"taxable","12":"shipping-taxable","13":"purchasable","14":"product-type-simple","15":"entry","16":"content-bg","17":"loop-entry"},"taxonomy_info":{"product_cat":[{"value":35,"label":"Komplekti"}]},"featured_image_src_large":["https:\/\/veselibasskola.lv\/wp-content\/uploads\/2025\/11\/d8be6226af55365f21e4f1c8ac53d04f-1024x1024.png",1024,1024,true],"author_info":[],"comment_info":0,"_links":{"self":[{"href":"https:\/\/veselibasskola.lv\/ru\/wp-json\/wp\/v2\/product\/4337","targetHints":{"allow":["GET"]}}],"collection":[{"href":"https:\/\/veselibasskola.lv\/ru\/wp-json\/wp\/v2\/product"}],"about":[{"href":"https:\/\/veselibasskola.lv\/ru\/wp-json\/wp\/v2\/types\/product"}],"replies":[{"embeddable":true,"href":"https:\/\/veselibasskola.lv\/ru\/wp-json\/wp\/v2\/comments?post=4337"}],"wp:featuredmedia":[{"embeddable":true,"href":"https:\/\/veselibasskola.lv\/ru\/wp-json\/wp\/v2\/media\/4036"}],"wp:attachment":[{"href":"https:\/\/veselibasskola.lv\/ru\/wp-json\/wp\/v2\/media?parent=4337"}],"wp:term":[{"taxonomy":"product_brand","embeddable":true,"href":"https:\/\/veselibasskola.lv\/ru\/wp-json\/wp\/v2\/product_brand?post=4337"},{"taxonomy":"product_cat","embeddable":true,"href":"https:\/\/veselibasskola.lv\/ru\/wp-json\/wp\/v2\/product_cat?post=4337"},{"taxonomy":"product_tag","embeddable":true,"href":"https:\/\/veselibasskola.lv\/ru\/wp-json\/wp\/v2\/product_tag?post=4337"}],"curies":[{"name":"wp","href":"https:\/\/api.w.org\/{rel}","templated":true}]}}