{"id":4338,"date":"2026-02-19T19:44:40","date_gmt":"2026-02-19T17:44:40","guid":{"rendered":"https:\/\/veselibasskola.lv\/?post_type=product&#038;p=4338"},"modified":"2026-02-19T19:44:43","modified_gmt":"2026-02-19T17:44:43","slug":"lecitins-170-kaps","status":"publish","type":"product","link":"https:\/\/veselibasskola.lv\/ru\/p\/lecitins-170-kaps\/","title":{"rendered":"LECIT\u012aNS (170 kaps.)"},"content":{"rendered":"\n<div>\n<div>\n<h1><span>LECITINAS<\/span><\/h1>\n<h4><span>DIETAS BAG\u0100TIN\u0100T\u0100JI<\/span><\/h4>\n<hr\/>\n<p>Nature\u2019s Sunshine sojas lecit\u012bns &#8212; tas ir lielisks dietas bag\u0101tin\u0101t\u0101js izgatavots no dab\u012bgas sojas. Soja &#8212; p\u0101ksti\u0146u augs, paz\u012bstams \u0100zij\u0101 kop\u0161 5 t\u016bksto\u0161iem gadiem. <br \/>Lietots farmakolo\u0123isku un p\u0101rtikas produktu izgatavo\u0161ana. Ir lielisks olbaltumvielas avots, t\u0101p\u0113c ve\u0123et\u0101rie\u0161i bie\u017ei to izmanto k\u0101 ga\u013cas ekvivalentu.<br \/>Lecit\u012bns &#8212; tie ir tauki, kas atrodas cilv\u0113ka organisma visu \u0161\u016bnu audos. Ir \u013coti svar\u012bgs cilv\u0113ka organismam. <br \/>Piedal\u0101s daudzos vielmai\u0146as procesos un pal\u012bdz jaukt taukus ar \u016bdeni, atvieglojot absorb\u0113t vitam\u012bnus, \u0161\u0137\u012bsto\u0161us \u016bden\u012b.<br \/>Lecit\u012bns ir ar\u012b \u013coti svar\u012bgs galvas smadzenes un nervu audu elements.<br \/>Lecit\u012bns ir bag\u0101ts ar fosfatidilohol\u012bniem (PC) un fosfatidiloinozitoliem (PI). To produc\u0113 cilv\u0113ka organisms, bet visliel\u0101kais daudzums atrodas dz\u012bvnieku izcelsmes produktos (akn\u0101s un ol\u0101s), k\u0101 ar\u012b augu produktos: zemesriekstos vai kvie\u0161u asnos. <br \/>Lecit\u012bnu no Nature\u2019s Susnhine ieteicam sevi\u0161\u0137i person\u0101m, kuru dieta nav bag\u0101ta ar min\u0113tiem produktiem.<\/br><\/br><\/br><\/br><\/p>\n<ul>\n<li>Pateicoties tauku jauk\u0161anas \u012bpa\u0161\u012bb\u0101m, lecit\u012bns pal\u012bdz absorb\u0113t \u016bden\u012b \u0161\u0137\u012bsto\u0161us vitam\u012bnus, t.i. A, D, E un K.<\/li>\n<\/ul>\n<hr\/>\n<p><strong><span>SAST\u0100VS:<\/span><\/strong><\/p>\n<p>sojas lecit\u012bns; \u017eelat\u012bns; glicer\u012bns<\/p>\n<hr\/>\n<p><strong><span>SVAR\u012aGAS SAST\u0100VDA\u013bAS:<\/span><\/strong><\/p>\n<p>Saturs ieteicam\u0101 porcij\u0101 (2 kaps.):<br \/>Sojas lecit\u012bns &#8230;&#8230;&#8230;&#8230;&#8230;&#8230;&#8230;&#8230;&#8230;&#8230;&#8230;&#8230;&#8230;. 1120 mg*<br \/>*Nenoteikt\u0101 ieteicama dienas doze.<\/p>\n<hr\/>\n<p><strong><span>IETEICAMA PORCIJA DIENAS LIETO\u0160ANAI:<\/span><\/strong><br \/>1 kapsula 2 reizes dien\u0101 \u0113diena laik\u0101. <br \/><strong><span>Nep\u0101rsniegt ieteicamo dienas dozi.<\/span><\/strong><\/p>\n<hr\/>\n<p><strong><span>GLAB\u0100\u0160ANA: <\/span><\/strong><\/p>\n<p>Glab\u0101t saus\u0101 un v\u0113s\u0101, b\u0113rniem nepieejam\u0101 viet\u0101.<\/p>\n<p><span>NATURE&#8217;S SUNSHINE MUDINA VESEL\u012aGAM DZ\u012aVESVEIDAM.<\/span><br \/><span>Di\u0113tas bag\u0101tin\u0101t\u0101ji nevar b\u016bt lietoti k\u0101 diferenc\u0113tas di\u0113tas aizst\u0101j\u0113ji. Balans\u0113ta di\u0113ta un vesel\u012bgs dz\u012bvesveids ir organisma pareizas funkcion\u0113\u0161anas pamats.<\/span><\/p>\n<div>\u00a0<\/div>\n<div><\/div>\n<\/p><\/div>\n<\/p><\/div>\n","protected":false},"excerpt":{"rendered":"<p>Nature\u2019s Sunshine sojas lecit\u012bns &#8212; tas ir lielisks dietas bag\u0101tin\u0101t\u0101js izgatavots no dab\u012bgas sojas. Soja &#8212; p\u0101ksti\u0146u augs, paz\u012bstams \u0100zij\u0101 kop\u0161 5 t\u016bksto\u0161iem gadiem. Lietots farmakolo\u0123isku un p\u0101rtikas produktu izgatavo\u0161ana. Ir lielisks olbaltumvielas avots, t\u0101p\u0113c ve\u0123et\u0101rie\u0161i bie\u017ei to izmanto k\u0101 ga\u013cas ekvivalentu. Lecit\u012bns &#8212; tie ir tauki, kas atrodas cilv\u0113ka organisma visu \u0161\u016bnu audos. Ir \u013coti svar\u012bgs cilv\u0113ka organismam.<\/p>\n","protected":false},"featured_media":3970,"comment_status":"open","ping_status":"closed","template":"","meta":{"_kad_blocks_custom_css":"","_kad_blocks_head_custom_js":"","_kad_blocks_body_custom_js":"","_kad_blocks_footer_custom_js":"","_kadence_starter_templates_imported_post":false,"_swpsp_post_exclude":false,"_kad_post_transparent":"","_kad_post_title":"","_kad_post_layout":"","_kad_post_sidebar_id":"","_kad_post_content_style":"","_kad_post_vertical_padding":"","_kad_post_feature":"","_kad_post_feature_position":"","_kad_post_header":false,"_kad_post_footer":false,"_kad_post_classname":""},"product_brand":[],"product_cat":[40,36,46],"product_tag":[],"class_list":{"0":"post-4338","1":"product","2":"type-product","3":"status-publish","4":"has-post-thumbnail","6":"product_cat-asinsrites-sistema","7":"product_cat-dietiskas-piedevas","8":"product_cat-nervu-sistema","10":"first","11":"instock","12":"sale","13":"taxable","14":"shipping-taxable","15":"purchasable","16":"product-type-simple","17":"entry","18":"content-bg","19":"loop-entry"},"taxonomy_info":{"product_cat":[{"value":40,"label":"Asinsrites sist\u0113ma"},{"value":36,"label":"Di\u0113tisk\u0101s piedevas"},{"value":46,"label":"Nervu sist\u0113ma"}]},"featured_image_src_large":["https:\/\/veselibasskola.lv\/wp-content\/uploads\/2025\/11\/eb8bb0a26da630f96a426ceed0578f62-1024x1024.png",1024,1024,true],"author_info":[],"comment_info":0,"_links":{"self":[{"href":"https:\/\/veselibasskola.lv\/ru\/wp-json\/wp\/v2\/product\/4338","targetHints":{"allow":["GET"]}}],"collection":[{"href":"https:\/\/veselibasskola.lv\/ru\/wp-json\/wp\/v2\/product"}],"about":[{"href":"https:\/\/veselibasskola.lv\/ru\/wp-json\/wp\/v2\/types\/product"}],"replies":[{"embeddable":true,"href":"https:\/\/veselibasskola.lv\/ru\/wp-json\/wp\/v2\/comments?post=4338"}],"wp:featuredmedia":[{"embeddable":true,"href":"https:\/\/veselibasskola.lv\/ru\/wp-json\/wp\/v2\/media\/3970"}],"wp:attachment":[{"href":"https:\/\/veselibasskola.lv\/ru\/wp-json\/wp\/v2\/media?parent=4338"}],"wp:term":[{"taxonomy":"product_brand","embeddable":true,"href":"https:\/\/veselibasskola.lv\/ru\/wp-json\/wp\/v2\/product_brand?post=4338"},{"taxonomy":"product_cat","embeddable":true,"href":"https:\/\/veselibasskola.lv\/ru\/wp-json\/wp\/v2\/product_cat?post=4338"},{"taxonomy":"product_tag","embeddable":true,"href":"https:\/\/veselibasskola.lv\/ru\/wp-json\/wp\/v2\/product_tag?post=4338"}],"curies":[{"name":"wp","href":"https:\/\/api.w.org\/{rel}","templated":true}]}}