{"id":4339,"date":"2026-02-19T19:44:40","date_gmt":"2026-02-19T17:44:40","guid":{"rendered":"https:\/\/veselibasskola.lv\/?post_type=product&#038;p=4339"},"modified":"2026-02-19T19:44:43","modified_gmt":"2026-02-19T17:44:43","slug":"balts-eterisko-ellu-difuzors","status":"publish","type":"product","link":"https:\/\/veselibasskola.lv\/ru\/p\/balts-eterisko-ellu-difuzors\/","title":{"rendered":"Balts \u0113terisko e\u013c\u013cu difuzors"},"content":{"rendered":"\n<div>\n<div>\n<p><span><span><strong>AROMTERAPIJA<\/strong><\/span><\/span><\/p>\n<p><strong>Jauns elements holistiskaj\u0101 pieej\u0101 vesel\u012bbai<\/strong><span>:\u00a0<\/span><\/p>\n<ul>\n<li>Ide\u0101ls veids, k\u0101 atsl\u0113gties no ikdienas probl\u0113m\u0101m<\/li>\n<li>Ietekm\u0113 \u0137ermeni un pr\u0101tu.<\/li>\n<li>Ide\u0101ls uztura papildin\u0101jums.<\/li>\n<\/ul>\n<p><strong>IZMANTOJIET TIKAI TAM PAREDZ\u0112TO DIFUZORU<\/strong><\/p>\n<p>\u2022 Uzlabot\u0101 ultraska\u0146as tehnolo\u0123ija<\/p>\n<p>\u2022 Darba laika regul\u0113\u0161ana (60-180-360 min\u016btes)<\/p>\n<p>\u2022 Autom\u0101tisk\u0101 izsl\u0113g\u0161an\u0101s<\/p>\n<p>\u2022 LED apgaismojums<\/p>\n<p>\u2022 Darb\u012bbas plat\u012bba &#8212; l\u012bdz 30 kv. m.<\/p>\n<div>\u00a0<\/div>\n<div><\/div>\n<\/p><\/div>\n<\/p><\/div>\n","protected":false},"excerpt":{"rendered":"<p>AROMTERAPIJA Jauns elements holistiskaj\u0101 pieej\u0101 vesel\u012bbai:\u00a0 Ide\u0101ls veids, k\u0101 atsl\u0113gties no ikdienas probl\u0113m\u0101m Ietekm\u0113 \u0137ermeni un pr\u0101tu. Ide\u0101ls uztura papildin\u0101jums. IZMANTOJIET TIKAI TAM PAREDZ\u0112TO DIFUZORU \u2022 Uzlabot\u0101 ultraska\u0146as tehnolo\u0123ija \u2022 Darba laika regul\u0113\u0161ana (60-180-360 min\u016btes) \u2022 Autom\u0101tisk\u0101 izsl\u0113g\u0161an\u0101s \u2022 LED apgaismojums \u2022 Darb\u012bbas plat\u012bba &#8212; l\u012bdz 30 kv. m. \u00a0<\/p>\n","protected":false},"featured_media":2701,"comment_status":"open","ping_status":"closed","template":"","meta":{"_kad_blocks_custom_css":"","_kad_blocks_head_custom_js":"","_kad_blocks_body_custom_js":"","_kad_blocks_footer_custom_js":"","_kadence_starter_templates_imported_post":false,"_swpsp_post_exclude":false,"_kad_post_transparent":"","_kad_post_title":"","_kad_post_layout":"","_kad_post_sidebar_id":"","_kad_post_content_style":"","_kad_post_vertical_padding":"","_kad_post_feature":"","_kad_post_feature_position":"","_kad_post_header":false,"_kad_post_footer":false,"_kad_post_classname":""},"product_brand":[],"product_cat":[34],"product_tag":[],"class_list":{"0":"post-4339","1":"product","2":"type-product","3":"status-publish","4":"has-post-thumbnail","6":"product_cat-aksesuari","8":"first","9":"instock","10":"sale","11":"taxable","12":"shipping-taxable","13":"purchasable","14":"product-type-simple","15":"entry","16":"content-bg","17":"loop-entry"},"taxonomy_info":{"product_cat":[{"value":34,"label":"Aksesu\u0101ri"}]},"featured_image_src_large":["https:\/\/veselibasskola.lv\/wp-content\/uploads\/2023\/12\/fe1f8d81257d86a0982ba573779267a3.png",386,386,false],"author_info":[],"comment_info":0,"_links":{"self":[{"href":"https:\/\/veselibasskola.lv\/ru\/wp-json\/wp\/v2\/product\/4339","targetHints":{"allow":["GET"]}}],"collection":[{"href":"https:\/\/veselibasskola.lv\/ru\/wp-json\/wp\/v2\/product"}],"about":[{"href":"https:\/\/veselibasskola.lv\/ru\/wp-json\/wp\/v2\/types\/product"}],"replies":[{"embeddable":true,"href":"https:\/\/veselibasskola.lv\/ru\/wp-json\/wp\/v2\/comments?post=4339"}],"wp:featuredmedia":[{"embeddable":true,"href":"https:\/\/veselibasskola.lv\/ru\/wp-json\/wp\/v2\/media\/2701"}],"wp:attachment":[{"href":"https:\/\/veselibasskola.lv\/ru\/wp-json\/wp\/v2\/media?parent=4339"}],"wp:term":[{"taxonomy":"product_brand","embeddable":true,"href":"https:\/\/veselibasskola.lv\/ru\/wp-json\/wp\/v2\/product_brand?post=4339"},{"taxonomy":"product_cat","embeddable":true,"href":"https:\/\/veselibasskola.lv\/ru\/wp-json\/wp\/v2\/product_cat?post=4339"},{"taxonomy":"product_tag","embeddable":true,"href":"https:\/\/veselibasskola.lv\/ru\/wp-json\/wp\/v2\/product_tag?post=4339"}],"curies":[{"name":"wp","href":"https:\/\/api.w.org\/{rel}","templated":true}]}}