{"id":4340,"date":"2026-02-19T19:44:40","date_gmt":"2026-02-19T17:44:40","guid":{"rendered":"https:\/\/veselibasskola.lv\/?post_type=product&#038;p=4340"},"modified":"2026-02-19T19:44:44","modified_gmt":"2026-02-19T17:44:44","slug":"bacillus-coagulans-90-kaps","status":"publish","type":"product","link":"https:\/\/veselibasskola.lv\/ru\/p\/bacillus-coagulans-90-kaps\/","title":{"rendered":"Bacillus Coagulans (90 kaps.)"},"content":{"rendered":"\n<div>\n<div>\n<h1><span>BACILLUS COAGULANS<\/span><\/h1>\n<h4><span>UZTURA BAG\u0100TIN\u0100T\u0100JS<\/span><\/h4>\n<hr\/>\n<p>Produkts papildina ikdienas uzturu ar Bacillus coagulans (MTCC5856) bakt\u0113rij\u0101m, bag\u0101tinot zarnu bakt\u0113riju floru.\u00a0<\/p>\n<hr\/>\n<p><span><strong>SAST\u0100VS:<\/strong><br \/><\/span>Bakt\u0113rijas Bacillus coagulans, inul\u012bns, pretsalipes viela (tauksk\u0101bju magnija s\u0101\u013ci, sil\u012bcija dioks\u012bds), kapsulas apvalks (hidroksipropilmetilceluloze)<\/p>\n<hr\/>\n<p><span><strong>SVAR\u012aGAS SAST\u0100VDA\u013bAS:<\/strong><\/span><br \/>Saturs 3 kapsul\u0101s (dienas deva):<br \/>Bakt\u0113rijas:<br \/>Bacillus coagulans&#8230;&#8230;&#8230;&#8230;&#8230;&#8230;&#8230;&#8230;&#8230;&#8230;&#8230;.3 miljardi CFU*\u00a0<br \/>Inul\u012bns&#8230;&#8230;&#8230;&#8230;&#8230;&#8230;&#8230;&#8230;&#8230;&#8230;&#8230;&#8230;&#8230;&#8230;&#8230;&#8230;&#8230;&#8230;810 mg<br \/>*Colony Forming Unit\u00a0\u2013 koloniju veidojo\u0161\u0101 vien\u012bba<\/br><\/br><\/br><\/p>\n<hr\/>\n<p><span><strong>IETEICAMA PORCIJA DIENAS LIETO\u0160ANAI:\u00a0<\/strong><\/span><\/p>\n<p><span>Lietot 3 kapsulas dien\u0101 \u0113diena laik\u0101.<\/span><\/p>\n<p>Kapsulas saturu var pievienot ar\u012b p\u0101rtikai vai dz\u0113rieniem.<\/p>\n<p>Nep\u0101rsniegt ieteicamo dienas dozi!<\/p>\n<hr\/>\n<p>Glab\u0101t v\u0113s\u0101 un saus\u0101, maziem b\u0113rniem nepieejam\u0101 viet\u0101. Nav nepiecie\u0161ama glab\u0101\u0161ana ledusskap\u012b.<\/p>\n<hr\/>\n<p><span>Nature\u2019s Sunshine mudina iev\u0113rot vesel\u012bga dz\u012bvesveida principus. Uztura bag\u0101tin\u0101t\u0101ji nevar b\u016bt lietoti k\u0101 diferenc\u0113tas di\u0113tas aizst\u0101j\u0113ji. Balans\u0113ta di\u0113ta un vesels dz\u012bvesveids ir organisma pareizas funkcion\u0113\u0161anas pamats.<\/span><\/p>\n<p>\u00a0<\/p>\n<div><\/div>\n<\/p><\/div>\n<\/p><\/div>\n","protected":false},"excerpt":{"rendered":"<p>Produkts papildina ikdienas uzturu ar Bacillus coagulans (MTCC5856) bakt\u0113rij\u0101m, bag\u0101tinot zarnu bakt\u0113riju floru.<\/p>\n","protected":false},"featured_media":3942,"comment_status":"open","ping_status":"closed","template":"","meta":{"_kad_blocks_custom_css":"","_kad_blocks_head_custom_js":"","_kad_blocks_body_custom_js":"","_kad_blocks_footer_custom_js":"","_kadence_starter_templates_imported_post":false,"_swpsp_post_exclude":false,"_kad_post_transparent":"","_kad_post_title":"","_kad_post_layout":"","_kad_post_sidebar_id":"","_kad_post_content_style":"","_kad_post_vertical_padding":"","_kad_post_feature":"","_kad_post_feature_position":"","_kad_post_header":false,"_kad_post_footer":false,"_kad_post_classname":""},"product_brand":[],"product_cat":[36,39],"product_tag":[],"class_list":{"0":"post-4340","1":"product","2":"type-product","3":"status-publish","4":"has-post-thumbnail","6":"product_cat-dietiskas-piedevas","7":"product_cat-gremosanas-sistema","9":"first","10":"instock","11":"sale","12":"taxable","13":"shipping-taxable","14":"purchasable","15":"product-type-simple","16":"entry","17":"content-bg","18":"loop-entry"},"taxonomy_info":{"product_cat":[{"value":36,"label":"Di\u0113tisk\u0101s piedevas"},{"value":39,"label":"Gremo\u0161anas sist\u0113ma"}]},"featured_image_src_large":["https:\/\/veselibasskola.lv\/wp-content\/uploads\/2025\/11\/b2ed3eaadb361d8f786173dc541d44d4-1024x1024.png",1024,1024,true],"author_info":[],"comment_info":0,"_links":{"self":[{"href":"https:\/\/veselibasskola.lv\/ru\/wp-json\/wp\/v2\/product\/4340","targetHints":{"allow":["GET"]}}],"collection":[{"href":"https:\/\/veselibasskola.lv\/ru\/wp-json\/wp\/v2\/product"}],"about":[{"href":"https:\/\/veselibasskola.lv\/ru\/wp-json\/wp\/v2\/types\/product"}],"replies":[{"embeddable":true,"href":"https:\/\/veselibasskola.lv\/ru\/wp-json\/wp\/v2\/comments?post=4340"}],"wp:featuredmedia":[{"embeddable":true,"href":"https:\/\/veselibasskola.lv\/ru\/wp-json\/wp\/v2\/media\/3942"}],"wp:attachment":[{"href":"https:\/\/veselibasskola.lv\/ru\/wp-json\/wp\/v2\/media?parent=4340"}],"wp:term":[{"taxonomy":"product_brand","embeddable":true,"href":"https:\/\/veselibasskola.lv\/ru\/wp-json\/wp\/v2\/product_brand?post=4340"},{"taxonomy":"product_cat","embeddable":true,"href":"https:\/\/veselibasskola.lv\/ru\/wp-json\/wp\/v2\/product_cat?post=4340"},{"taxonomy":"product_tag","embeddable":true,"href":"https:\/\/veselibasskola.lv\/ru\/wp-json\/wp\/v2\/product_tag?post=4340"}],"curies":[{"name":"wp","href":"https:\/\/api.w.org\/{rel}","templated":true}]}}