{"id":4341,"date":"2026-02-19T19:44:40","date_gmt":"2026-02-19T17:44:40","guid":{"rendered":"https:\/\/veselibasskola.lv\/?post_type=product&#038;p=4341"},"modified":"2026-02-19T19:44:44","modified_gmt":"2026-02-19T17:44:44","slug":"pro-kardio-komplekts","status":"publish","type":"product","link":"https:\/\/veselibasskola.lv\/ru\/p\/pro-kardio-komplekts\/","title":{"rendered":"Pro Kardio Komplekts"},"content":{"rendered":"\n<div>\n<div>\n<p>Par\u016bp\u0113jieties par sirdi<\/p>\n<p>Komplekts Pro Cardio ir izstr\u0101d\u0101ts sirds un asinsvadu vesel\u012bbai. Tas ietver bag\u0101tin\u0101t\u0101jus, kas rad\u012bti ar visliel\u0101ko r\u016bp\u012bbu, ir p\u0101rbaud\u012bti un efekt\u012bvi. T\u0101 sast\u0101vda\u013cu kombin\u0101cija nodro\u0161in\u0101s optim\u0101lus rezult\u0101tus j\u016bsu sirdij.<\/p>\n<p>Sekojiet savai sirdij!<\/p>\n<p><strong>Super Omega 3 EPA<\/strong> papildina j\u016bsu uzturu ar EPA un DHA tauksk\u0101b\u0113m, kas pal\u012bdz nodro\u0161in\u0101t norm\u0101lu sirdsdarb\u012bbu. Ietekme ir j\u016btama ar\u012b tad, ja tiek pat\u0113r\u0113ti tikai 250 mg \u0161o sk\u0101bju.<\/p>\n<p>Tradicion\u0101li<strong> Eiropas ol\u012bvu izmanto<\/strong> asinsrites un asinsvadu spiediena uzlabo\u0161anai.<\/p>\n<p><strong>Magnijs <\/strong>piedal\u0101s simtiem fermentu reakcij\u0101s m\u016bsu \u0137ermen\u012b un ir ar\u012b viens no sirdij vissvar\u012bg\u0101kajiem met\u0101liem.<\/p>\n<p><strong>CoQ10<\/strong> ir viens no m\u016bsu iecien\u012bt\u0101kajiem produktiem ASV klientu vid\u016b. Katra kapsula satur pat 100 mg koenz\u012bma Q10! Koenz\u012bms Q10 ir savienojums, kas atrodas katr\u0101 cilv\u0113ka \u0137erme\u0146a \u0161\u016bn\u0101, kur ir atbild\u012bgs par atbilsto\u0161u ener\u0123ijas veido\u0161anu mitohondrij\u0101s. Sakar\u0101 ar to, ka CoQ10 vislab\u0101k pie\u0146emt kop\u0101 ar vesel\u012bgajiem taukiem, m\u016bs\u0113jais ir novietots kapsul\u0101, kas pild\u012bta ar pirm\u0101 spieduma ol\u012bve\u013c\u013cu, lai nodro\u0161in\u0101tu lab\u0101ku uzs\u016bk\u0161anu.<\/p>\n<p><strong>Blood Pressurex<\/strong> ir izstr\u0101d\u0101ts, lai efekt\u012bvi atbalst\u012btu sirds un asinsvadu vesel\u012bbu. Atsl\u0113ga<br \/>Sast\u0101vda\u013cas ir v\u012bnogu s\u0113klu ekstrakti, vilk\u0101bele\u0146u aug\u013cu ekstrakti, n\u0101tru ekstrakti un L-argin\u012bns.<\/br><\/p>\n<hr\/>\n<p><strong>Komplekts ietver:\u00a0<\/strong><br \/>CoQ10<br \/>Ol\u012bvkoka lapu ekstrakts<br \/>Magnijs<br \/>2 x Super Omega 3 EPA<br \/>Blood Pressurex<\/br><\/br><\/br><\/p>\n<p><strong>Ieteicam\u0101 lieto\u0161ana:\u00a0<br \/><\/strong>Visus komplekt\u0101 iek\u013cautos produktus lietojiet saska\u0146\u0101 ar nor\u0101d\u0113m uz eti\u0137et\u0113m.\u00a0<\/p>\n<hr\/>\n<p><span><strong>AKCIJA!\u00a0<br \/><\/strong><\/span><strong>Ieg\u0101d\u0101joties komplektu Pro Cardio, sa\u0146emiet 25% atlaidi produktam Zambroza vai Lecithin.<\/strong><\/p>\n<hr\/>\n<p><span><em>Uztura bag\u0101tin\u0101t\u0101jus nav paredz\u0113ts lietot pilnv\u0113rt\u012bga uztura aizst\u0101\u0161anai. Sabalans\u0113ts uzturs un vesel\u012bgs dz\u012bvesveids ir vesel\u012bga \u0137erme\u0146a pamats.<\/em><\/span><\/p>\n<p><\/p>\n<div><\/div>\n<\/p><\/div>\n<\/p><\/div>\n","protected":false},"excerpt":{"rendered":"<p>Par\u016bp\u0113jieties par sirdi Komplekts Pro Cardio ir izstr\u0101d\u0101ts sirds un asinsvadu vesel\u012bbai. Tas ietver bag\u0101tin\u0101t\u0101jus, kas rad\u012bti ar visliel\u0101ko r\u016bp\u012bbu, ir p\u0101rbaud\u012bti un efekt\u012bvi. T\u0101 sast\u0101vda\u013cu kombin\u0101cija nodro\u0161in\u0101s optim\u0101lus rezult\u0101tus j\u016bsu sirdij. Sekojiet savai sirdij! Super Omega 3 EPA papildina j\u016bsu uzturu ar EPA un DHA tauksk\u0101b\u0113m, kas pal\u012bdz nodro\u0161in\u0101t norm\u0101lu sirdsdarb\u012bbu. Ietekme ir j\u016btama&#8230;<\/p>\n","protected":false},"featured_media":4072,"comment_status":"open","ping_status":"closed","template":"","meta":{"_kad_blocks_custom_css":"","_kad_blocks_head_custom_js":"","_kad_blocks_body_custom_js":"","_kad_blocks_footer_custom_js":"","_kadence_starter_templates_imported_post":false,"_swpsp_post_exclude":false,"_kad_post_transparent":"","_kad_post_title":"","_kad_post_layout":"","_kad_post_sidebar_id":"","_kad_post_content_style":"","_kad_post_vertical_padding":"","_kad_post_feature":"","_kad_post_feature_position":"","_kad_post_header":false,"_kad_post_footer":false,"_kad_post_classname":""},"product_brand":[],"product_cat":[35],"product_tag":[],"class_list":{"0":"post-4341","1":"product","2":"type-product","3":"status-publish","4":"has-post-thumbnail","6":"product_cat-komplekti","8":"first","9":"instock","10":"sale","11":"taxable","12":"shipping-taxable","13":"purchasable","14":"product-type-simple","15":"entry","16":"content-bg","17":"loop-entry"},"taxonomy_info":{"product_cat":[{"value":35,"label":"Komplekti"}]},"featured_image_src_large":["https:\/\/veselibasskola.lv\/wp-content\/uploads\/2025\/11\/276c0c2c62df6a397a2b7f01c53df87d-1024x1024.png",1024,1024,true],"author_info":[],"comment_info":0,"_links":{"self":[{"href":"https:\/\/veselibasskola.lv\/ru\/wp-json\/wp\/v2\/product\/4341","targetHints":{"allow":["GET"]}}],"collection":[{"href":"https:\/\/veselibasskola.lv\/ru\/wp-json\/wp\/v2\/product"}],"about":[{"href":"https:\/\/veselibasskola.lv\/ru\/wp-json\/wp\/v2\/types\/product"}],"replies":[{"embeddable":true,"href":"https:\/\/veselibasskola.lv\/ru\/wp-json\/wp\/v2\/comments?post=4341"}],"wp:featuredmedia":[{"embeddable":true,"href":"https:\/\/veselibasskola.lv\/ru\/wp-json\/wp\/v2\/media\/4072"}],"wp:attachment":[{"href":"https:\/\/veselibasskola.lv\/ru\/wp-json\/wp\/v2\/media?parent=4341"}],"wp:term":[{"taxonomy":"product_brand","embeddable":true,"href":"https:\/\/veselibasskola.lv\/ru\/wp-json\/wp\/v2\/product_brand?post=4341"},{"taxonomy":"product_cat","embeddable":true,"href":"https:\/\/veselibasskola.lv\/ru\/wp-json\/wp\/v2\/product_cat?post=4341"},{"taxonomy":"product_tag","embeddable":true,"href":"https:\/\/veselibasskola.lv\/ru\/wp-json\/wp\/v2\/product_tag?post=4341"}],"curies":[{"name":"wp","href":"https:\/\/api.w.org\/{rel}","templated":true}]}}