{"id":4342,"date":"2026-02-19T19:44:40","date_gmt":"2026-02-19T17:44:40","guid":{"rendered":"https:\/\/veselibasskola.lv\/?post_type=product&#038;p=4342"},"modified":"2026-02-19T19:44:44","modified_gmt":"2026-02-19T17:44:44","slug":"ginkgo-hawthorn-100-kaps","status":"publish","type":"product","link":"https:\/\/veselibasskola.lv\/ru\/p\/ginkgo-hawthorn-100-kaps\/","title":{"rendered":"Ginkgo &#038; Hawthorn (100 kaps.)"},"content":{"rendered":"\n<div>\n<div>\n<p><span><strong>GINKGO &amp; HAWTHORN \u2013 GINKS un VILK\u0100BELE<\/strong><\/span><\/p>\n<p>UZTURA BAG\u0100TIN\u0100T\u0100JS<\/p>\n<p>Dabisks atbalsts smadze\u0146u, redzes, dzirdes un atmi\u0146as vesel\u012bbai? Ginkgo &amp; Hawthorn ir \u012bpa\u0161s uztura bag\u0101tin\u0101t\u0101js, kas izstr\u0101d\u0101ts tie\u0161i vec\u0101ka gadag\u0101juma cilv\u0113kiem, kuri joproj\u0101m ir akt\u012bvi darba tirg\u016b un kuriem r\u016bp optim\u0101la kognit\u012bvo procesu un labsaj\u016btas uztur\u0113\u0161ana.<\/p>\n<p>Ginkgo &amp; Hawthorn galven\u0101s sast\u0101vda\u013cas:<\/p>\n<p><strong>Ginks<\/strong>: paz\u012bstams ar\u012b k\u0101 divdaivu ginks (Ginkgo biloba). Ginks ir \u0101rstniec\u012bbas augs ar ilgu medic\u012bniskas lieto\u0161anas v\u0113sturi. Tas satur dabiskas akt\u012bv\u0101s sast\u0101vda\u013cas, t\u0101das k\u0101 flavono\u012bdi un terpeno\u012bdi, kas uzlabo visa organisma asinsapg\u0101di, jo \u012bpa\u0161i galvas smadze\u0146u asinsriti. Tie\u0161i galvas smadze\u0146u asinsritei ir galven\u0101 loma sk\u0101bek\u013ca un bar\u012bbas vielu nodro\u0161in\u0101\u0161an\u0101 smadzen\u0113m, lai veicin\u0101tu t\u0101s pareizu darb\u012bbu. Pat\u012bkami.<\/p>\n<p><strong>Vilk\u0101bele<\/strong>: augs ir paz\u012bstams ar sav\u0101m sirdsdarb\u012bbas un asinsrites sist\u0113mas vesel\u012bbu uzlabojo\u0161aj\u0101m \u012bpa\u0161\u012bb\u0101m. Vilk\u0101bele satur flavono\u012bdus un fenolsk\u0101bes, kas pal\u012bdz uztur\u0113t pareizu sirdsdarb\u012bbu, vesel\u012bgu asinsriti un justies labi. Vilk\u0101beles nomierino\u0161\u0101 iedarb\u012bba var pal\u012bdz\u0113t samazin\u0101t stresu un uzlabot visp\u0101r\u0113jo emocion\u0101lo komfortu.<\/p>\n<p><strong>K\u0101 tas darbojas?<\/strong><\/p>\n<p><strong>Smadzenes:<\/strong> Ginkgo biloba (ginks) pal\u012bdz uztur\u0113t pareizu smadze\u0146u darb\u012bbu gados vec\u0101kiem cilv\u0113kiem, uzlabojot kognit\u012bvo procesu darb\u012bbu.<\/p>\n<p><strong>Redze un dzirde:<\/strong> Ginkgo &amp; Hawthorn satur ginku, kas veicina redzes un dzirdes vesel\u012bbu, pozit\u012bvi ietekm\u0113jot asinsriti.<\/p>\n<p><strong>Atmi\u0146a:<\/strong> Ginkgo biloba stiprina atmi\u0146u, \u012bpa\u0161i gados vec\u0101kiem cilv\u0113kiem.<\/p>\n<p>Izv\u0113lieties Ginkgo &amp; Hawthorn (Ginks un Vilk\u0101bele) &#8212; dabisks atbalsts pareizai smadze\u0146u, redzes, dzirdes un atmi\u0146as darb\u012bbai. Par\u016bp\u0113jieties par savu vesel\u012bbu un labsaj\u016btu neatkar\u012bgi no vecuma.<\/p>\n<p><strong>GALVEN\u0100S SAST\u0100VDA\u013bAS: <\/strong><\/p>\n<table>\n<tbody>\n<tr>\n<td>\n<p>Akt\u012bv\u0101s vielas:<\/p>\n<\/td>\n<td>\n<p>Diennakts deva<br \/> (3 kapsulas)<\/br><\/p>\n<\/td>\n<\/tr>\n<tr>\n<td>\n<p>Vilk\u0101beles aug\u013cu pulveris<br \/> <em>(Crataegus spp.)<\/em><\/br><\/p>\n<\/td>\n<td>\n<p> 2475 mg<\/br><\/p>\n<\/td>\n<\/tr>\n<tr>\n<td>\n<p>Divdaivu ginka lapu pulveris<br \/> <em>(Ginkgo biloba)<\/em><\/br><\/p>\n<\/td>\n<td>\n<p>900 mg<\/p>\n<\/td>\n<\/tr>\n<tr>\n<td>\n<p>Divdaivu ginka lapu ekstrakta pulveris<\/p>\n<p><em>(Ginkgo biloba),<\/em><\/p>\n<\/td>\n<td>\n<p>450 mg<\/p>\n<\/td>\n<\/tr>\n<tr>\n<td>\n<p>Eiropas ol\u012bvkoka lapu ekstrakta pulveris<br \/> <em>(Olea europaea)<\/em><\/p>\n<\/td>\n<td>\n<p>90 mg<\/p>\n<\/td>\n<\/tr>\n<\/tbody>\n<\/table>\n<p><strong>SAST\u0100VS:<\/strong><br \/> Vilk\u0101beles aug\u013cu pulveris <em>(Crataegus spp.),<\/em> divdaivu ginka lapu pulveris <em>(Ginkgo biloba),<\/em> kapsulas apvalks (\u017eelat\u012bns), divdaivu ginka lapu ekstrakta pulveris <em>(Ginkgo biloba),<\/em> Eiropas ol\u012bvkoka lapu ekstrakta pulveris <em>(Olea europaea).<\/em><\/p>\n<p><strong>IETEICAM\u0100 DIENNAKTS DEVA<\/strong><strong>:<\/strong><br \/> 1 kapsula 3 reizes dien\u0101 \u0113\u0161anas laik\u0101.<\/p>\n<p>Nep\u0101rsniedziet ieteicamo diennakts devu! Pirms medikamentu lieto\u0161anas konsult\u0113jieties ar \u0101rstu vai farmaceitu. Neizmantojiet uztura bag\u0101tin\u0101t\u0101ju k\u0101 pilnv\u0113rt\u012bga un sabalans\u0113ta uztura aizvietot\u0101ju.<\/p>\n<p>Pudele ir plomb\u0113ta. Nelietojiet, ja plomba ir boj\u0101ta vai tr\u016bkst. Ieteicams izlietot l\u012bdz (m\u0113nesis\/gads), Partijas numurs: sk. iepakojuma apak\u0161pus\u0113. Uzglab\u0101\u0161anas nosac\u012bjumi: Uzglab\u0101t v\u0113s\u0101, saus\u0101, b\u0113rniem neredzam\u0101 un nepieejam\u0101 viet\u0101!<\/p>\n<hr\/>\n<p><span>NATURE&#8217;S SUNSHINE MUDINA VESEL\u012aGAM DZ\u012aVESVEIDAM.<\/span><br \/><span>Di\u0113tas bag\u0101tin\u0101t\u0101ji nevar b\u016bt lietoti k\u0101 diferenc\u0113tas di\u0113tas aizst\u0101j\u0113ji. Balans\u0113ta di\u0113ta un vesel\u012bgs dz\u012bvesveids ir organisma pareizas funkcion\u0113\u0161anas pamats.<\/span><\/p>\n<div><\/div>\n<\/p><\/div>\n<\/p><\/div>\n","protected":false},"excerpt":{"rendered":"<p>Dabisks atbalsts smadze\u0146u, redzes, dzirdes un atmi\u0146as vesel\u012bbai? Ginkgo &#038; Hawthorn ir \u012bpa\u0161s uztura bag\u0101tin\u0101t\u0101js, kas izstr\u0101d\u0101ts tie\u0161i vec\u0101ka gadag\u0101juma cilv\u0113kiem, kuri joproj\u0101m ir akt\u012bvi darba tirg\u016b un kuriem r\u016bp optim\u0101la kognit\u012bvo procesu un labsaj\u016btas uztur\u0113\u0161ana.<\/p>\n","protected":false},"featured_media":4086,"comment_status":"open","ping_status":"closed","template":"","meta":{"_kad_blocks_custom_css":"","_kad_blocks_head_custom_js":"","_kad_blocks_body_custom_js":"","_kad_blocks_footer_custom_js":"","_kadence_starter_templates_imported_post":false,"_swpsp_post_exclude":false,"_kad_post_transparent":"","_kad_post_title":"","_kad_post_layout":"","_kad_post_sidebar_id":"","_kad_post_content_style":"","_kad_post_vertical_padding":"","_kad_post_feature":"","_kad_post_feature_position":"","_kad_post_header":false,"_kad_post_footer":false,"_kad_post_classname":""},"product_brand":[],"product_cat":[36],"product_tag":[],"class_list":{"0":"post-4342","1":"product","2":"type-product","3":"status-publish","4":"has-post-thumbnail","6":"product_cat-dietiskas-piedevas","8":"first","9":"instock","10":"sale","11":"taxable","12":"shipping-taxable","13":"purchasable","14":"product-type-simple","15":"entry","16":"content-bg","17":"loop-entry"},"taxonomy_info":{"product_cat":[{"value":36,"label":"Di\u0113tisk\u0101s piedevas"}]},"featured_image_src_large":["https:\/\/veselibasskola.lv\/wp-content\/uploads\/2025\/11\/865a35c46379c54252ecf164d55d301c-1024x1024.png",1024,1024,true],"author_info":[],"comment_info":0,"_links":{"self":[{"href":"https:\/\/veselibasskola.lv\/ru\/wp-json\/wp\/v2\/product\/4342","targetHints":{"allow":["GET"]}}],"collection":[{"href":"https:\/\/veselibasskola.lv\/ru\/wp-json\/wp\/v2\/product"}],"about":[{"href":"https:\/\/veselibasskola.lv\/ru\/wp-json\/wp\/v2\/types\/product"}],"replies":[{"embeddable":true,"href":"https:\/\/veselibasskola.lv\/ru\/wp-json\/wp\/v2\/comments?post=4342"}],"wp:featuredmedia":[{"embeddable":true,"href":"https:\/\/veselibasskola.lv\/ru\/wp-json\/wp\/v2\/media\/4086"}],"wp:attachment":[{"href":"https:\/\/veselibasskola.lv\/ru\/wp-json\/wp\/v2\/media?parent=4342"}],"wp:term":[{"taxonomy":"product_brand","embeddable":true,"href":"https:\/\/veselibasskola.lv\/ru\/wp-json\/wp\/v2\/product_brand?post=4342"},{"taxonomy":"product_cat","embeddable":true,"href":"https:\/\/veselibasskola.lv\/ru\/wp-json\/wp\/v2\/product_cat?post=4342"},{"taxonomy":"product_tag","embeddable":true,"href":"https:\/\/veselibasskola.lv\/ru\/wp-json\/wp\/v2\/product_tag?post=4342"}],"curies":[{"name":"wp","href":"https:\/\/api.w.org\/{rel}","templated":true}]}}